{"id":42401,"date":"2025-07-22T13:21:58","date_gmt":"2025-07-22T17:21:58","guid":{"rendered":"https:\/\/ipmcmed.com\/health-clinic\/alexis-mincer\/"},"modified":"2025-07-22T14:33:49","modified_gmt":"2025-07-22T18:33:49","slug":"alexis-mincer","status":"publish","type":"page","link":"https:\/\/ipmcmed.com\/es\/health-clinic\/alexis-mincer\/","title":{"rendered":"Alexis Mincer"},"content":{"rendered":"\t\t<div data-elementor-type=\"wp-page\" data-elementor-id=\"42401\" class=\"elementor elementor-42401\" data-elementor-post-type=\"page\">\n\t\t\t\t<div class=\"elementor-element elementor-element-fce38b7 e-con-full e-flex e-con e-parent\" data-id=\"fce38b7\" data-element_type=\"container\">\n\t\t<div class=\"elementor-element elementor-element-6a89215 e-flex e-con-boxed e-con e-child\" data-id=\"6a89215\" data-element_type=\"container\">\n\t\t\t\t\t<div class=\"e-con-inner\">\n\t\t<div class=\"elementor-element elementor-element-37c4d34 e-con-full e-flex e-con e-child\" data-id=\"37c4d34\" data-element_type=\"container\">\n\t\t\t\t<div class=\"elementor-element elementor-element-0cb852a content-align-right the7-hover-visibility-disabled preserve-img-ratio-cover transform-overlay-yes exceeding-frame-yes elementor-widget elementor-widget-the7-image-widget\" data-id=\"0cb852a\" data-element_type=\"widget\" data-settings=\"{&quot;hover_visibility&quot;:&quot;disabled&quot;}\" data-widget_type=\"the7-image-widget.default\">\n\t\t\t\t<div class=\"elementor-widget-container\">\n\t\t\t\t\t<div class=\"the7-image-container\"><div class=\"the7-image-wrapper the7-elementor-widget the7-transform-container\"><div class=\"post-thumbnail-rollover layzr-bg img-css-resize-wrapper\"><img fetchpriority=\"high\" decoding=\"async\" width=\"1000\" height=\"1000\" src=\"data:image\/svg+xml,%3Csvg%20xmlns%3D&#039;http%3A%2F%2Fwww.w3.org%2F2000%2Fsvg&#039;%20viewBox%3D&#039;0%200%201000%201000&#039;%2F%3E\" class=\"attachment-full size-full preload-me aspect lazy lazy-load\" alt=\"Alexis Brooke Mincer, PA-C\" sizes=\"(max-width: 1000px) 100vw, 1000px\" style=\"--ratio: 1000 \/ 1000;\" data-src=\"https:\/\/ipmcmed.com\/wp-content\/uploads\/2025\/07\/alexis-brooke-mincer.jpg\" loading=\"eager\" data-srcset=\"https:\/\/ipmcmed.com\/wp-content\/uploads\/2025\/07\/alexis-brooke-mincer.jpg 1000w, https:\/\/ipmcmed.com\/wp-content\/uploads\/2025\/07\/alexis-brooke-mincer-300x300.jpg 300w, https:\/\/ipmcmed.com\/wp-content\/uploads\/2025\/07\/alexis-brooke-mincer-150x150.jpg 150w, https:\/\/ipmcmed.com\/wp-content\/uploads\/2025\/07\/alexis-brooke-mincer-768x768.jpg 768w\" \/><\/div><\/div><\/div>\t\t\t\t<\/div>\n\t\t\t\t<\/div>\n\t\t\t\t<\/div>\n\t\t<div class=\"elementor-element elementor-element-ade6fd2 e-con-full e-flex e-con e-child\" data-id=\"ade6fd2\" data-element_type=\"container\">\n\t\t\t\t<div class=\"elementor-element elementor-element-1dfe0d7 elementor-widget elementor-widget-the7-heading\" data-id=\"1dfe0d7\" data-element_type=\"widget\" data-widget_type=\"the7-heading.default\">\n\t\t\t\t<div class=\"elementor-widget-container\">\n\t\t\t\t\t<h2 class=\"the7-heading-title elementor-size-default\">Directora de la Cl\u00ednica de Salud<\/h2>\t\t\t\t<\/div>\n\t\t\t\t<\/div>\n\t\t\t\t<div class=\"elementor-element elementor-element-224f6d2 elementor-widget-tablet__width-inherit elementor-widget elementor-widget-text-editor\" data-id=\"224f6d2\" data-element_type=\"widget\" data-widget_type=\"text-editor.default\">\n\t\t\t\t<div class=\"elementor-widget-container\">\n\t\t\t\t\t\t\t\t\t<h2 data-start=\"141\" data-end=\"172\">Alexis Brooke Mincer, PA-C<\/h2>\t\t\t\t\t\t\t\t<\/div>\n\t\t\t\t<\/div>\n\t\t\t\t<div class=\"elementor-element elementor-element-1760465 elementor-widget-tablet__width-inherit elementor-widget elementor-widget-text-editor\" data-id=\"1760465\" data-element_type=\"widget\" data-widget_type=\"text-editor.default\">\n\t\t\t\t<div class=\"elementor-widget-container\">\n\t\t\t\t\t\t\t\t\t<p data-start=\"254\" data-end=\"554\">Alexis Brooke Mincer, PA-C, es la Directora de la Cl\u00ednica de Salud en IPMC, con m\u00e1s de una d\u00e9cada de experiencia cl\u00ednica y un firme compromiso con la atenci\u00f3n centrada en el paciente. Es asistente m\u00e9dica certificada con formaci\u00f3n en medicina de emergencia, cirug\u00eda ortop\u00e9dica y atenci\u00f3n de urgencias.<\/p><p data-start=\"556\" data-end=\"910\">Alexis obtuvo su Licenciatura en Ciencias en Guilford College y posteriormente recibi\u00f3 su Maestr\u00eda en Ciencias de la Salud en Estudios de Asistente M\u00e9dico en la Universidad de Drexel. Desde que se certific\u00f3 en 2012, ha dedicado su carrera a brindar servicios m\u00e9dicos de alta calidad en diversos entornos cl\u00ednicos, a menudo en situaciones de alta presi\u00f3n.<\/p><p data-start=\"912\" data-end=\"1167\">Es reconocida no solo por su experiencia m\u00e9dica, sino tambi\u00e9n por su enfoque compasivo y completo hacia la atenci\u00f3n m\u00e9dica. Lidera la Cl\u00ednica de Salud de IPMC con un fuerte enfoque en la accesibilidad, el tratamiento personalizado y la excelencia cl\u00ednica.<\/p><p data-start=\"1169\" data-end=\"1451\">Fuera del \u00e1mbito profesional, Alexis disfruta de una vida plena en su peque\u00f1a finca en el \u00e1rea de Filadelfia junto a su esposo, sus dos hijos, su perro, su gato, abejas y gallinas. Tambi\u00e9n tiene una gran pasi\u00f3n por la m\u00fasica, y en su tiempo libre toca el piano, la guitarra y canta.<\/p><p data-start=\"1453\" data-end=\"1635\">Alexis Mincer ejemplifica el equilibrio entre la excelencia profesional y la realizaci\u00f3n personal, lo que la convierte en una l\u00edder confiable y un miembro valioso del equipo de IPMC.<\/p>\t\t\t\t\t\t\t\t<\/div>\n\t\t\t\t<\/div>\n\t\t\t\t<\/div>\n\t\t\t\t\t<\/div>\n\t\t\t\t<\/div>\n\t\t\t\t<\/div>\n\t\t\t\t<\/div>\n\t\t","protected":false},"excerpt":{"rendered":"<p>Directora de la Cl\u00ednica de Salud Alexis Brooke Mincer, PA-C Alexis Brooke Mincer, PA-C, es la Directora de la Cl\u00ednica de Salud en IPMC, con m\u00e1s de una d\u00e9cada de experiencia cl\u00ednica y un firme compromiso con la atenci\u00f3n centrada en el paciente. Es asistente m\u00e9dica certificada con formaci\u00f3n en medicina de emergencia, cirug\u00eda ortop\u00e9dica&hellip;<\/p>\n","protected":false},"author":2,"featured_media":42389,"parent":40098,"menu_order":3,"comment_status":"closed","ping_status":"closed","template":"","meta":{"footnotes":""},"class_list":["post-42401","page","type-page","status-publish","has-post-thumbnail","hentry"],"yoast_head":"<!-- This site is optimized with the Yoast SEO plugin v25.4 - https:\/\/yoast.com\/wordpress\/plugins\/seo\/ -->\n<title>Alexis Mincer - IPMC - Independent Physicians Medical Center<\/title>\n<meta name=\"robots\" content=\"index, follow, max-snippet:-1, max-image-preview:large, max-video-preview:-1\" \/>\n<link rel=\"canonical\" href=\"https:\/\/ipmcmed.com\/es\/health-clinic\/alexis-mincer\/\" \/>\n<meta property=\"og:locale\" content=\"es_ES\" \/>\n<meta property=\"og:type\" content=\"article\" \/>\n<meta property=\"og:title\" content=\"Alexis Mincer - IPMC - Independent Physicians Medical Center\" \/>\n<meta property=\"og:description\" content=\"Directora de la Cl\u00ednica de Salud Alexis Brooke Mincer, PA-C Alexis Brooke Mincer, PA-C, es la Directora de la Cl\u00ednica de Salud en IPMC, con m\u00e1s de una d\u00e9cada de experiencia cl\u00ednica y un firme compromiso con la atenci\u00f3n centrada en el paciente. Es asistente m\u00e9dica certificada con formaci\u00f3n en medicina de emergencia, cirug\u00eda ortop\u00e9dica&hellip;\" \/>\n<meta property=\"og:url\" content=\"https:\/\/ipmcmed.com\/es\/health-clinic\/alexis-mincer\/\" \/>\n<meta property=\"og:site_name\" content=\"IPMC - Independent Physicians Medical Center\" \/>\n<meta property=\"article:modified_time\" content=\"2025-07-22T18:33:49+00:00\" \/>\n<meta property=\"og:image\" content=\"https:\/\/ipmcmed.com\/wp-content\/uploads\/2025\/07\/alexis-brooke-mincer.jpg\" \/>\n\t<meta property=\"og:image:width\" content=\"1000\" \/>\n\t<meta property=\"og:image:height\" content=\"1000\" \/>\n\t<meta property=\"og:image:type\" content=\"image\/jpeg\" \/>\n<meta name=\"twitter:card\" content=\"summary_large_image\" \/>\n<meta name=\"twitter:label1\" content=\"Tiempo de lectura\" \/>\n\t<meta name=\"twitter:data1\" content=\"2 minutos\" \/>\n<script type=\"application\/ld+json\" class=\"yoast-schema-graph\">{\"@context\":\"https:\/\/schema.org\",\"@graph\":[{\"@type\":\"WebPage\",\"@id\":\"https:\/\/ipmcmed.com\/es\/health-clinic\/alexis-mincer\/\",\"url\":\"https:\/\/ipmcmed.com\/es\/health-clinic\/alexis-mincer\/\",\"name\":\"Alexis Mincer - IPMC - Independent Physicians Medical Center\",\"isPartOf\":{\"@id\":\"https:\/\/ipmcmed.com\/es\/#website\"},\"primaryImageOfPage\":{\"@id\":\"https:\/\/ipmcmed.com\/es\/health-clinic\/alexis-mincer\/#primaryimage\"},\"image\":{\"@id\":\"https:\/\/ipmcmed.com\/es\/health-clinic\/alexis-mincer\/#primaryimage\"},\"thumbnailUrl\":\"https:\/\/ipmcmed.com\/wp-content\/uploads\/2025\/07\/alexis-brooke-mincer.jpg\",\"datePublished\":\"2025-07-22T17:21:58+00:00\",\"dateModified\":\"2025-07-22T18:33:49+00:00\",\"breadcrumb\":{\"@id\":\"https:\/\/ipmcmed.com\/es\/health-clinic\/alexis-mincer\/#breadcrumb\"},\"inLanguage\":\"es\",\"potentialAction\":[{\"@type\":\"ReadAction\",\"target\":[\"https:\/\/ipmcmed.com\/es\/health-clinic\/alexis-mincer\/\"]}]},{\"@type\":\"ImageObject\",\"inLanguage\":\"es\",\"@id\":\"https:\/\/ipmcmed.com\/es\/health-clinic\/alexis-mincer\/#primaryimage\",\"url\":\"https:\/\/ipmcmed.com\/wp-content\/uploads\/2025\/07\/alexis-brooke-mincer.jpg\",\"contentUrl\":\"https:\/\/ipmcmed.com\/wp-content\/uploads\/2025\/07\/alexis-brooke-mincer.jpg\",\"width\":1000,\"height\":1000,\"caption\":\"Alexis Brooke Mincer, PA-C\"},{\"@type\":\"BreadcrumbList\",\"@id\":\"https:\/\/ipmcmed.com\/es\/health-clinic\/alexis-mincer\/#breadcrumb\",\"itemListElement\":[{\"@type\":\"ListItem\",\"position\":1,\"name\":\"Home\",\"item\":\"https:\/\/ipmcmed.com\/es\/\"},{\"@type\":\"ListItem\",\"position\":2,\"name\":\"Cl\u00ednica de Salud\",\"item\":\"https:\/\/ipmcmed.com\/es\/health-clinic\/\"},{\"@type\":\"ListItem\",\"position\":3,\"name\":\"Alexis Mincer\"}]},{\"@type\":\"WebSite\",\"@id\":\"https:\/\/ipmcmed.com\/es\/#website\",\"url\":\"https:\/\/ipmcmed.com\/es\/\",\"name\":\"IPMC - Independent Physicians Medical Center\",\"description\":\"MRI, CT Scan, X-Ray, Ultrasound, Nuclear Medicine, Mammography, Dexa Scan, Cardiology, Health Clinic\",\"publisher\":{\"@id\":\"https:\/\/ipmcmed.com\/es\/#organization\"},\"potentialAction\":[{\"@type\":\"SearchAction\",\"target\":{\"@type\":\"EntryPoint\",\"urlTemplate\":\"https:\/\/ipmcmed.com\/es\/?s={search_term_string}\"},\"query-input\":{\"@type\":\"PropertyValueSpecification\",\"valueRequired\":true,\"valueName\":\"search_term_string\"}}],\"inLanguage\":\"es\"},{\"@type\":\"Organization\",\"@id\":\"https:\/\/ipmcmed.com\/es\/#organization\",\"name\":\"IPMC - Independent Physicians Medical Center\",\"url\":\"https:\/\/ipmcmed.com\/es\/\",\"logo\":{\"@type\":\"ImageObject\",\"inLanguage\":\"es\",\"@id\":\"https:\/\/ipmcmed.com\/es\/#\/schema\/logo\/image\/\",\"url\":\"https:\/\/ipmcmed.com\/wp-content\/uploads\/2025\/02\/ipmc-logo.png\",\"contentUrl\":\"https:\/\/ipmcmed.com\/wp-content\/uploads\/2025\/02\/ipmc-logo.png\",\"width\":600,\"height\":100,\"caption\":\"IPMC - Independent Physicians Medical Center\"},\"image\":{\"@id\":\"https:\/\/ipmcmed.com\/es\/#\/schema\/logo\/image\/\"}}]}<\/script>\n<!-- \/ Yoast SEO plugin. -->","yoast_head_json":{"title":"Alexis Mincer - IPMC - Independent Physicians Medical Center","robots":{"index":"index","follow":"follow","max-snippet":"max-snippet:-1","max-image-preview":"max-image-preview:large","max-video-preview":"max-video-preview:-1"},"canonical":"https:\/\/ipmcmed.com\/es\/health-clinic\/alexis-mincer\/","og_locale":"es_ES","og_type":"article","og_title":"Alexis Mincer - IPMC - Independent Physicians Medical Center","og_description":"Directora de la Cl\u00ednica de Salud Alexis Brooke Mincer, PA-C Alexis Brooke Mincer, PA-C, es la Directora de la Cl\u00ednica de Salud en IPMC, con m\u00e1s de una d\u00e9cada de experiencia cl\u00ednica y un firme compromiso con la atenci\u00f3n centrada en el paciente. Es asistente m\u00e9dica certificada con formaci\u00f3n en medicina de emergencia, cirug\u00eda ortop\u00e9dica&hellip;","og_url":"https:\/\/ipmcmed.com\/es\/health-clinic\/alexis-mincer\/","og_site_name":"IPMC - Independent Physicians Medical Center","article_modified_time":"2025-07-22T18:33:49+00:00","og_image":[{"width":1000,"height":1000,"url":"https:\/\/ipmcmed.com\/wp-content\/uploads\/2025\/07\/alexis-brooke-mincer.jpg","type":"image\/jpeg"}],"twitter_card":"summary_large_image","twitter_misc":{"Tiempo de lectura":"2 minutos"},"schema":{"@context":"https:\/\/schema.org","@graph":[{"@type":"WebPage","@id":"https:\/\/ipmcmed.com\/es\/health-clinic\/alexis-mincer\/","url":"https:\/\/ipmcmed.com\/es\/health-clinic\/alexis-mincer\/","name":"Alexis Mincer - IPMC - Independent Physicians Medical Center","isPartOf":{"@id":"https:\/\/ipmcmed.com\/es\/#website"},"primaryImageOfPage":{"@id":"https:\/\/ipmcmed.com\/es\/health-clinic\/alexis-mincer\/#primaryimage"},"image":{"@id":"https:\/\/ipmcmed.com\/es\/health-clinic\/alexis-mincer\/#primaryimage"},"thumbnailUrl":"https:\/\/ipmcmed.com\/wp-content\/uploads\/2025\/07\/alexis-brooke-mincer.jpg","datePublished":"2025-07-22T17:21:58+00:00","dateModified":"2025-07-22T18:33:49+00:00","breadcrumb":{"@id":"https:\/\/ipmcmed.com\/es\/health-clinic\/alexis-mincer\/#breadcrumb"},"inLanguage":"es","potentialAction":[{"@type":"ReadAction","target":["https:\/\/ipmcmed.com\/es\/health-clinic\/alexis-mincer\/"]}]},{"@type":"ImageObject","inLanguage":"es","@id":"https:\/\/ipmcmed.com\/es\/health-clinic\/alexis-mincer\/#primaryimage","url":"https:\/\/ipmcmed.com\/wp-content\/uploads\/2025\/07\/alexis-brooke-mincer.jpg","contentUrl":"https:\/\/ipmcmed.com\/wp-content\/uploads\/2025\/07\/alexis-brooke-mincer.jpg","width":1000,"height":1000,"caption":"Alexis Brooke Mincer, PA-C"},{"@type":"BreadcrumbList","@id":"https:\/\/ipmcmed.com\/es\/health-clinic\/alexis-mincer\/#breadcrumb","itemListElement":[{"@type":"ListItem","position":1,"name":"Home","item":"https:\/\/ipmcmed.com\/es\/"},{"@type":"ListItem","position":2,"name":"Cl\u00ednica de Salud","item":"https:\/\/ipmcmed.com\/es\/health-clinic\/"},{"@type":"ListItem","position":3,"name":"Alexis Mincer"}]},{"@type":"WebSite","@id":"https:\/\/ipmcmed.com\/es\/#website","url":"https:\/\/ipmcmed.com\/es\/","name":"IPMC - Independent Physicians Medical Center","description":"MRI, CT Scan, X-Ray, Ultrasound, Nuclear Medicine, Mammography, Dexa Scan, Cardiology, Health Clinic","publisher":{"@id":"https:\/\/ipmcmed.com\/es\/#organization"},"potentialAction":[{"@type":"SearchAction","target":{"@type":"EntryPoint","urlTemplate":"https:\/\/ipmcmed.com\/es\/?s={search_term_string}"},"query-input":{"@type":"PropertyValueSpecification","valueRequired":true,"valueName":"search_term_string"}}],"inLanguage":"es"},{"@type":"Organization","@id":"https:\/\/ipmcmed.com\/es\/#organization","name":"IPMC - Independent Physicians Medical Center","url":"https:\/\/ipmcmed.com\/es\/","logo":{"@type":"ImageObject","inLanguage":"es","@id":"https:\/\/ipmcmed.com\/es\/#\/schema\/logo\/image\/","url":"https:\/\/ipmcmed.com\/wp-content\/uploads\/2025\/02\/ipmc-logo.png","contentUrl":"https:\/\/ipmcmed.com\/wp-content\/uploads\/2025\/02\/ipmc-logo.png","width":600,"height":100,"caption":"IPMC - Independent Physicians Medical Center"},"image":{"@id":"https:\/\/ipmcmed.com\/es\/#\/schema\/logo\/image\/"}}]}},"_links":{"self":[{"href":"https:\/\/ipmcmed.com\/es\/wp-json\/wp\/v2\/pages\/42401","targetHints":{"allow":["GET"]}}],"collection":[{"href":"https:\/\/ipmcmed.com\/es\/wp-json\/wp\/v2\/pages"}],"about":[{"href":"https:\/\/ipmcmed.com\/es\/wp-json\/wp\/v2\/types\/page"}],"author":[{"embeddable":true,"href":"https:\/\/ipmcmed.com\/es\/wp-json\/wp\/v2\/users\/2"}],"replies":[{"embeddable":true,"href":"https:\/\/ipmcmed.com\/es\/wp-json\/wp\/v2\/comments?post=42401"}],"version-history":[{"count":4,"href":"https:\/\/ipmcmed.com\/es\/wp-json\/wp\/v2\/pages\/42401\/revisions"}],"predecessor-version":[{"id":42409,"href":"https:\/\/ipmcmed.com\/es\/wp-json\/wp\/v2\/pages\/42401\/revisions\/42409"}],"up":[{"embeddable":true,"href":"https:\/\/ipmcmed.com\/es\/wp-json\/wp\/v2\/pages\/40098"}],"wp:featuredmedia":[{"embeddable":true,"href":"https:\/\/ipmcmed.com\/es\/wp-json\/wp\/v2\/media\/42389"}],"wp:attachment":[{"href":"https:\/\/ipmcmed.com\/es\/wp-json\/wp\/v2\/media?parent=42401"}],"curies":[{"name":"wp","href":"https:\/\/api.w.org\/{rel}","templated":true}]}}