{"id":41086,"date":"2025-04-10T17:17:01","date_gmt":"2025-04-10T21:17:01","guid":{"rendered":"https:\/\/ipmcmed.com\/jobs\/"},"modified":"2026-04-16T15:17:26","modified_gmt":"2026-04-16T19:17:26","slug":"jobs","status":"publish","type":"page","link":"https:\/\/ipmcmed.com\/es\/jobs\/","title":{"rendered":"Empleos"},"content":{"rendered":"\t\t<div data-elementor-type=\"wp-page\" data-elementor-id=\"41086\" class=\"elementor elementor-41086\" data-elementor-post-type=\"page\">\n\t\t\t\t<div class=\"elementor-element elementor-element-fce38b7 e-con-full e-flex e-con e-parent\" data-id=\"fce38b7\" data-element_type=\"container\">\n\t\t<div class=\"elementor-element elementor-element-6a89215 e-flex e-con-boxed e-con e-child\" data-id=\"6a89215\" data-element_type=\"container\">\n\t\t\t\t\t<div class=\"e-con-inner\">\n\t\t<div class=\"elementor-element elementor-element-37c4d34 e-con-full e-flex e-con e-child\" data-id=\"37c4d34\" data-element_type=\"container\">\n\t\t\t\t<div class=\"elementor-element elementor-element-0cb852a content-align-right the7-hover-visibility-disabled preserve-img-ratio-cover transform-overlay-yes exceeding-frame-yes elementor-widget elementor-widget-the7-image-widget\" data-id=\"0cb852a\" data-element_type=\"widget\" data-settings=\"{&quot;hover_visibility&quot;:&quot;disabled&quot;}\" data-widget_type=\"the7-image-widget.default\">\n\t\t\t\t<div class=\"elementor-widget-container\">\n\t\t\t\t\t<div class=\"the7-image-container\"><div class=\"the7-image-wrapper the7-elementor-widget the7-transform-container\"><div class=\"post-thumbnail-rollover layzr-bg img-css-resize-wrapper\"><img fetchpriority=\"high\" decoding=\"async\" width=\"1000\" height=\"1000\" src=\"data:image\/svg+xml,%3Csvg%20xmlns%3D&#039;http%3A%2F%2Fwww.w3.org%2F2000%2Fsvg&#039;%20viewBox%3D&#039;0%200%201000%201000&#039;%2F%3E\" class=\"attachment-full size-full preload-me aspect lazy lazy-load\" alt=\"\" sizes=\"(max-width: 1000px) 100vw, 1000px\" style=\"--ratio: 1000 \/ 1000;\" data-src=\"https:\/\/ipmcmed.com\/wp-content\/uploads\/2025\/03\/ct-scan-03.jpg\" loading=\"eager\" data-srcset=\"https:\/\/ipmcmed.com\/wp-content\/uploads\/2025\/03\/ct-scan-03.jpg 1000w, https:\/\/ipmcmed.com\/wp-content\/uploads\/2025\/03\/ct-scan-03-300x300.jpg 300w, https:\/\/ipmcmed.com\/wp-content\/uploads\/2025\/03\/ct-scan-03-150x150.jpg 150w, https:\/\/ipmcmed.com\/wp-content\/uploads\/2025\/03\/ct-scan-03-768x768.jpg 768w\" \/><\/div><\/div><\/div>\t\t\t\t<\/div>\n\t\t\t\t<\/div>\n\t\t\t\t<\/div>\n\t\t<div class=\"elementor-element elementor-element-ade6fd2 e-con-full e-flex e-con e-child\" data-id=\"ade6fd2\" data-element_type=\"container\">\n\t\t\t\t<div class=\"elementor-element elementor-element-224f6d2 elementor-widget-tablet__width-inherit elementor-widget elementor-widget-text-editor\" data-id=\"224f6d2\" data-element_type=\"widget\" data-widget_type=\"text-editor.default\">\n\t\t\t\t<div class=\"elementor-widget-container\">\n\t\t\t\t\t\t\t\t\tEn Independent Physicians Medical Center, siempre estamos en busca de profesionales compasivos y capacitados que est\u00e9n comprometidos con brindar una atenci\u00f3n excepcional a los pacientes. Ya sea que est\u00e9 comenzando su carrera o cuente con a\u00f1os de experiencia, IPMC ofrece un entorno de apoyo donde puede crecer y tener un impacto real en la vida de los dem\u00e1s.\t\t\t\t\t\t\t\t<\/div>\n\t\t\t\t<\/div>\n\t\t\t\t<div class=\"elementor-element elementor-element-083135e elementor-widget-divider--view-line elementor-widget elementor-widget-divider\" data-id=\"083135e\" data-element_type=\"widget\" data-widget_type=\"divider.default\">\n\t\t\t\t<div class=\"elementor-widget-container\">\n\t\t\t\t\t\t\t<div class=\"elementor-divider\">\n\t\t\t<span class=\"elementor-divider-separator\">\n\t\t\t\t\t\t<\/span>\n\t\t<\/div>\n\t\t\t\t\t\t<\/div>\n\t\t\t\t<\/div>\n\t\t\t\t<div class=\"elementor-element elementor-element-1760465 elementor-widget-tablet__width-inherit elementor-widget elementor-widget-text-editor\" data-id=\"1760465\" data-element_type=\"widget\" data-widget_type=\"text-editor.default\">\n\t\t\t\t<div class=\"elementor-widget-container\">\n\t\t\t\t\t\t\t\t\t<p>Ver todas las posiciones en nuestra p\u00e1gina web en ingl\u00e9s: <a href=\"https:\/\/ipmcmed.com\/jobs\/\">ipmcmed.com\/jobs<\/a><\/p>\t\t\t\t\t\t\t\t<\/div>\n\t\t\t\t<\/div>\n\t\t\t\t<\/div>\n\t\t\t\t\t<\/div>\n\t\t\t\t<\/div>\n\t\t\t\t<\/div>\n\t\t\t\t<\/div>\n\t\t","protected":false},"excerpt":{"rendered":"<p>En Independent Physicians Medical Center, siempre estamos en busca de profesionales compasivos y capacitados que est\u00e9n comprometidos con brindar una atenci\u00f3n excepcional a los pacientes. Ya sea que est\u00e9 comenzando su carrera o cuente con a\u00f1os de experiencia, IPMC ofrece un entorno de apoyo donde puede crecer y tener un impacto real en la vida&hellip;<\/p>\n","protected":false},"author":2,"featured_media":41095,"parent":0,"menu_order":3,"comment_status":"closed","ping_status":"closed","template":"","meta":{"footnotes":""},"class_list":["post-41086","page","type-page","status-publish","has-post-thumbnail","hentry"],"yoast_head":"<!-- This site is optimized with the Yoast SEO plugin v25.4 - https:\/\/yoast.com\/wordpress\/plugins\/seo\/ -->\n<title>Empleos - IPMC - Independent Physicians Medical Center<\/title>\n<meta name=\"description\" content=\"Descubra oportunidades laborales en IPMC en Filadelfia. \u00danase a un equipo m\u00e9dico compasivo comprometido con brindar una atenci\u00f3n excelente en un entorno que fomenta el crecimiento profesional.\" \/>\n<meta name=\"robots\" content=\"index, follow, max-snippet:-1, max-image-preview:large, max-video-preview:-1\" \/>\n<link rel=\"canonical\" href=\"https:\/\/ipmcmed.com\/es\/jobs\/\" \/>\n<meta property=\"og:locale\" content=\"es_ES\" \/>\n<meta property=\"og:type\" content=\"article\" \/>\n<meta property=\"og:title\" content=\"Empleos - IPMC - Independent Physicians Medical Center\" \/>\n<meta property=\"og:description\" content=\"Descubra oportunidades laborales en IPMC en Filadelfia. \u00danase a un equipo m\u00e9dico compasivo comprometido con brindar una atenci\u00f3n excelente en un entorno que fomenta el crecimiento profesional.\" \/>\n<meta property=\"og:url\" content=\"https:\/\/ipmcmed.com\/es\/jobs\/\" \/>\n<meta property=\"og:site_name\" content=\"IPMC - Independent Physicians Medical Center\" \/>\n<meta property=\"article:modified_time\" content=\"2026-04-16T19:17:26+00:00\" \/>\n<meta property=\"og:image\" content=\"https:\/\/ipmcmed.com\/wp-content\/uploads\/2025\/03\/doctorst-01.jpg\" \/>\n\t<meta property=\"og:image:width\" content=\"1000\" \/>\n\t<meta property=\"og:image:height\" content=\"1000\" \/>\n\t<meta property=\"og:image:type\" content=\"image\/jpeg\" \/>\n<meta name=\"twitter:card\" content=\"summary_large_image\" \/>\n<meta name=\"twitter:label1\" content=\"Tiempo de lectura\" \/>\n\t<meta name=\"twitter:data1\" content=\"1 minuto\" \/>\n<script type=\"application\/ld+json\" class=\"yoast-schema-graph\">{\"@context\":\"https:\/\/schema.org\",\"@graph\":[{\"@type\":\"WebPage\",\"@id\":\"https:\/\/ipmcmed.com\/es\/jobs\/\",\"url\":\"https:\/\/ipmcmed.com\/es\/jobs\/\",\"name\":\"Empleos - IPMC - Independent Physicians Medical Center\",\"isPartOf\":{\"@id\":\"https:\/\/ipmcmed.com\/es\/#website\"},\"primaryImageOfPage\":{\"@id\":\"https:\/\/ipmcmed.com\/es\/jobs\/#primaryimage\"},\"image\":{\"@id\":\"https:\/\/ipmcmed.com\/es\/jobs\/#primaryimage\"},\"thumbnailUrl\":\"https:\/\/ipmcmed.com\/wp-content\/uploads\/2025\/03\/doctorst-01.jpg\",\"datePublished\":\"2025-04-10T21:17:01+00:00\",\"dateModified\":\"2026-04-16T19:17:26+00:00\",\"description\":\"Descubra oportunidades laborales en IPMC en Filadelfia. \u00danase a un equipo m\u00e9dico compasivo comprometido con brindar una atenci\u00f3n excelente en un entorno que fomenta el crecimiento profesional.\",\"breadcrumb\":{\"@id\":\"https:\/\/ipmcmed.com\/es\/jobs\/#breadcrumb\"},\"inLanguage\":\"es\",\"potentialAction\":[{\"@type\":\"ReadAction\",\"target\":[\"https:\/\/ipmcmed.com\/es\/jobs\/\"]}]},{\"@type\":\"ImageObject\",\"inLanguage\":\"es\",\"@id\":\"https:\/\/ipmcmed.com\/es\/jobs\/#primaryimage\",\"url\":\"https:\/\/ipmcmed.com\/wp-content\/uploads\/2025\/03\/doctorst-01.jpg\",\"contentUrl\":\"https:\/\/ipmcmed.com\/wp-content\/uploads\/2025\/03\/doctorst-01.jpg\",\"width\":1000,\"height\":1000},{\"@type\":\"BreadcrumbList\",\"@id\":\"https:\/\/ipmcmed.com\/es\/jobs\/#breadcrumb\",\"itemListElement\":[{\"@type\":\"ListItem\",\"position\":1,\"name\":\"Home\",\"item\":\"https:\/\/ipmcmed.com\/es\/\"},{\"@type\":\"ListItem\",\"position\":2,\"name\":\"Empleos\"}]},{\"@type\":\"WebSite\",\"@id\":\"https:\/\/ipmcmed.com\/es\/#website\",\"url\":\"https:\/\/ipmcmed.com\/es\/\",\"name\":\"IPMC - Independent Physicians Medical Center\",\"description\":\"MRI, CT Scan, X-Ray, Ultrasound, Nuclear Medicine, Mammography, Dexa Scan, Cardiology, Health Clinic\",\"publisher\":{\"@id\":\"https:\/\/ipmcmed.com\/es\/#organization\"},\"potentialAction\":[{\"@type\":\"SearchAction\",\"target\":{\"@type\":\"EntryPoint\",\"urlTemplate\":\"https:\/\/ipmcmed.com\/es\/?s={search_term_string}\"},\"query-input\":{\"@type\":\"PropertyValueSpecification\",\"valueRequired\":true,\"valueName\":\"search_term_string\"}}],\"inLanguage\":\"es\"},{\"@type\":\"Organization\",\"@id\":\"https:\/\/ipmcmed.com\/es\/#organization\",\"name\":\"IPMC - Independent Physicians Medical Center\",\"url\":\"https:\/\/ipmcmed.com\/es\/\",\"logo\":{\"@type\":\"ImageObject\",\"inLanguage\":\"es\",\"@id\":\"https:\/\/ipmcmed.com\/es\/#\/schema\/logo\/image\/\",\"url\":\"https:\/\/ipmcmed.com\/wp-content\/uploads\/2025\/02\/ipmc-logo.png\",\"contentUrl\":\"https:\/\/ipmcmed.com\/wp-content\/uploads\/2025\/02\/ipmc-logo.png\",\"width\":600,\"height\":100,\"caption\":\"IPMC - Independent Physicians Medical Center\"},\"image\":{\"@id\":\"https:\/\/ipmcmed.com\/es\/#\/schema\/logo\/image\/\"}}]}<\/script>\n<!-- \/ Yoast SEO plugin. -->","yoast_head_json":{"title":"Empleos - IPMC - Independent Physicians Medical Center","description":"Descubra oportunidades laborales en IPMC en Filadelfia. \u00danase a un equipo m\u00e9dico compasivo comprometido con brindar una atenci\u00f3n excelente en un entorno que fomenta el crecimiento profesional.","robots":{"index":"index","follow":"follow","max-snippet":"max-snippet:-1","max-image-preview":"max-image-preview:large","max-video-preview":"max-video-preview:-1"},"canonical":"https:\/\/ipmcmed.com\/es\/jobs\/","og_locale":"es_ES","og_type":"article","og_title":"Empleos - IPMC - Independent Physicians Medical Center","og_description":"Descubra oportunidades laborales en IPMC en Filadelfia. \u00danase a un equipo m\u00e9dico compasivo comprometido con brindar una atenci\u00f3n excelente en un entorno que fomenta el crecimiento profesional.","og_url":"https:\/\/ipmcmed.com\/es\/jobs\/","og_site_name":"IPMC - Independent Physicians Medical Center","article_modified_time":"2026-04-16T19:17:26+00:00","og_image":[{"width":1000,"height":1000,"url":"https:\/\/ipmcmed.com\/wp-content\/uploads\/2025\/03\/doctorst-01.jpg","type":"image\/jpeg"}],"twitter_card":"summary_large_image","twitter_misc":{"Tiempo de lectura":"1 minuto"},"schema":{"@context":"https:\/\/schema.org","@graph":[{"@type":"WebPage","@id":"https:\/\/ipmcmed.com\/es\/jobs\/","url":"https:\/\/ipmcmed.com\/es\/jobs\/","name":"Empleos - IPMC - Independent Physicians Medical Center","isPartOf":{"@id":"https:\/\/ipmcmed.com\/es\/#website"},"primaryImageOfPage":{"@id":"https:\/\/ipmcmed.com\/es\/jobs\/#primaryimage"},"image":{"@id":"https:\/\/ipmcmed.com\/es\/jobs\/#primaryimage"},"thumbnailUrl":"https:\/\/ipmcmed.com\/wp-content\/uploads\/2025\/03\/doctorst-01.jpg","datePublished":"2025-04-10T21:17:01+00:00","dateModified":"2026-04-16T19:17:26+00:00","description":"Descubra oportunidades laborales en IPMC en Filadelfia. \u00danase a un equipo m\u00e9dico compasivo comprometido con brindar una atenci\u00f3n excelente en un entorno que fomenta el crecimiento profesional.","breadcrumb":{"@id":"https:\/\/ipmcmed.com\/es\/jobs\/#breadcrumb"},"inLanguage":"es","potentialAction":[{"@type":"ReadAction","target":["https:\/\/ipmcmed.com\/es\/jobs\/"]}]},{"@type":"ImageObject","inLanguage":"es","@id":"https:\/\/ipmcmed.com\/es\/jobs\/#primaryimage","url":"https:\/\/ipmcmed.com\/wp-content\/uploads\/2025\/03\/doctorst-01.jpg","contentUrl":"https:\/\/ipmcmed.com\/wp-content\/uploads\/2025\/03\/doctorst-01.jpg","width":1000,"height":1000},{"@type":"BreadcrumbList","@id":"https:\/\/ipmcmed.com\/es\/jobs\/#breadcrumb","itemListElement":[{"@type":"ListItem","position":1,"name":"Home","item":"https:\/\/ipmcmed.com\/es\/"},{"@type":"ListItem","position":2,"name":"Empleos"}]},{"@type":"WebSite","@id":"https:\/\/ipmcmed.com\/es\/#website","url":"https:\/\/ipmcmed.com\/es\/","name":"IPMC - Independent Physicians Medical Center","description":"MRI, CT Scan, X-Ray, Ultrasound, Nuclear Medicine, Mammography, Dexa Scan, Cardiology, Health Clinic","publisher":{"@id":"https:\/\/ipmcmed.com\/es\/#organization"},"potentialAction":[{"@type":"SearchAction","target":{"@type":"EntryPoint","urlTemplate":"https:\/\/ipmcmed.com\/es\/?s={search_term_string}"},"query-input":{"@type":"PropertyValueSpecification","valueRequired":true,"valueName":"search_term_string"}}],"inLanguage":"es"},{"@type":"Organization","@id":"https:\/\/ipmcmed.com\/es\/#organization","name":"IPMC - Independent Physicians Medical Center","url":"https:\/\/ipmcmed.com\/es\/","logo":{"@type":"ImageObject","inLanguage":"es","@id":"https:\/\/ipmcmed.com\/es\/#\/schema\/logo\/image\/","url":"https:\/\/ipmcmed.com\/wp-content\/uploads\/2025\/02\/ipmc-logo.png","contentUrl":"https:\/\/ipmcmed.com\/wp-content\/uploads\/2025\/02\/ipmc-logo.png","width":600,"height":100,"caption":"IPMC - Independent Physicians Medical Center"},"image":{"@id":"https:\/\/ipmcmed.com\/es\/#\/schema\/logo\/image\/"}}]}},"_links":{"self":[{"href":"https:\/\/ipmcmed.com\/es\/wp-json\/wp\/v2\/pages\/41086","targetHints":{"allow":["GET"]}}],"collection":[{"href":"https:\/\/ipmcmed.com\/es\/wp-json\/wp\/v2\/pages"}],"about":[{"href":"https:\/\/ipmcmed.com\/es\/wp-json\/wp\/v2\/types\/page"}],"author":[{"embeddable":true,"href":"https:\/\/ipmcmed.com\/es\/wp-json\/wp\/v2\/users\/2"}],"replies":[{"embeddable":true,"href":"https:\/\/ipmcmed.com\/es\/wp-json\/wp\/v2\/comments?post=41086"}],"version-history":[{"count":8,"href":"https:\/\/ipmcmed.com\/es\/wp-json\/wp\/v2\/pages\/41086\/revisions"}],"predecessor-version":[{"id":44184,"href":"https:\/\/ipmcmed.com\/es\/wp-json\/wp\/v2\/pages\/41086\/revisions\/44184"}],"wp:featuredmedia":[{"embeddable":true,"href":"https:\/\/ipmcmed.com\/es\/wp-json\/wp\/v2\/media\/41095"}],"wp:attachment":[{"href":"https:\/\/ipmcmed.com\/es\/wp-json\/wp\/v2\/media?parent=41086"}],"curies":[{"name":"wp","href":"https:\/\/api.w.org\/{rel}","templated":true}]}}