{"id":39858,"date":"2025-04-04T20:52:22","date_gmt":"2025-04-05T00:52:22","guid":{"rendered":"https:\/\/ipmcmed.com\/mri\/mri-preparation\/"},"modified":"2025-05-01T16:42:08","modified_gmt":"2025-05-01T21:42:08","slug":"mri-preparation","status":"publish","type":"page","link":"https:\/\/ipmcmed.com\/es\/radiology\/mri\/mri-preparation\/","title":{"rendered":"C\u00f3mo prepararse para resonancia magn\u00e9tica"},"content":{"rendered":"\t\t<div data-elementor-type=\"wp-page\" data-elementor-id=\"39858\" class=\"elementor elementor-39858\" data-elementor-post-type=\"page\">\n\t\t\t\t<div class=\"elementor-element elementor-element-fce38b7 e-con-full e-flex e-con e-parent\" data-id=\"fce38b7\" data-element_type=\"container\">\n\t\t<div class=\"elementor-element elementor-element-6a89215 e-flex e-con-boxed e-con e-child\" data-id=\"6a89215\" data-element_type=\"container\">\n\t\t\t\t\t<div class=\"e-con-inner\">\n\t\t<div class=\"elementor-element elementor-element-37c4d34 e-con-full e-flex e-con e-child\" data-id=\"37c4d34\" data-element_type=\"container\">\n\t\t\t\t<div class=\"elementor-element elementor-element-0cb852a content-align-right the7-hover-visibility-disabled preserve-img-ratio-cover transform-overlay-yes exceeding-frame-yes elementor-widget elementor-widget-the7-image-widget\" data-id=\"0cb852a\" data-element_type=\"widget\" data-settings=\"{&quot;hover_visibility&quot;:&quot;disabled&quot;}\" data-widget_type=\"the7-image-widget.default\">\n\t\t\t\t<div class=\"elementor-widget-container\">\n\t\t\t\t\t<div class=\"the7-image-container\"><div class=\"the7-image-wrapper the7-elementor-widget the7-transform-container\"><div class=\"post-thumbnail-rollover layzr-bg img-css-resize-wrapper\"><img fetchpriority=\"high\" decoding=\"async\" width=\"1000\" height=\"1000\" src=\"data:image\/svg+xml,%3Csvg%20xmlns%3D&#039;http%3A%2F%2Fwww.w3.org%2F2000%2Fsvg&#039;%20viewBox%3D&#039;0%200%201000%201000&#039;%2F%3E\" class=\"attachment-full size-full preload-me aspect lazy lazy-load\" alt=\"\" sizes=\"(max-width: 1000px) 100vw, 1000px\" style=\"--ratio: 1000 \/ 1000;\" data-src=\"https:\/\/ipmcmed.com\/wp-content\/uploads\/2025\/04\/mri-01.jpg\" loading=\"eager\" data-srcset=\"https:\/\/ipmcmed.com\/wp-content\/uploads\/2025\/04\/mri-01.jpg 1000w, https:\/\/ipmcmed.com\/wp-content\/uploads\/2025\/04\/mri-01-300x300.jpg 300w, https:\/\/ipmcmed.com\/wp-content\/uploads\/2025\/04\/mri-01-150x150.jpg 150w, https:\/\/ipmcmed.com\/wp-content\/uploads\/2025\/04\/mri-01-768x768.jpg 768w\" \/><\/div><\/div><\/div>\t\t\t\t<\/div>\n\t\t\t\t<\/div>\n\t\t\t\t<div class=\"elementor-element elementor-element-b892683 dt-nav-menu_align-left dt-sub-menu_align-left elementor-widget elementor-widget-the7_nav-menu\" data-id=\"b892683\" data-element_type=\"widget\" data-settings=\"{&quot;submenu_display&quot;:&quot;always&quot;}\" data-widget_type=\"the7_nav-menu.default\">\n\t\t\t\t<div class=\"elementor-widget-container\">\n\t\t\t\t\t<nav class=\"dt-nav-menu--main dt-nav-menu__container dt-sub-menu-display-always dt-icon-align- dt-icon-position- dt-sub-icon-position- dt-sub-icon-align-\"><ul class=\"dt-nav-menu\"><li class=\"menu-item menu-item-type-post_type menu-item-object-page menu-item-36762 first depth-0\"><a href='https:\/\/ipmcmed.com\/radiology\/mri\/' class=' mega-menu-img' data-level='1'><span class=\"item-content\"><svg xmlns=\"http:\/\/www.w3.org\/2000\/svg\" width=\"56\" height=\"56\" fill=\"#000000\" viewBox=\"0 0 256 256\"><path d=\"M224.49,136.49l-72,72a12,12,0,0,1-17-17L187,140H40a12,12,0,0,1,0-24H187L135.51,64.48a12,12,0,0,1,17-17l72,72A12,12,0,0,1,224.49,136.49Z\"><\/path><\/svg><span class=\"menu-item-text\"><span class=\"menu-text\">Imagen por resonancia magn\u00e9tica (IRM)<\/span><\/span><\/span><span class=\"\" data-icon = \"\"> <\/span><\/a><\/li> <li class=\"menu-item menu-item-type-post_type menu-item-object-page menu-item-36768 depth-0\"><a href='https:\/\/ipmcmed.com\/radiology\/mri\/mra\/' class=' mega-menu-img' data-level='1'><span class=\"item-content\"><svg xmlns=\"http:\/\/www.w3.org\/2000\/svg\" width=\"56\" height=\"56\" fill=\"#000000\" viewBox=\"0 0 256 256\"><path d=\"M224.49,136.49l-72,72a12,12,0,0,1-17-17L187,140H40a12,12,0,0,1,0-24H187L135.51,64.48a12,12,0,0,1,17-17l72,72A12,12,0,0,1,224.49,136.49Z\"><\/path><\/svg><span class=\"menu-item-text\"><span class=\"menu-text\">Angiograf\u00eda por resonancia magn\u00e9tica (ARM)<\/span><\/span><\/span><span class=\"\" data-icon = \"\"> <\/span><\/a><\/li> <li class=\"menu-item menu-item-type-post_type menu-item-object-page menu-item-36767 depth-0\"><a href='https:\/\/ipmcmed.com\/radiology\/mri\/mrcp\/' class=' mega-menu-img' data-level='1'><span class=\"item-content\"><svg xmlns=\"http:\/\/www.w3.org\/2000\/svg\" width=\"56\" height=\"56\" fill=\"#000000\" viewBox=\"0 0 256 256\"><path d=\"M224.49,136.49l-72,72a12,12,0,0,1-17-17L187,140H40a12,12,0,0,1,0-24H187L135.51,64.48a12,12,0,0,1,17-17l72,72A12,12,0,0,1,224.49,136.49Z\"><\/path><\/svg><span class=\"menu-item-text\"><span class=\"menu-text\">Colangiopancreatograf\u00eda por resonancia magn\u00e9tica (CPRM)<\/span><\/span><\/span><span class=\"\" data-icon = \"\"> <\/span><\/a><\/li> <li class=\"menu-item menu-item-type-post_type menu-item-object-page menu-item-36766 depth-0\"><a href='https:\/\/ipmcmed.com\/radiology\/mri\/mri-and-mra-contrast\/' class=' mega-menu-img' data-level='1'><span class=\"item-content\"><svg xmlns=\"http:\/\/www.w3.org\/2000\/svg\" width=\"56\" height=\"56\" fill=\"#000000\" viewBox=\"0 0 256 256\"><path d=\"M224.49,136.49l-72,72a12,12,0,0,1-17-17L187,140H40a12,12,0,0,1,0-24H187L135.51,64.48a12,12,0,0,1,17-17l72,72A12,12,0,0,1,224.49,136.49Z\"><\/path><\/svg><span class=\"menu-item-text\"><span class=\"menu-text\">Estudios con contraste de IRM y ARM<\/span><\/span><\/span><span class=\"\" data-icon = \"\"> <\/span><\/a><\/li> <li class=\"menu-item menu-item-type-post_type menu-item-object-page menu-item-36765 depth-0\"><a href='https:\/\/ipmcmed.com\/radiology\/mri\/mri-preparation\/' class=' mega-menu-img' data-level='1'><span class=\"item-content\"><svg xmlns=\"http:\/\/www.w3.org\/2000\/svg\" width=\"56\" height=\"56\" fill=\"#000000\" viewBox=\"0 0 256 256\"><path d=\"M224.49,136.49l-72,72a12,12,0,0,1-17-17L187,140H40a12,12,0,0,1,0-24H187L135.51,64.48a12,12,0,0,1,17-17l72,72A12,12,0,0,1,224.49,136.49Z\"><\/path><\/svg><span class=\"menu-item-text\"><span class=\"menu-text\">C\u00f3mo prepararse para resonancia magn\u00e9tica<\/span><\/span><\/span><span class=\"\" data-icon = \"\"> <\/span><\/a><\/li> <li class=\"menu-item menu-item-type-post_type menu-item-object-page menu-item-36764 depth-0\"><a href='https:\/\/ipmcmed.com\/radiology\/mri\/mri-and-mra-contrast-study-preparation\/' class=' mega-menu-img' data-level='1'><span class=\"item-content\"><svg xmlns=\"http:\/\/www.w3.org\/2000\/svg\" width=\"56\" height=\"56\" fill=\"#000000\" viewBox=\"0 0 256 256\"><path d=\"M224.49,136.49l-72,72a12,12,0,0,1-17-17L187,140H40a12,12,0,0,1,0-24H187L135.51,64.48a12,12,0,0,1,17-17l72,72A12,12,0,0,1,224.49,136.49Z\"><\/path><\/svg><span class=\"menu-item-text\"><span class=\"menu-text\">C\u00f3mo prepararse para estudio de contraste por RM y ARM<\/span><\/span><\/span><span class=\"\" data-icon = \"\"> <\/span><\/a><\/li> <li class=\"menu-item menu-item-type-post_type menu-item-object-page menu-item-36763 last depth-0\"><a href='https:\/\/ipmcmed.com\/radiology\/mri\/breast-mri-preparation\/' class=' mega-menu-img' data-level='1'><span class=\"item-content\"><svg xmlns=\"http:\/\/www.w3.org\/2000\/svg\" width=\"56\" height=\"56\" fill=\"#000000\" viewBox=\"0 0 256 256\"><path d=\"M224.49,136.49l-72,72a12,12,0,0,1-17-17L187,140H40a12,12,0,0,1,0-24H187L135.51,64.48a12,12,0,0,1,17-17l72,72A12,12,0,0,1,224.49,136.49Z\"><\/path><\/svg><span class=\"menu-item-text\"><span class=\"menu-text\">C\u00f3mo prepararse para resonancia magn\u00e9tica de mama<\/span><\/span><\/span><span class=\"\" data-icon = \"\"> <\/span><\/a><\/li> <\/ul><\/nav>\t\t\t\t<\/div>\n\t\t\t\t<\/div>\n\t\t\t\t<\/div>\n\t\t<div class=\"elementor-element elementor-element-ade6fd2 e-con-full e-flex e-con e-child\" data-id=\"ade6fd2\" data-element_type=\"container\">\n\t\t\t\t<div class=\"elementor-element elementor-element-224f6d2 elementor-widget-tablet__width-inherit elementor-widget elementor-widget-text-editor\" data-id=\"224f6d2\" data-element_type=\"widget\" data-widget_type=\"text-editor.default\">\n\t\t\t\t<div class=\"elementor-widget-container\">\n\t\t\t\t\t\t\t\t\t<p class=\"\" data-start=\"159\" data-end=\"267\">A continuaci\u00f3n, encontrar\u00e1 algunas preguntas que puede esperar si est\u00e1 programando una resonancia magn\u00e9tica (RM).<\/p>\t\t\t\t\t\t\t\t<\/div>\n\t\t\t\t<\/div>\n\t\t\t\t<div class=\"elementor-element elementor-element-083135e elementor-widget-divider--view-line elementor-widget elementor-widget-divider\" data-id=\"083135e\" data-element_type=\"widget\" data-widget_type=\"divider.default\">\n\t\t\t\t<div class=\"elementor-widget-container\">\n\t\t\t\t\t\t\t<div class=\"elementor-divider\">\n\t\t\t<span class=\"elementor-divider-separator\">\n\t\t\t\t\t\t<\/span>\n\t\t<\/div>\n\t\t\t\t\t\t<\/div>\n\t\t\t\t<\/div>\n\t\t\t\t<div class=\"elementor-element elementor-element-1760465 elementor-widget-tablet__width-inherit elementor-widget elementor-widget-text-editor\" data-id=\"1760465\" data-element_type=\"widget\" data-widget_type=\"text-editor.default\">\n\t\t\t\t<div class=\"elementor-widget-container\">\n\t\t\t\t\t\t\t\t\t<p><strong>Nota:<\/strong> Por favor, aseg\u00farese de imprimir y completar este formulario antes de su cita para la RM: <a href=\"#\">Cuestionario para Resonancia Magn\u00e9tica<\/a><\/p><hr class=\"the7-p-gap\" style=\"padding-bottom: 30px;\" \/><h4>\u00bfSu RM requiere una inyecci\u00f3n de contraste?<\/h4><p>Si no est\u00e1 seguro, comun\u00edquese con su m\u00e9dico remitente para confirmar.<\/p><p>Si la respuesta es s\u00ed, por favor consulte las instrucciones separadas para estudios de RM con contraste.<\/p><hr class=\"the7-p-gap\" style=\"padding-bottom: 30px;\" \/><h4>\u00bfTiene un marcapasos o desfibrilador?<\/h4><p>\u00a1Los pacientes con marcapasos o desfibriladores no pueden someterse a una resonancia magn\u00e9tica!<\/p><hr class=\"the7-p-gap\" style=\"padding-bottom: 30px;\" \/><h4>\u00bfHa trabajado alguna vez con metal?<\/h4><p>Tenga en cuenta que estar\u00e1 dentro de un im\u00e1n gigante. Si existe la m\u00e1s m\u00ednima posibilidad de que tenga part\u00edculas met\u00e1licas en los ojos, debe hacerse una radiograf\u00eda de las \u00f3rbitas. Esta imagen permitir\u00e1 al radi\u00f3logo asegurarse de que no hay metal presente. Se requiere una receta m\u00e9dica separada para esto, y debe realizarse justo antes de la RM. Si se hace en d\u00edas diferentes, no debe trabajar con metal entre los estudios.<\/p><hr class=\"the7-p-gap\" style=\"padding-bottom: 30px;\" \/><h4>\u00bfSe ha sometido a una cirug\u00eda en los \u00faltimos 3 meses?<\/h4><p>Si es as\u00ed, debe informarnos.<\/p><hr class=\"the7-p-gap\" style=\"padding-bottom: 30px;\" \/><h4>\u00bfSi se va a realizar una RM de la columna, se ha sometido a una cirug\u00eda de espalda?<\/h4><p>Si es as\u00ed, debe informarnos, ya que puede ser necesario el uso de contraste.<\/p><hr class=\"the7-p-gap\" style=\"padding-bottom: 30px;\" \/><h4>\u00bfTiene implantes o clips para aneurismas?<\/h4><p>Si los tiene, debe informarnos y traer su tarjeta de implante si est\u00e1 disponible. La mayor\u00eda de los implantes no son magn\u00e9ticos, pero debemos confirmarlo. La tarjeta del implante proporciona esa informaci\u00f3n.<\/p><hr class=\"the7-p-gap\" style=\"padding-bottom: 30px;\" \/><h4>\u00bfUtiliza aud\u00edfono?<\/h4><p>Tendr\u00e1 que quit\u00e1rselo para el procedimiento.<\/p><hr class=\"the7-p-gap\" style=\"padding-bottom: 30px;\" \/><h4>\u00bfSufre de claustrofobia?<\/h4><p>Para la mayor\u00eda de los pacientes claustrof\u00f3bicos, la RM abierta es la soluci\u00f3n perfecta. Algunos casos severos pueden requerir sedaci\u00f3n antes del procedimiento. Si sabe que su claustrofobia es severa, por favor contacte a su m\u00e9dico y solicite un sedante para ayudarle a relajarse.<\/p><p><strong>\u00a1Por su seguridad!<\/strong> Si va a tomar un sedante antes del examen, aseg\u00farese de que alguien lo lleve y lo recoja del centro.<\/p><hr class=\"the7-p-gap\" style=\"padding-bottom: 30px;\" \/><h4>\u00bfTiene preguntas?<\/h4><p>Si tiene dudas sobre cualquier parte de este proceso, por favor contacte a su m\u00e9dico remitente o a su m\u00e9dico de atenci\u00f3n primaria.<\/p>\t\t\t\t\t\t\t\t<\/div>\n\t\t\t\t<\/div>\n\t\t\t\t<\/div>\n\t\t\t\t\t<\/div>\n\t\t\t\t<\/div>\n\t\t\t\t<\/div>\n\t\t<div class=\"elementor-element elementor-element-f501138 e-con-full e-flex e-con e-child\" data-id=\"f501138\" data-element_type=\"container\" data-settings=\"{&quot;background_background&quot;:&quot;classic&quot;}\">\n\t\t<div class=\"elementor-element elementor-element-510ef1d e-flex e-con-boxed e-con e-child\" data-id=\"510ef1d\" data-element_type=\"container\" data-settings=\"{&quot;background_background&quot;:&quot;gradient&quot;}\">\n\t\t\t\t\t<div class=\"e-con-inner\">\n\t\t<div class=\"elementor-element elementor-element-af09c09 e-flex e-con-boxed e-con e-child\" data-id=\"af09c09\" data-element_type=\"container\">\n\t\t\t\t\t<div class=\"e-con-inner\">\n\t\t\t\t<div class=\"elementor-element elementor-element-ef64662 elementor-widget-tablet__width-inherit elementor-widget__width-initial elementor-widget elementor-widget-the7-heading\" data-id=\"ef64662\" data-element_type=\"widget\" data-widget_type=\"the7-heading.default\">\n\t\t\t\t<div class=\"elementor-widget-container\">\n\t\t\t\t\t<div class=\"the7-heading-title elementor-size-default\">Programar su resonancia magn\u00e9tica es f\u00e1cil.<\/div>\t\t\t\t<\/div>\n\t\t\t\t<\/div>\n\t\t\t\t<div class=\"elementor-element elementor-element-4be2455 elementor-widget-tablet__width-inherit elementor-widget elementor-widget-text-editor\" data-id=\"4be2455\" data-element_type=\"widget\" data-widget_type=\"text-editor.default\">\n\t\t\t\t<div class=\"elementor-widget-container\">\n\t\t\t\t\t\t\t\t\t<h2>Simplemente complete el formulario y nuestro equipo se pondr\u00e1 en contacto para confirmar su cita.<\/h2>\t\t\t\t\t\t\t\t<\/div>\n\t\t\t\t<\/div>\n\t\t\t\t\t<\/div>\n\t\t\t\t<\/div>\n\t\t<div class=\"elementor-element elementor-element-bad4a18 e-con-fit e-flex e-con e-child\" data-id=\"bad4a18\" data-element_type=\"container\">\n\t\t\t\t<div class=\"elementor-element elementor-element-86d67d5 elementor-tablet-align-left elementor-widget elementor-widget-the7_button_widget\" data-id=\"86d67d5\" data-element_type=\"widget\" data-widget_type=\"the7_button_widget.default\">\n\t\t\t\t<div class=\"elementor-widget-container\">\n\t\t\t\t\t<div class=\"elementor-button-wrapper\"><a href=\"#elementor-action%3Aaction%3Dpopup%3Aopen%26settings%3DeyJpZCI6IjE3MDM5IiwidG9nZ2xlIjpmYWxzZX0%3D\" class=\"box-button elementor-button elementor-size-xl\">Solicitar cita<\/a><\/div>\t\t\t\t<\/div>\n\t\t\t\t<\/div>\n\t\t\t\t<\/div>\n\t\t\t\t\t<\/div>\n\t\t\t\t<\/div>\n\t\t\t\t<\/div>\n\t\t\t\t<\/div>\n\t\t","protected":false},"excerpt":{"rendered":"<p>A continuaci\u00f3n, encontrar\u00e1 algunas preguntas que puede esperar si est\u00e1 programando una resonancia magn\u00e9tica (RM). Nota: Por favor, aseg\u00farese de imprimir y completar este formulario antes de su cita para la RM: Cuestionario para Resonancia Magn\u00e9tica \u00bfSu RM requiere una inyecci\u00f3n de contraste? Si no est\u00e1 seguro, comun\u00edquese con su m\u00e9dico remitente para confirmar. Si&hellip;<\/p>\n","protected":false},"author":2,"featured_media":39911,"parent":39797,"menu_order":3,"comment_status":"closed","ping_status":"closed","template":"","meta":{"footnotes":""},"class_list":["post-39858","page","type-page","status-publish","has-post-thumbnail","hentry"],"yoast_head":"<!-- This site is optimized with the Yoast SEO plugin v25.4 - https:\/\/yoast.com\/wordpress\/plugins\/seo\/ -->\n<title>C\u00f3mo prepararse para resonancia magn\u00e9tica - IPMC - Independent Physicians Medical Center<\/title>\n<meta name=\"robots\" content=\"index, follow, max-snippet:-1, max-image-preview:large, max-video-preview:-1\" \/>\n<link rel=\"canonical\" href=\"https:\/\/ipmcmed.com\/es\/radiology\/mri\/mri-preparation\/\" \/>\n<meta property=\"og:locale\" content=\"es_ES\" \/>\n<meta property=\"og:type\" content=\"article\" \/>\n<meta property=\"og:title\" content=\"C\u00f3mo prepararse para resonancia magn\u00e9tica - IPMC - Independent Physicians Medical Center\" \/>\n<meta property=\"og:description\" content=\"A continuaci\u00f3n, encontrar\u00e1 algunas preguntas que puede esperar si est\u00e1 programando una resonancia magn\u00e9tica (RM). Nota: Por favor, aseg\u00farese de imprimir y completar este formulario antes de su cita para la RM: Cuestionario para Resonancia Magn\u00e9tica \u00bfSu RM requiere una inyecci\u00f3n de contraste? Si no est\u00e1 seguro, comun\u00edquese con su m\u00e9dico remitente para confirmar. Si&hellip;\" \/>\n<meta property=\"og:url\" content=\"https:\/\/ipmcmed.com\/es\/radiology\/mri\/mri-preparation\/\" \/>\n<meta property=\"og:site_name\" content=\"IPMC - Independent Physicians Medical Center\" \/>\n<meta property=\"article:modified_time\" content=\"2025-05-01T21:42:08+00:00\" \/>\n<meta name=\"twitter:card\" content=\"summary_large_image\" \/>\n<meta name=\"twitter:label1\" content=\"Tiempo de lectura\" \/>\n\t<meta name=\"twitter:data1\" content=\"2 minutos\" \/>\n<script type=\"application\/ld+json\" class=\"yoast-schema-graph\">{\"@context\":\"https:\/\/schema.org\",\"@graph\":[{\"@type\":\"WebPage\",\"@id\":\"https:\/\/ipmcmed.com\/es\/radiology\/mri\/mri-preparation\/\",\"url\":\"https:\/\/ipmcmed.com\/es\/radiology\/mri\/mri-preparation\/\",\"name\":\"C\u00f3mo prepararse para resonancia magn\u00e9tica - IPMC - Independent Physicians Medical Center\",\"isPartOf\":{\"@id\":\"https:\/\/ipmcmed.com\/es\/#website\"},\"primaryImageOfPage\":{\"@id\":\"https:\/\/ipmcmed.com\/es\/radiology\/mri\/mri-preparation\/#primaryimage\"},\"image\":{\"@id\":\"https:\/\/ipmcmed.com\/es\/radiology\/mri\/mri-preparation\/#primaryimage\"},\"thumbnailUrl\":\"https:\/\/ipmcmed.com\/wp-content\/uploads\/2025\/04\/mri-06.jpg\",\"datePublished\":\"2025-04-05T00:52:22+00:00\",\"dateModified\":\"2025-05-01T21:42:08+00:00\",\"breadcrumb\":{\"@id\":\"https:\/\/ipmcmed.com\/es\/radiology\/mri\/mri-preparation\/#breadcrumb\"},\"inLanguage\":\"es\",\"potentialAction\":[{\"@type\":\"ReadAction\",\"target\":[\"https:\/\/ipmcmed.com\/es\/radiology\/mri\/mri-preparation\/\"]}]},{\"@type\":\"ImageObject\",\"inLanguage\":\"es\",\"@id\":\"https:\/\/ipmcmed.com\/es\/radiology\/mri\/mri-preparation\/#primaryimage\",\"url\":\"https:\/\/ipmcmed.com\/wp-content\/uploads\/2025\/04\/mri-06.jpg\",\"contentUrl\":\"https:\/\/ipmcmed.com\/wp-content\/uploads\/2025\/04\/mri-06.jpg\",\"width\":1000,\"height\":1000},{\"@type\":\"BreadcrumbList\",\"@id\":\"https:\/\/ipmcmed.com\/es\/radiology\/mri\/mri-preparation\/#breadcrumb\",\"itemListElement\":[{\"@type\":\"ListItem\",\"position\":1,\"name\":\"Home\",\"item\":\"https:\/\/ipmcmed.com\/es\/\"},{\"@type\":\"ListItem\",\"position\":2,\"name\":\"Radiolog\u00eda\",\"item\":\"https:\/\/ipmcmed.com\/es\/radiology\/\"},{\"@type\":\"ListItem\",\"position\":3,\"name\":\"Imagen por resonancia magn\u00e9tica (IRM)\",\"item\":\"https:\/\/ipmcmed.com\/es\/radiology\/mri\/\"},{\"@type\":\"ListItem\",\"position\":4,\"name\":\"C\u00f3mo prepararse para resonancia magn\u00e9tica\"}]},{\"@type\":\"WebSite\",\"@id\":\"https:\/\/ipmcmed.com\/es\/#website\",\"url\":\"https:\/\/ipmcmed.com\/es\/\",\"name\":\"IPMC - Independent Physicians Medical Center\",\"description\":\"MRI, CT Scan, X-Ray, Ultrasound, Nuclear Medicine, Mammography, Dexa Scan, Cardiology, Health Clinic\",\"publisher\":{\"@id\":\"https:\/\/ipmcmed.com\/es\/#organization\"},\"potentialAction\":[{\"@type\":\"SearchAction\",\"target\":{\"@type\":\"EntryPoint\",\"urlTemplate\":\"https:\/\/ipmcmed.com\/es\/?s={search_term_string}\"},\"query-input\":{\"@type\":\"PropertyValueSpecification\",\"valueRequired\":true,\"valueName\":\"search_term_string\"}}],\"inLanguage\":\"es\"},{\"@type\":\"Organization\",\"@id\":\"https:\/\/ipmcmed.com\/es\/#organization\",\"name\":\"IPMC - Independent Physicians Medical Center\",\"url\":\"https:\/\/ipmcmed.com\/es\/\",\"logo\":{\"@type\":\"ImageObject\",\"inLanguage\":\"es\",\"@id\":\"https:\/\/ipmcmed.com\/es\/#\/schema\/logo\/image\/\",\"url\":\"https:\/\/ipmcmed.com\/wp-content\/uploads\/2025\/02\/ipmc-logo.png\",\"contentUrl\":\"https:\/\/ipmcmed.com\/wp-content\/uploads\/2025\/02\/ipmc-logo.png\",\"width\":600,\"height\":100,\"caption\":\"IPMC - Independent Physicians Medical Center\"},\"image\":{\"@id\":\"https:\/\/ipmcmed.com\/es\/#\/schema\/logo\/image\/\"}}]}<\/script>\n<!-- \/ Yoast SEO plugin. -->","yoast_head_json":{"title":"C\u00f3mo prepararse para resonancia magn\u00e9tica - IPMC - Independent Physicians Medical Center","robots":{"index":"index","follow":"follow","max-snippet":"max-snippet:-1","max-image-preview":"max-image-preview:large","max-video-preview":"max-video-preview:-1"},"canonical":"https:\/\/ipmcmed.com\/es\/radiology\/mri\/mri-preparation\/","og_locale":"es_ES","og_type":"article","og_title":"C\u00f3mo prepararse para resonancia magn\u00e9tica - IPMC - Independent Physicians Medical Center","og_description":"A continuaci\u00f3n, encontrar\u00e1 algunas preguntas que puede esperar si est\u00e1 programando una resonancia magn\u00e9tica (RM). Nota: Por favor, aseg\u00farese de imprimir y completar este formulario antes de su cita para la RM: Cuestionario para Resonancia Magn\u00e9tica \u00bfSu RM requiere una inyecci\u00f3n de contraste? Si no est\u00e1 seguro, comun\u00edquese con su m\u00e9dico remitente para confirmar. Si&hellip;","og_url":"https:\/\/ipmcmed.com\/es\/radiology\/mri\/mri-preparation\/","og_site_name":"IPMC - Independent Physicians Medical Center","article_modified_time":"2025-05-01T21:42:08+00:00","twitter_card":"summary_large_image","twitter_misc":{"Tiempo de lectura":"2 minutos"},"schema":{"@context":"https:\/\/schema.org","@graph":[{"@type":"WebPage","@id":"https:\/\/ipmcmed.com\/es\/radiology\/mri\/mri-preparation\/","url":"https:\/\/ipmcmed.com\/es\/radiology\/mri\/mri-preparation\/","name":"C\u00f3mo prepararse para resonancia magn\u00e9tica - IPMC - Independent Physicians Medical Center","isPartOf":{"@id":"https:\/\/ipmcmed.com\/es\/#website"},"primaryImageOfPage":{"@id":"https:\/\/ipmcmed.com\/es\/radiology\/mri\/mri-preparation\/#primaryimage"},"image":{"@id":"https:\/\/ipmcmed.com\/es\/radiology\/mri\/mri-preparation\/#primaryimage"},"thumbnailUrl":"https:\/\/ipmcmed.com\/wp-content\/uploads\/2025\/04\/mri-06.jpg","datePublished":"2025-04-05T00:52:22+00:00","dateModified":"2025-05-01T21:42:08+00:00","breadcrumb":{"@id":"https:\/\/ipmcmed.com\/es\/radiology\/mri\/mri-preparation\/#breadcrumb"},"inLanguage":"es","potentialAction":[{"@type":"ReadAction","target":["https:\/\/ipmcmed.com\/es\/radiology\/mri\/mri-preparation\/"]}]},{"@type":"ImageObject","inLanguage":"es","@id":"https:\/\/ipmcmed.com\/es\/radiology\/mri\/mri-preparation\/#primaryimage","url":"https:\/\/ipmcmed.com\/wp-content\/uploads\/2025\/04\/mri-06.jpg","contentUrl":"https:\/\/ipmcmed.com\/wp-content\/uploads\/2025\/04\/mri-06.jpg","width":1000,"height":1000},{"@type":"BreadcrumbList","@id":"https:\/\/ipmcmed.com\/es\/radiology\/mri\/mri-preparation\/#breadcrumb","itemListElement":[{"@type":"ListItem","position":1,"name":"Home","item":"https:\/\/ipmcmed.com\/es\/"},{"@type":"ListItem","position":2,"name":"Radiolog\u00eda","item":"https:\/\/ipmcmed.com\/es\/radiology\/"},{"@type":"ListItem","position":3,"name":"Imagen por resonancia magn\u00e9tica (IRM)","item":"https:\/\/ipmcmed.com\/es\/radiology\/mri\/"},{"@type":"ListItem","position":4,"name":"C\u00f3mo prepararse para resonancia magn\u00e9tica"}]},{"@type":"WebSite","@id":"https:\/\/ipmcmed.com\/es\/#website","url":"https:\/\/ipmcmed.com\/es\/","name":"IPMC - Independent Physicians Medical Center","description":"MRI, CT Scan, X-Ray, Ultrasound, Nuclear Medicine, Mammography, Dexa Scan, Cardiology, Health Clinic","publisher":{"@id":"https:\/\/ipmcmed.com\/es\/#organization"},"potentialAction":[{"@type":"SearchAction","target":{"@type":"EntryPoint","urlTemplate":"https:\/\/ipmcmed.com\/es\/?s={search_term_string}"},"query-input":{"@type":"PropertyValueSpecification","valueRequired":true,"valueName":"search_term_string"}}],"inLanguage":"es"},{"@type":"Organization","@id":"https:\/\/ipmcmed.com\/es\/#organization","name":"IPMC - Independent Physicians Medical Center","url":"https:\/\/ipmcmed.com\/es\/","logo":{"@type":"ImageObject","inLanguage":"es","@id":"https:\/\/ipmcmed.com\/es\/#\/schema\/logo\/image\/","url":"https:\/\/ipmcmed.com\/wp-content\/uploads\/2025\/02\/ipmc-logo.png","contentUrl":"https:\/\/ipmcmed.com\/wp-content\/uploads\/2025\/02\/ipmc-logo.png","width":600,"height":100,"caption":"IPMC - Independent Physicians Medical Center"},"image":{"@id":"https:\/\/ipmcmed.com\/es\/#\/schema\/logo\/image\/"}}]}},"_links":{"self":[{"href":"https:\/\/ipmcmed.com\/es\/wp-json\/wp\/v2\/pages\/39858","targetHints":{"allow":["GET"]}}],"collection":[{"href":"https:\/\/ipmcmed.com\/es\/wp-json\/wp\/v2\/pages"}],"about":[{"href":"https:\/\/ipmcmed.com\/es\/wp-json\/wp\/v2\/types\/page"}],"author":[{"embeddable":true,"href":"https:\/\/ipmcmed.com\/es\/wp-json\/wp\/v2\/users\/2"}],"replies":[{"embeddable":true,"href":"https:\/\/ipmcmed.com\/es\/wp-json\/wp\/v2\/comments?post=39858"}],"version-history":[{"count":5,"href":"https:\/\/ipmcmed.com\/es\/wp-json\/wp\/v2\/pages\/39858\/revisions"}],"predecessor-version":[{"id":40831,"href":"https:\/\/ipmcmed.com\/es\/wp-json\/wp\/v2\/pages\/39858\/revisions\/40831"}],"up":[{"embeddable":true,"href":"https:\/\/ipmcmed.com\/es\/wp-json\/wp\/v2\/pages\/39797"}],"wp:featuredmedia":[{"embeddable":true,"href":"https:\/\/ipmcmed.com\/es\/wp-json\/wp\/v2\/media\/39911"}],"wp:attachment":[{"href":"https:\/\/ipmcmed.com\/es\/wp-json\/wp\/v2\/media?parent=39858"}],"curies":[{"name":"wp","href":"https:\/\/api.w.org\/{rel}","templated":true}]}}