{"id":39724,"date":"2025-04-05T01:12:10","date_gmt":"2025-04-05T05:12:10","guid":{"rendered":"https:\/\/ipmcmed.com\/ct-scan\/types-of-ct-scan\/"},"modified":"2025-04-18T23:49:21","modified_gmt":"2025-04-19T04:49:21","slug":"types-of-ct-scan","status":"publish","type":"page","link":"https:\/\/ipmcmed.com\/es\/radiology\/ct-scan\/types-of-ct-scan\/","title":{"rendered":"Tipos de\u00a0tomograf\u00eda computarizada"},"content":{"rendered":"\t\t<div data-elementor-type=\"wp-page\" data-elementor-id=\"39724\" class=\"elementor elementor-39724\" data-elementor-post-type=\"page\">\n\t\t\t\t<div class=\"elementor-element elementor-element-fce38b7 e-con-full e-flex e-con e-parent\" data-id=\"fce38b7\" data-element_type=\"container\">\n\t\t<div class=\"elementor-element elementor-element-6a89215 e-flex e-con-boxed e-con e-child\" data-id=\"6a89215\" data-element_type=\"container\">\n\t\t\t\t\t<div class=\"e-con-inner\">\n\t\t<div class=\"elementor-element elementor-element-37c4d34 e-con-full e-flex e-con e-child\" data-id=\"37c4d34\" data-element_type=\"container\">\n\t\t\t\t<div class=\"elementor-element elementor-element-0cb852a content-align-right the7-hover-visibility-disabled preserve-img-ratio-cover transform-overlay-yes exceeding-frame-yes elementor-widget elementor-widget-the7-image-widget\" data-id=\"0cb852a\" data-element_type=\"widget\" data-settings=\"{&quot;hover_visibility&quot;:&quot;disabled&quot;}\" data-widget_type=\"the7-image-widget.default\">\n\t\t\t\t<div class=\"elementor-widget-container\">\n\t\t\t\t\t<div class=\"the7-image-container\"><div class=\"the7-image-wrapper the7-elementor-widget the7-transform-container\"><div class=\"post-thumbnail-rollover layzr-bg img-css-resize-wrapper\"><img fetchpriority=\"high\" decoding=\"async\" width=\"1000\" height=\"1000\" src=\"data:image\/svg+xml,%3Csvg%20xmlns%3D&#039;http%3A%2F%2Fwww.w3.org%2F2000%2Fsvg&#039;%20viewBox%3D&#039;0%200%201000%201000&#039;%2F%3E\" class=\"attachment-full size-full preload-me aspect lazy lazy-load\" alt=\"\" sizes=\"(max-width: 1000px) 100vw, 1000px\" style=\"--ratio: 1000 \/ 1000;\" data-src=\"https:\/\/ipmcmed.com\/wp-content\/uploads\/2025\/04\/ct-scan-10.jpg\" loading=\"eager\" data-srcset=\"https:\/\/ipmcmed.com\/wp-content\/uploads\/2025\/04\/ct-scan-10.jpg 1000w, https:\/\/ipmcmed.com\/wp-content\/uploads\/2025\/04\/ct-scan-10-300x300.jpg 300w, https:\/\/ipmcmed.com\/wp-content\/uploads\/2025\/04\/ct-scan-10-150x150.jpg 150w, https:\/\/ipmcmed.com\/wp-content\/uploads\/2025\/04\/ct-scan-10-768x768.jpg 768w\" \/><\/div><\/div><\/div>\t\t\t\t<\/div>\n\t\t\t\t<\/div>\n\t\t\t\t<div class=\"elementor-element elementor-element-fe7fe15 dt-nav-menu_align-left dt-sub-menu_align-left elementor-widget elementor-widget-the7_nav-menu\" data-id=\"fe7fe15\" data-element_type=\"widget\" data-settings=\"{&quot;submenu_display&quot;:&quot;always&quot;}\" data-widget_type=\"the7_nav-menu.default\">\n\t\t\t\t<div class=\"elementor-widget-container\">\n\t\t\t\t\t<nav class=\"dt-nav-menu--main dt-nav-menu__container dt-sub-menu-display-always dt-icon-align- dt-icon-position- dt-sub-icon-position- dt-sub-icon-align-\"><ul class=\"dt-nav-menu\"><li class=\"menu-item menu-item-type-post_type menu-item-object-page menu-item-37147 first depth-0\"><a href='https:\/\/ipmcmed.com\/radiology\/ct-scan\/' class=' mega-menu-img' data-level='1'><span class=\"item-content\"><svg xmlns=\"http:\/\/www.w3.org\/2000\/svg\" width=\"56\" height=\"56\" fill=\"#000000\" viewBox=\"0 0 256 256\"><path d=\"M224.49,136.49l-72,72a12,12,0,0,1-17-17L187,140H40a12,12,0,0,1,0-24H187L135.51,64.48a12,12,0,0,1,17-17l72,72A12,12,0,0,1,224.49,136.49Z\"><\/path><\/svg><span class=\"menu-item-text\"><span class=\"menu-text\">Tomograf\u00eda computarizada (TC)<\/span><\/span><\/span><span class=\"\" data-icon = \"\"> <\/span><\/a><\/li> <li class=\"menu-item menu-item-type-post_type menu-item-object-page menu-item-37148 depth-0\"><a href='https:\/\/ipmcmed.com\/radiology\/ct-scan\/coronary-cta\/' class=' mega-menu-img' data-level='1'><span class=\"item-content\"><svg xmlns=\"http:\/\/www.w3.org\/2000\/svg\" width=\"56\" height=\"56\" fill=\"#000000\" viewBox=\"0 0 256 256\"><path d=\"M224.49,136.49l-72,72a12,12,0,0,1-17-17L187,140H40a12,12,0,0,1,0-24H187L135.51,64.48a12,12,0,0,1,17-17l72,72A12,12,0,0,1,224.49,136.49Z\"><\/path><\/svg><span class=\"menu-item-text\"><span class=\"menu-text\">Angiograf\u00eda por tomograf\u00eda computarizada (ATC)<\/span><\/span><\/span><span class=\"\" data-icon = \"\"> <\/span><\/a><\/li> <li class=\"menu-item menu-item-type-post_type menu-item-object-page menu-item-37150 depth-0\"><a href='https:\/\/ipmcmed.com\/radiology\/ct-scan\/types-of-ct-scan\/' class=' mega-menu-img' data-level='1'><span class=\"item-content\"><svg xmlns=\"http:\/\/www.w3.org\/2000\/svg\" width=\"56\" height=\"56\" fill=\"#000000\" viewBox=\"0 0 256 256\"><path d=\"M224.49,136.49l-72,72a12,12,0,0,1-17-17L187,140H40a12,12,0,0,1,0-24H187L135.51,64.48a12,12,0,0,1,17-17l72,72A12,12,0,0,1,224.49,136.49Z\"><\/path><\/svg><span class=\"menu-item-text\"><span class=\"menu-text\">Tipos de\u00a0tomograf\u00eda computarizada<\/span><\/span><\/span><span class=\"\" data-icon = \"\"> <\/span><\/a><\/li> <li class=\"menu-item menu-item-type-post_type menu-item-object-page menu-item-37152 depth-0\"><a href='https:\/\/ipmcmed.com\/radiology\/ct-scan\/ct-scan-preparation\/' class=' mega-menu-img' data-level='1'><span class=\"item-content\"><svg xmlns=\"http:\/\/www.w3.org\/2000\/svg\" width=\"56\" height=\"56\" fill=\"#000000\" viewBox=\"0 0 256 256\"><path d=\"M224.49,136.49l-72,72a12,12,0,0,1-17-17L187,140H40a12,12,0,0,1,0-24H187L135.51,64.48a12,12,0,0,1,17-17l72,72A12,12,0,0,1,224.49,136.49Z\"><\/path><\/svg><span class=\"menu-item-text\"><span class=\"menu-text\">C\u00f3mo prepararse para tomograf\u00eda computarizada<\/span><\/span><\/span><span class=\"\" data-icon = \"\"> <\/span><\/a><\/li> <li class=\"menu-item menu-item-type-post_type menu-item-object-page menu-item-37151 depth-0\"><a href='https:\/\/ipmcmed.com\/radiology\/ct-scan\/ct-scan-with-iv-contrast-preparation\/' class=' mega-menu-img' data-level='1'><span class=\"item-content\"><svg xmlns=\"http:\/\/www.w3.org\/2000\/svg\" width=\"56\" height=\"56\" fill=\"#000000\" viewBox=\"0 0 256 256\"><path d=\"M224.49,136.49l-72,72a12,12,0,0,1-17-17L187,140H40a12,12,0,0,1,0-24H187L135.51,64.48a12,12,0,0,1,17-17l72,72A12,12,0,0,1,224.49,136.49Z\"><\/path><\/svg><span class=\"menu-item-text\"><span class=\"menu-text\">C\u00f3mo prepararse para tomograf\u00eda computarizada con contraste intravenoso<\/span><\/span><\/span><span class=\"\" data-icon = \"\"> <\/span><\/a><\/li> <li class=\"menu-item menu-item-type-post_type menu-item-object-page menu-item-37149 last depth-0\"><a href='https:\/\/ipmcmed.com\/radiology\/ct-scan\/ct-scan-barium-instructions\/' class=' mega-menu-img' data-level='1'><span class=\"item-content\"><svg xmlns=\"http:\/\/www.w3.org\/2000\/svg\" width=\"56\" height=\"56\" fill=\"#000000\" viewBox=\"0 0 256 256\"><path d=\"M224.49,136.49l-72,72a12,12,0,0,1-17-17L187,140H40a12,12,0,0,1,0-24H187L135.51,64.48a12,12,0,0,1,17-17l72,72A12,12,0,0,1,224.49,136.49Z\"><\/path><\/svg><span class=\"menu-item-text\"><span class=\"menu-text\">C\u00f3mo prepararse para tomograf\u00eda computarizada con contraste oral de bario<\/span><\/span><\/span><span class=\"\" data-icon = \"\"> <\/span><\/a><\/li> <\/ul><\/nav>\t\t\t\t<\/div>\n\t\t\t\t<\/div>\n\t\t\t\t<\/div>\n\t\t<div class=\"elementor-element elementor-element-ade6fd2 e-con-full e-flex e-con e-child\" data-id=\"ade6fd2\" data-element_type=\"container\">\n\t\t\t\t<div class=\"elementor-element elementor-element-224f6d2 elementor-widget-tablet__width-inherit elementor-widget elementor-widget-text-editor\" data-id=\"224f6d2\" data-element_type=\"widget\" data-widget_type=\"text-editor.default\">\n\t\t\t\t<div class=\"elementor-widget-container\">\n\t\t\t\t\t\t\t\t\tExisten muchos tipos de estudios de tomograf\u00eda computarizada (TC) y angiograf\u00eda por TC (Angio-TC). A continuaci\u00f3n, los hemos clasificado por categor\u00edas con instrucciones espec\u00edficas para cada uno.\t\t\t\t\t\t\t\t<\/div>\n\t\t\t\t<\/div>\n\t\t\t\t<div class=\"elementor-element elementor-element-0c09ae0 elementor-widget-divider--view-line elementor-widget elementor-widget-divider\" data-id=\"0c09ae0\" data-element_type=\"widget\" data-widget_type=\"divider.default\">\n\t\t\t\t<div class=\"elementor-widget-container\">\n\t\t\t\t\t\t\t<div class=\"elementor-divider\">\n\t\t\t<span class=\"elementor-divider-separator\">\n\t\t\t\t\t\t<\/span>\n\t\t<\/div>\n\t\t\t\t\t\t<\/div>\n\t\t\t\t<\/div>\n\t\t\t\t<div class=\"elementor-element elementor-element-9ba340e elementor-widget-tablet__width-inherit elementor-widget elementor-widget-text-editor\" data-id=\"9ba340e\" data-element_type=\"widget\" data-widget_type=\"text-editor.default\">\n\t\t\t\t<div class=\"elementor-widget-container\">\n\t\t\t\t\t\t\t\t\t<h4>Estudios de TC que no requieren preparaci\u00f3n<\/h4><p>Los siguientes estudios nunca se realizan con contraste y no requieren preparaci\u00f3n por parte del paciente:<\/p><ul><li><strong>TC de huesos temporales \/ TC del conducto auditivo interno (CAI) \/ TC de mand\u00edbula \/ TC de huesos faciales \/ TC de \u00f3rbitas:<\/strong> utilizados para detectar fracturas, tumores, traumatismos, infecciones y otras anomal\u00edas en los huesos mastoideos, o\u00eddo medio e interno, mand\u00edbula y cara.<\/li><li><strong>TC de senos paranasales:<\/strong> se realiza com\u00fanmente para evaluar desviaci\u00f3n del tabique nasal, sinusitis o p\u00f3lipos.<\/li><li><strong>TC de tobillo \/ pie \/ codo \/ clav\u00edcula y articulaciones esternoclaviculares \/ mano \/ cadera \/ rodilla \/ sacro y c\u00f3ccix \/ mu\u00f1eca:<\/strong> indicadas generalmente para diagnosticar fracturas, lesiones de ligamentos y luxaciones.<\/li><\/ul><hr class=\"the7-p-gap\" style=\"padding-bottom: 30px;\" \/><h4>Estudios de TC que pueden requerir contraste intravenoso (IV)<\/h4><p>Si vas a programar alguno de estos estudios, debes revisar tu receta m\u00e9dica o consultar con tu m\u00e9dico para confirmar si necesitas inyecci\u00f3n de contraste.<\/p><p>El material de contraste intravenoso est\u00e1 basado en yodo y se utiliza para mejorar los detalles de los vasos sangu\u00edneos y tejidos blandos. Es especialmente \u00fatil para identificar patolog\u00edas como el c\u00e1ncer.<\/p><p>Los siguientes estudios de TC se realizan, a veces o siempre, con contraste IV y requerir\u00e1n preparaci\u00f3n:<\/p><ul><li><strong>TC de cr\u00e1neo:<\/strong> generalmente utilizada para detectar infartos, causas de cefalea, convulsiones, mareo, tumores, accidente cerebrovascular, AIT, hemorragias o traumatismos \u00f3seos.<\/li><li><strong>TC de tejidos blandos del cuello:<\/strong> se usa para detectar masas, tumores, cuerpos extra\u00f1os, lesiones glandulares, infecciones o abscesos.<\/li><li><strong>TC de extremidades:<\/strong> com\u00fanmente usada para diagnosticar masas, fracturas, lesiones ligamentarias y luxaciones.<\/li><li><strong>TC de columna:<\/strong> se realiza para evaluar lesiones o anomal\u00edas en la columna cervical, tor\u00e1cica o lumbar.<\/li><li><strong>TC de t\u00f3rax:<\/strong> utilizada para detectar cambios agudos o cr\u00f3nicos en los pulmones como fibrosis, enfisema o tumores.<\/li><li><strong>Urograma por TC:<\/strong> eval\u00faa los ri\u00f1ones, ur\u00e9teres y vejiga para detectar c\u00e1lculos, obstrucciones, estenosis o c\u00e1ncer.<\/li><li><strong>B\u00fasqueda de c\u00e1lculos por TC (Stone Search):<\/strong> evaluaci\u00f3n de ri\u00f1ones, ur\u00e9teres y vejiga para detectar c\u00e1lculos. Ha reemplazado en gran medida a la urograf\u00eda intravenosa (PIV), menos precisa.<\/li><li><strong>Todos los estudios Angio-TC (CTA):<\/strong> estudios especializados para evaluar vasos sangu\u00edneos en regiones espec\u00edficas del cuerpo. Consulta la secci\u00f3n de CTA para m\u00e1s informaci\u00f3n detallada.<\/li><\/ul><p><a href=\"#\">C\u00f3mo prepararte para tu estudio de TC o Angio-TC con contraste IV.<\/a><\/p><hr class=\"the7-p-gap\" style=\"padding-bottom: 30px;\" \/><h4>Estudios de TC que pueden requerir contraste IV y\/o oral<\/h4><p>Si vas a realizar alguno de estos estudios, verifica tu receta o consulta con tu m\u00e9dico si necesitas una inyecci\u00f3n de contraste y\/o bario (contraste oral).<\/p><p>El contraste IV est\u00e1 basado en yodo y mejora los detalles de vasos sangu\u00edneos y tejidos blandos, siendo muy \u00fatil en la detecci\u00f3n de enfermedades como el c\u00e1ncer.<\/p><p>El bario (sulfato de bario) es el contraste oral utilizado para mejorar la visualizaci\u00f3n del tracto digestivo. Es radiopaco y aparece blanco en las im\u00e1genes.<\/p><p>Los siguientes estudios de TC se realizan, a veces o siempre, con contraste IV y\/o oral y requerir\u00e1n preparaci\u00f3n:<\/p><ul><li><strong>TC de abdomen:<\/strong> usada com\u00fanmente para diagnosticar y monitorear c\u00e1ncer, dolor abdominal y obstrucci\u00f3n intestinal.<\/li><li><strong>TC de pelvis:<\/strong> empleada con frecuencia para diagnosticar y monitorear c\u00e1ncer, dolor p\u00e9lvico y obstrucci\u00f3n intestinal.<\/li><li>Cualquier combinaci\u00f3n de \u00f3rganos en la cavidad abdominop\u00e9lvica.<\/li><\/ul><p><a href=\"#\">C\u00f3mo prepararte para tu estudio de TC con contraste IV y\/o oral.<\/a><\/p>\t\t\t\t\t\t\t\t<\/div>\n\t\t\t\t<\/div>\n\t\t\t\t<\/div>\n\t\t\t\t\t<\/div>\n\t\t\t\t<\/div>\n\t\t\t\t<\/div>\n\t\t<div class=\"elementor-element elementor-element-f501138 e-con-full e-flex e-con e-child\" data-id=\"f501138\" data-element_type=\"container\" data-settings=\"{&quot;background_background&quot;:&quot;classic&quot;}\">\n\t\t<div class=\"elementor-element elementor-element-510ef1d e-flex e-con-boxed e-con e-child\" data-id=\"510ef1d\" data-element_type=\"container\" data-settings=\"{&quot;background_background&quot;:&quot;gradient&quot;}\">\n\t\t\t\t\t<div class=\"e-con-inner\">\n\t\t<div class=\"elementor-element elementor-element-af09c09 e-flex e-con-boxed e-con e-child\" data-id=\"af09c09\" data-element_type=\"container\">\n\t\t\t\t\t<div class=\"e-con-inner\">\n\t\t\t\t<div class=\"elementor-element elementor-element-ef64662 elementor-widget-tablet__width-inherit elementor-widget__width-initial elementor-widget elementor-widget-the7-heading\" data-id=\"ef64662\" data-element_type=\"widget\" data-widget_type=\"the7-heading.default\">\n\t\t\t\t<div class=\"elementor-widget-container\">\n\t\t\t\t\t<div class=\"the7-heading-title elementor-size-default\">Programar su tomograf\u00eda computarizada es f\u00e1cil.<\/div>\t\t\t\t<\/div>\n\t\t\t\t<\/div>\n\t\t\t\t<div class=\"elementor-element elementor-element-4be2455 elementor-widget-tablet__width-inherit elementor-widget elementor-widget-text-editor\" data-id=\"4be2455\" data-element_type=\"widget\" data-widget_type=\"text-editor.default\">\n\t\t\t\t<div class=\"elementor-widget-container\">\n\t\t\t\t\t\t\t\t\t<h2>Simplemente complete el formulario y nuestro equipo se pondr\u00e1 en contacto para confirmar su cita.<\/h2>\t\t\t\t\t\t\t\t<\/div>\n\t\t\t\t<\/div>\n\t\t\t\t\t<\/div>\n\t\t\t\t<\/div>\n\t\t<div class=\"elementor-element elementor-element-bad4a18 e-con-fit e-flex e-con e-child\" data-id=\"bad4a18\" data-element_type=\"container\">\n\t\t\t\t<div class=\"elementor-element elementor-element-86d67d5 elementor-tablet-align-left elementor-widget elementor-widget-the7_button_widget\" data-id=\"86d67d5\" data-element_type=\"widget\" data-widget_type=\"the7_button_widget.default\">\n\t\t\t\t<div class=\"elementor-widget-container\">\n\t\t\t\t\t<div class=\"elementor-button-wrapper\"><a href=\"#elementor-action%3Aaction%3Dpopup%3Aopen%26settings%3DeyJpZCI6IjE3MDM5IiwidG9nZ2xlIjpmYWxzZX0%3D\" class=\"box-button elementor-button elementor-size-xl\">\u0417\u0430\u043f\u0438\u0441\u0430\u0442\u044c\u0441\u044f \u043d\u0430 \u043f\u0440\u0438\u0451\u043c<\/a><\/div>\t\t\t\t<\/div>\n\t\t\t\t<\/div>\n\t\t\t\t<\/div>\n\t\t\t\t\t<\/div>\n\t\t\t\t<\/div>\n\t\t\t\t<\/div>\n\t\t\t\t<\/div>\n\t\t","protected":false},"excerpt":{"rendered":"<p>Existen muchos tipos de estudios de tomograf\u00eda computarizada (TC) y angiograf\u00eda por TC (Angio-TC). A continuaci\u00f3n, los hemos clasificado por categor\u00edas con instrucciones espec\u00edficas para cada uno. Estudios de TC que no requieren preparaci\u00f3n Los siguientes estudios nunca se realizan con contraste y no requieren preparaci\u00f3n por parte del paciente: TC de huesos temporales \/&hellip;<\/p>\n","protected":false},"author":2,"featured_media":39657,"parent":39650,"menu_order":3,"comment_status":"closed","ping_status":"closed","template":"","meta":{"footnotes":""},"class_list":["post-39724","page","type-page","status-publish","has-post-thumbnail","hentry"],"yoast_head":"<!-- This site is optimized with the Yoast SEO plugin v25.4 - https:\/\/yoast.com\/wordpress\/plugins\/seo\/ -->\n<title>Tipos de\u00a0tomograf\u00eda computarizada - IPMC - Independent Physicians Medical Center<\/title>\n<meta name=\"robots\" content=\"index, follow, max-snippet:-1, max-image-preview:large, max-video-preview:-1\" \/>\n<link rel=\"canonical\" href=\"https:\/\/ipmcmed.com\/es\/radiology\/ct-scan\/types-of-ct-scan\/\" \/>\n<meta property=\"og:locale\" content=\"es_ES\" \/>\n<meta property=\"og:type\" content=\"article\" \/>\n<meta property=\"og:title\" content=\"Tipos de\u00a0tomograf\u00eda computarizada - IPMC - Independent Physicians Medical Center\" \/>\n<meta property=\"og:description\" content=\"Existen muchos tipos de estudios de tomograf\u00eda computarizada (TC) y angiograf\u00eda por TC (Angio-TC). A continuaci\u00f3n, los hemos clasificado por categor\u00edas con instrucciones espec\u00edficas para cada uno. Estudios de TC que no requieren preparaci\u00f3n Los siguientes estudios nunca se realizan con contraste y no requieren preparaci\u00f3n por parte del paciente: TC de huesos temporales \/&hellip;\" \/>\n<meta property=\"og:url\" content=\"https:\/\/ipmcmed.com\/es\/radiology\/ct-scan\/types-of-ct-scan\/\" \/>\n<meta property=\"og:site_name\" content=\"IPMC - Independent Physicians Medical Center\" \/>\n<meta property=\"article:modified_time\" content=\"2025-04-19T04:49:21+00:00\" \/>\n<meta name=\"twitter:card\" content=\"summary_large_image\" \/>\n<meta name=\"twitter:label1\" content=\"Tiempo de lectura\" \/>\n\t<meta name=\"twitter:data1\" content=\"3 minutos\" \/>\n<script type=\"application\/ld+json\" class=\"yoast-schema-graph\">{\"@context\":\"https:\/\/schema.org\",\"@graph\":[{\"@type\":\"WebPage\",\"@id\":\"https:\/\/ipmcmed.com\/es\/radiology\/ct-scan\/types-of-ct-scan\/\",\"url\":\"https:\/\/ipmcmed.com\/es\/radiology\/ct-scan\/types-of-ct-scan\/\",\"name\":\"Tipos de\u00a0tomograf\u00eda computarizada - IPMC - Independent Physicians Medical Center\",\"isPartOf\":{\"@id\":\"https:\/\/ipmcmed.com\/es\/#website\"},\"primaryImageOfPage\":{\"@id\":\"https:\/\/ipmcmed.com\/es\/radiology\/ct-scan\/types-of-ct-scan\/#primaryimage\"},\"image\":{\"@id\":\"https:\/\/ipmcmed.com\/es\/radiology\/ct-scan\/types-of-ct-scan\/#primaryimage\"},\"thumbnailUrl\":\"https:\/\/ipmcmed.com\/wp-content\/uploads\/2025\/04\/ct-scan-10.jpg\",\"datePublished\":\"2025-04-05T05:12:10+00:00\",\"dateModified\":\"2025-04-19T04:49:21+00:00\",\"breadcrumb\":{\"@id\":\"https:\/\/ipmcmed.com\/es\/radiology\/ct-scan\/types-of-ct-scan\/#breadcrumb\"},\"inLanguage\":\"es\",\"potentialAction\":[{\"@type\":\"ReadAction\",\"target\":[\"https:\/\/ipmcmed.com\/es\/radiology\/ct-scan\/types-of-ct-scan\/\"]}]},{\"@type\":\"ImageObject\",\"inLanguage\":\"es\",\"@id\":\"https:\/\/ipmcmed.com\/es\/radiology\/ct-scan\/types-of-ct-scan\/#primaryimage\",\"url\":\"https:\/\/ipmcmed.com\/wp-content\/uploads\/2025\/04\/ct-scan-10.jpg\",\"contentUrl\":\"https:\/\/ipmcmed.com\/wp-content\/uploads\/2025\/04\/ct-scan-10.jpg\",\"width\":1000,\"height\":1000},{\"@type\":\"BreadcrumbList\",\"@id\":\"https:\/\/ipmcmed.com\/es\/radiology\/ct-scan\/types-of-ct-scan\/#breadcrumb\",\"itemListElement\":[{\"@type\":\"ListItem\",\"position\":1,\"name\":\"Home\",\"item\":\"https:\/\/ipmcmed.com\/es\/\"},{\"@type\":\"ListItem\",\"position\":2,\"name\":\"Radiolog\u00eda\",\"item\":\"https:\/\/ipmcmed.com\/es\/radiology\/\"},{\"@type\":\"ListItem\",\"position\":3,\"name\":\"Tomograf\u00eda computarizada (TC)\",\"item\":\"https:\/\/ipmcmed.com\/es\/radiology\/ct-scan\/\"},{\"@type\":\"ListItem\",\"position\":4,\"name\":\"Tipos de\u00a0tomograf\u00eda computarizada\"}]},{\"@type\":\"WebSite\",\"@id\":\"https:\/\/ipmcmed.com\/es\/#website\",\"url\":\"https:\/\/ipmcmed.com\/es\/\",\"name\":\"IPMC - Independent Physicians Medical Center\",\"description\":\"MRI, CT Scan, X-Ray, Ultrasound, Nuclear Medicine, Mammography, Dexa Scan, Cardiology, Health Clinic\",\"publisher\":{\"@id\":\"https:\/\/ipmcmed.com\/es\/#organization\"},\"potentialAction\":[{\"@type\":\"SearchAction\",\"target\":{\"@type\":\"EntryPoint\",\"urlTemplate\":\"https:\/\/ipmcmed.com\/es\/?s={search_term_string}\"},\"query-input\":{\"@type\":\"PropertyValueSpecification\",\"valueRequired\":true,\"valueName\":\"search_term_string\"}}],\"inLanguage\":\"es\"},{\"@type\":\"Organization\",\"@id\":\"https:\/\/ipmcmed.com\/es\/#organization\",\"name\":\"IPMC - Independent Physicians Medical Center\",\"url\":\"https:\/\/ipmcmed.com\/es\/\",\"logo\":{\"@type\":\"ImageObject\",\"inLanguage\":\"es\",\"@id\":\"https:\/\/ipmcmed.com\/es\/#\/schema\/logo\/image\/\",\"url\":\"https:\/\/ipmcmed.com\/wp-content\/uploads\/2025\/02\/ipmc-logo.png\",\"contentUrl\":\"https:\/\/ipmcmed.com\/wp-content\/uploads\/2025\/02\/ipmc-logo.png\",\"width\":600,\"height\":100,\"caption\":\"IPMC - Independent Physicians Medical Center\"},\"image\":{\"@id\":\"https:\/\/ipmcmed.com\/es\/#\/schema\/logo\/image\/\"}}]}<\/script>\n<!-- \/ Yoast SEO plugin. -->","yoast_head_json":{"title":"Tipos de\u00a0tomograf\u00eda computarizada - IPMC - Independent Physicians Medical Center","robots":{"index":"index","follow":"follow","max-snippet":"max-snippet:-1","max-image-preview":"max-image-preview:large","max-video-preview":"max-video-preview:-1"},"canonical":"https:\/\/ipmcmed.com\/es\/radiology\/ct-scan\/types-of-ct-scan\/","og_locale":"es_ES","og_type":"article","og_title":"Tipos de\u00a0tomograf\u00eda computarizada - IPMC - Independent Physicians Medical Center","og_description":"Existen muchos tipos de estudios de tomograf\u00eda computarizada (TC) y angiograf\u00eda por TC (Angio-TC). A continuaci\u00f3n, los hemos clasificado por categor\u00edas con instrucciones espec\u00edficas para cada uno. Estudios de TC que no requieren preparaci\u00f3n Los siguientes estudios nunca se realizan con contraste y no requieren preparaci\u00f3n por parte del paciente: TC de huesos temporales \/&hellip;","og_url":"https:\/\/ipmcmed.com\/es\/radiology\/ct-scan\/types-of-ct-scan\/","og_site_name":"IPMC - Independent Physicians Medical Center","article_modified_time":"2025-04-19T04:49:21+00:00","twitter_card":"summary_large_image","twitter_misc":{"Tiempo de lectura":"3 minutos"},"schema":{"@context":"https:\/\/schema.org","@graph":[{"@type":"WebPage","@id":"https:\/\/ipmcmed.com\/es\/radiology\/ct-scan\/types-of-ct-scan\/","url":"https:\/\/ipmcmed.com\/es\/radiology\/ct-scan\/types-of-ct-scan\/","name":"Tipos de\u00a0tomograf\u00eda computarizada - IPMC - Independent Physicians Medical Center","isPartOf":{"@id":"https:\/\/ipmcmed.com\/es\/#website"},"primaryImageOfPage":{"@id":"https:\/\/ipmcmed.com\/es\/radiology\/ct-scan\/types-of-ct-scan\/#primaryimage"},"image":{"@id":"https:\/\/ipmcmed.com\/es\/radiology\/ct-scan\/types-of-ct-scan\/#primaryimage"},"thumbnailUrl":"https:\/\/ipmcmed.com\/wp-content\/uploads\/2025\/04\/ct-scan-10.jpg","datePublished":"2025-04-05T05:12:10+00:00","dateModified":"2025-04-19T04:49:21+00:00","breadcrumb":{"@id":"https:\/\/ipmcmed.com\/es\/radiology\/ct-scan\/types-of-ct-scan\/#breadcrumb"},"inLanguage":"es","potentialAction":[{"@type":"ReadAction","target":["https:\/\/ipmcmed.com\/es\/radiology\/ct-scan\/types-of-ct-scan\/"]}]},{"@type":"ImageObject","inLanguage":"es","@id":"https:\/\/ipmcmed.com\/es\/radiology\/ct-scan\/types-of-ct-scan\/#primaryimage","url":"https:\/\/ipmcmed.com\/wp-content\/uploads\/2025\/04\/ct-scan-10.jpg","contentUrl":"https:\/\/ipmcmed.com\/wp-content\/uploads\/2025\/04\/ct-scan-10.jpg","width":1000,"height":1000},{"@type":"BreadcrumbList","@id":"https:\/\/ipmcmed.com\/es\/radiology\/ct-scan\/types-of-ct-scan\/#breadcrumb","itemListElement":[{"@type":"ListItem","position":1,"name":"Home","item":"https:\/\/ipmcmed.com\/es\/"},{"@type":"ListItem","position":2,"name":"Radiolog\u00eda","item":"https:\/\/ipmcmed.com\/es\/radiology\/"},{"@type":"ListItem","position":3,"name":"Tomograf\u00eda computarizada (TC)","item":"https:\/\/ipmcmed.com\/es\/radiology\/ct-scan\/"},{"@type":"ListItem","position":4,"name":"Tipos de\u00a0tomograf\u00eda computarizada"}]},{"@type":"WebSite","@id":"https:\/\/ipmcmed.com\/es\/#website","url":"https:\/\/ipmcmed.com\/es\/","name":"IPMC - Independent Physicians Medical Center","description":"MRI, CT Scan, X-Ray, Ultrasound, Nuclear Medicine, Mammography, Dexa Scan, Cardiology, Health Clinic","publisher":{"@id":"https:\/\/ipmcmed.com\/es\/#organization"},"potentialAction":[{"@type":"SearchAction","target":{"@type":"EntryPoint","urlTemplate":"https:\/\/ipmcmed.com\/es\/?s={search_term_string}"},"query-input":{"@type":"PropertyValueSpecification","valueRequired":true,"valueName":"search_term_string"}}],"inLanguage":"es"},{"@type":"Organization","@id":"https:\/\/ipmcmed.com\/es\/#organization","name":"IPMC - Independent Physicians Medical Center","url":"https:\/\/ipmcmed.com\/es\/","logo":{"@type":"ImageObject","inLanguage":"es","@id":"https:\/\/ipmcmed.com\/es\/#\/schema\/logo\/image\/","url":"https:\/\/ipmcmed.com\/wp-content\/uploads\/2025\/02\/ipmc-logo.png","contentUrl":"https:\/\/ipmcmed.com\/wp-content\/uploads\/2025\/02\/ipmc-logo.png","width":600,"height":100,"caption":"IPMC - Independent Physicians Medical Center"},"image":{"@id":"https:\/\/ipmcmed.com\/es\/#\/schema\/logo\/image\/"}}]}},"_links":{"self":[{"href":"https:\/\/ipmcmed.com\/es\/wp-json\/wp\/v2\/pages\/39724","targetHints":{"allow":["GET"]}}],"collection":[{"href":"https:\/\/ipmcmed.com\/es\/wp-json\/wp\/v2\/pages"}],"about":[{"href":"https:\/\/ipmcmed.com\/es\/wp-json\/wp\/v2\/types\/page"}],"author":[{"embeddable":true,"href":"https:\/\/ipmcmed.com\/es\/wp-json\/wp\/v2\/users\/2"}],"replies":[{"embeddable":true,"href":"https:\/\/ipmcmed.com\/es\/wp-json\/wp\/v2\/comments?post=39724"}],"version-history":[{"count":6,"href":"https:\/\/ipmcmed.com\/es\/wp-json\/wp\/v2\/pages\/39724\/revisions"}],"predecessor-version":[{"id":39737,"href":"https:\/\/ipmcmed.com\/es\/wp-json\/wp\/v2\/pages\/39724\/revisions\/39737"}],"up":[{"embeddable":true,"href":"https:\/\/ipmcmed.com\/es\/wp-json\/wp\/v2\/pages\/39650"}],"wp:featuredmedia":[{"embeddable":true,"href":"https:\/\/ipmcmed.com\/es\/wp-json\/wp\/v2\/media\/39657"}],"wp:attachment":[{"href":"https:\/\/ipmcmed.com\/es\/wp-json\/wp\/v2\/media?parent=39724"}],"curies":[{"name":"wp","href":"https:\/\/api.w.org\/{rel}","templated":true}]}}