{"id":39695,"date":"2025-04-05T00:49:36","date_gmt":"2025-04-05T04:49:36","guid":{"rendered":"https:\/\/ipmcmed.com\/ct-scan\/ct-scan-with-iv-contrast-preparation\/"},"modified":"2025-05-01T16:42:45","modified_gmt":"2025-05-01T21:42:45","slug":"ct-scan-with-iv-contrast-preparation","status":"publish","type":"page","link":"https:\/\/ipmcmed.com\/es\/radiology\/ct-scan\/ct-scan-with-iv-contrast-preparation\/","title":{"rendered":"C\u00f3mo prepararse para tomograf\u00eda computarizada con contraste intravenoso"},"content":{"rendered":"\t\t<div data-elementor-type=\"wp-page\" data-elementor-id=\"39695\" class=\"elementor elementor-39695\" data-elementor-post-type=\"page\">\n\t\t\t\t<div class=\"elementor-element elementor-element-fce38b7 e-con-full e-flex e-con e-parent\" data-id=\"fce38b7\" data-element_type=\"container\">\n\t\t<div class=\"elementor-element elementor-element-6a89215 e-flex e-con-boxed e-con e-child\" data-id=\"6a89215\" data-element_type=\"container\">\n\t\t\t\t\t<div class=\"e-con-inner\">\n\t\t<div class=\"elementor-element elementor-element-37c4d34 e-con-full e-flex e-con e-child\" data-id=\"37c4d34\" data-element_type=\"container\">\n\t\t\t\t<div class=\"elementor-element elementor-element-0cb852a content-align-right the7-hover-visibility-disabled preserve-img-ratio-cover transform-overlay-yes exceeding-frame-yes elementor-widget elementor-widget-the7-image-widget\" data-id=\"0cb852a\" data-element_type=\"widget\" data-settings=\"{&quot;hover_visibility&quot;:&quot;disabled&quot;}\" data-widget_type=\"the7-image-widget.default\">\n\t\t\t\t<div class=\"elementor-widget-container\">\n\t\t\t\t\t<div class=\"the7-image-container\"><div class=\"the7-image-wrapper the7-elementor-widget the7-transform-container\"><div class=\"post-thumbnail-rollover layzr-bg img-css-resize-wrapper\"><img fetchpriority=\"high\" decoding=\"async\" width=\"1000\" height=\"1000\" src=\"data:image\/svg+xml,%3Csvg%20xmlns%3D&#039;http%3A%2F%2Fwww.w3.org%2F2000%2Fsvg&#039;%20viewBox%3D&#039;0%200%201000%201000&#039;%2F%3E\" class=\"attachment-full size-full preload-me aspect lazy lazy-load\" alt=\"\" sizes=\"(max-width: 1000px) 100vw, 1000px\" style=\"--ratio: 1000 \/ 1000;\" data-src=\"https:\/\/ipmcmed.com\/wp-content\/uploads\/2025\/04\/ct-scan-10.jpg\" loading=\"eager\" data-srcset=\"https:\/\/ipmcmed.com\/wp-content\/uploads\/2025\/04\/ct-scan-10.jpg 1000w, https:\/\/ipmcmed.com\/wp-content\/uploads\/2025\/04\/ct-scan-10-300x300.jpg 300w, https:\/\/ipmcmed.com\/wp-content\/uploads\/2025\/04\/ct-scan-10-150x150.jpg 150w, https:\/\/ipmcmed.com\/wp-content\/uploads\/2025\/04\/ct-scan-10-768x768.jpg 768w\" \/><\/div><\/div><\/div>\t\t\t\t<\/div>\n\t\t\t\t<\/div>\n\t\t\t\t<div class=\"elementor-element elementor-element-fe7fe15 dt-nav-menu_align-left dt-sub-menu_align-left elementor-widget elementor-widget-the7_nav-menu\" data-id=\"fe7fe15\" data-element_type=\"widget\" data-settings=\"{&quot;submenu_display&quot;:&quot;always&quot;}\" data-widget_type=\"the7_nav-menu.default\">\n\t\t\t\t<div class=\"elementor-widget-container\">\n\t\t\t\t\t<nav class=\"dt-nav-menu--main dt-nav-menu__container dt-sub-menu-display-always dt-icon-align- dt-icon-position- dt-sub-icon-position- dt-sub-icon-align-\"><ul class=\"dt-nav-menu\"><li class=\"menu-item menu-item-type-post_type menu-item-object-page menu-item-37147 first depth-0\"><a href='https:\/\/ipmcmed.com\/radiology\/ct-scan\/' class=' mega-menu-img' data-level='1'><span class=\"item-content\"><svg xmlns=\"http:\/\/www.w3.org\/2000\/svg\" width=\"56\" height=\"56\" fill=\"#000000\" viewBox=\"0 0 256 256\"><path d=\"M224.49,136.49l-72,72a12,12,0,0,1-17-17L187,140H40a12,12,0,0,1,0-24H187L135.51,64.48a12,12,0,0,1,17-17l72,72A12,12,0,0,1,224.49,136.49Z\"><\/path><\/svg><span class=\"menu-item-text\"><span class=\"menu-text\">Tomograf\u00eda computarizada (TC)<\/span><\/span><\/span><span class=\"\" data-icon = \"\"> <\/span><\/a><\/li> <li class=\"menu-item menu-item-type-post_type menu-item-object-page menu-item-37148 depth-0\"><a href='https:\/\/ipmcmed.com\/radiology\/ct-scan\/coronary-cta\/' class=' mega-menu-img' data-level='1'><span class=\"item-content\"><svg xmlns=\"http:\/\/www.w3.org\/2000\/svg\" width=\"56\" height=\"56\" fill=\"#000000\" viewBox=\"0 0 256 256\"><path d=\"M224.49,136.49l-72,72a12,12,0,0,1-17-17L187,140H40a12,12,0,0,1,0-24H187L135.51,64.48a12,12,0,0,1,17-17l72,72A12,12,0,0,1,224.49,136.49Z\"><\/path><\/svg><span class=\"menu-item-text\"><span class=\"menu-text\">Angiograf\u00eda por tomograf\u00eda computarizada (ATC)<\/span><\/span><\/span><span class=\"\" data-icon = \"\"> <\/span><\/a><\/li> <li class=\"menu-item menu-item-type-post_type menu-item-object-page menu-item-37150 depth-0\"><a href='https:\/\/ipmcmed.com\/radiology\/ct-scan\/types-of-ct-scan\/' class=' mega-menu-img' data-level='1'><span class=\"item-content\"><svg xmlns=\"http:\/\/www.w3.org\/2000\/svg\" width=\"56\" height=\"56\" fill=\"#000000\" viewBox=\"0 0 256 256\"><path d=\"M224.49,136.49l-72,72a12,12,0,0,1-17-17L187,140H40a12,12,0,0,1,0-24H187L135.51,64.48a12,12,0,0,1,17-17l72,72A12,12,0,0,1,224.49,136.49Z\"><\/path><\/svg><span class=\"menu-item-text\"><span class=\"menu-text\">Tipos de\u00a0tomograf\u00eda computarizada<\/span><\/span><\/span><span class=\"\" data-icon = \"\"> <\/span><\/a><\/li> <li class=\"menu-item menu-item-type-post_type menu-item-object-page menu-item-37152 depth-0\"><a href='https:\/\/ipmcmed.com\/radiology\/ct-scan\/ct-scan-preparation\/' class=' mega-menu-img' data-level='1'><span class=\"item-content\"><svg xmlns=\"http:\/\/www.w3.org\/2000\/svg\" width=\"56\" height=\"56\" fill=\"#000000\" viewBox=\"0 0 256 256\"><path d=\"M224.49,136.49l-72,72a12,12,0,0,1-17-17L187,140H40a12,12,0,0,1,0-24H187L135.51,64.48a12,12,0,0,1,17-17l72,72A12,12,0,0,1,224.49,136.49Z\"><\/path><\/svg><span class=\"menu-item-text\"><span class=\"menu-text\">C\u00f3mo prepararse para tomograf\u00eda computarizada<\/span><\/span><\/span><span class=\"\" data-icon = \"\"> <\/span><\/a><\/li> <li class=\"menu-item menu-item-type-post_type menu-item-object-page menu-item-37151 depth-0\"><a href='https:\/\/ipmcmed.com\/radiology\/ct-scan\/ct-scan-with-iv-contrast-preparation\/' class=' mega-menu-img' data-level='1'><span class=\"item-content\"><svg xmlns=\"http:\/\/www.w3.org\/2000\/svg\" width=\"56\" height=\"56\" fill=\"#000000\" viewBox=\"0 0 256 256\"><path d=\"M224.49,136.49l-72,72a12,12,0,0,1-17-17L187,140H40a12,12,0,0,1,0-24H187L135.51,64.48a12,12,0,0,1,17-17l72,72A12,12,0,0,1,224.49,136.49Z\"><\/path><\/svg><span class=\"menu-item-text\"><span class=\"menu-text\">C\u00f3mo prepararse para tomograf\u00eda computarizada con contraste intravenoso<\/span><\/span><\/span><span class=\"\" data-icon = \"\"> <\/span><\/a><\/li> <li class=\"menu-item menu-item-type-post_type menu-item-object-page menu-item-37149 last depth-0\"><a href='https:\/\/ipmcmed.com\/radiology\/ct-scan\/ct-scan-barium-instructions\/' class=' mega-menu-img' data-level='1'><span class=\"item-content\"><svg xmlns=\"http:\/\/www.w3.org\/2000\/svg\" width=\"56\" height=\"56\" fill=\"#000000\" viewBox=\"0 0 256 256\"><path d=\"M224.49,136.49l-72,72a12,12,0,0,1-17-17L187,140H40a12,12,0,0,1,0-24H187L135.51,64.48a12,12,0,0,1,17-17l72,72A12,12,0,0,1,224.49,136.49Z\"><\/path><\/svg><span class=\"menu-item-text\"><span class=\"menu-text\">C\u00f3mo prepararse para tomograf\u00eda computarizada con contraste oral de bario<\/span><\/span><\/span><span class=\"\" data-icon = \"\"> <\/span><\/a><\/li> <\/ul><\/nav>\t\t\t\t<\/div>\n\t\t\t\t<\/div>\n\t\t\t\t<\/div>\n\t\t<div class=\"elementor-element elementor-element-ade6fd2 e-con-full e-flex e-con e-child\" data-id=\"ade6fd2\" data-element_type=\"container\">\n\t\t\t\t<div class=\"elementor-element elementor-element-224f6d2 elementor-widget-tablet__width-inherit elementor-widget elementor-widget-text-editor\" data-id=\"224f6d2\" data-element_type=\"widget\" data-widget_type=\"text-editor.default\">\n\t\t\t\t<div class=\"elementor-widget-container\">\n\t\t\t\t\t\t\t\t\tEs muy importante seguir estas instrucciones para que el estudio se realice de forma segura y correcta, y para obtener resultados precisos.\t\t\t\t\t\t\t\t<\/div>\n\t\t\t\t<\/div>\n\t\t\t\t<div class=\"elementor-element elementor-element-d9ea77a elementor-widget-divider--view-line elementor-widget elementor-widget-divider\" data-id=\"d9ea77a\" data-element_type=\"widget\" data-widget_type=\"divider.default\">\n\t\t\t\t<div class=\"elementor-widget-container\">\n\t\t\t\t\t\t\t<div class=\"elementor-divider\">\n\t\t\t<span class=\"elementor-divider-separator\">\n\t\t\t\t\t\t<\/span>\n\t\t<\/div>\n\t\t\t\t\t\t<\/div>\n\t\t\t\t<\/div>\n\t\t\t\t<div class=\"elementor-element elementor-element-9ba340e elementor-widget-tablet__width-inherit elementor-widget elementor-widget-text-editor\" data-id=\"9ba340e\" data-element_type=\"widget\" data-widget_type=\"text-editor.default\">\n\t\t\t\t<div class=\"elementor-widget-container\">\n\t\t\t\t\t\t\t\t\t<h4>Contraste oral o por inyecci\u00f3n<\/h4><p><strong>\u00bfTu receta dice \u201cwith contrast\u201d, \u201cwith and without contrast\u201d, \u201cinj\u201d o tiene la letra C?<\/strong><\/p><p>Esto significa que tu estudio requiere una inyecci\u00f3n de contraste.<\/p><p><strong>\u00bfTu receta dice \u201coral\u201d, \u201cP\/O\u201d o \u201cbarium\u201d?<\/strong><\/p><p>Esto significa que tu estudio requiere contraste de bario por v\u00eda oral.<\/p><hr class=\"the7-p-gap\" style=\"padding-bottom: 30px;\" \/><h2>Preparaci\u00f3n para TC con contraste intravenoso (IV)<\/h2><h4>Mantente bien hidratado<\/h4><p>El d\u00eda anterior y el d\u00eda del estudio debes mantenerte muy bien hidratado. Bebe mucha agua, pero evita todas las dem\u00e1s bebidas, especialmente las que contienen cafe\u00edna, ya que pueden causar deshidrataci\u00f3n.<\/p><ul><li>Si te van a realizar una tomograf\u00eda (CT o CTA) con contraste intravenoso, aseg\u00farate de beber mucha agua antes y despu\u00e9s del estudio. Esto ayudar\u00e1 a que la inyecci\u00f3n sea lo m\u00e1s indolora posible y permitir\u00e1 eliminar r\u00e1pidamente el material de contraste de tu cuerpo.<\/li><li>No comas ni bebas nada (excepto agua) durante las 4 horas previas a tu cita.<\/li><li>Si necesitas tomar medicamentos que no est\u00e9n listados abajo, t\u00f3malo como lo haces normalmente.<\/li><\/ul><hr class=\"the7-p-gap\" style=\"padding-bottom: 30px;\" \/><h4>An\u00e1lisis de sangre<\/h4><p>Necesitar\u00e1s presentar an\u00e1lisis de sangre que incluyan niveles de BUN (nitr\u00f3geno ureico en sangre), creatinina y tasa de filtraci\u00f3n glomerular (GFR) no mayores a 90 d\u00edas si:<\/p><ul><li>Tienes 60 a\u00f1os o m\u00e1s.<\/li><li>Tienes antecedentes de enfermedades renales o hep\u00e1ticas (insuficiencia renal, un solo ri\u00f1\u00f3n, hepatitis, etc.).<\/li><li>Tienes diabetes.<\/li><li>Tienes hipertensi\u00f3n.<\/li><\/ul><p>Si a\u00fan no tienes estos an\u00e1lisis, deber\u00e1s contactar a tu m\u00e9dico de cabecera para que te emita una orden. Aseg\u00farate de tener los resultados al menos 3 d\u00edas antes del estudio.<\/p><hr class=\"the7-p-gap\" style=\"padding-bottom: 30px;\" \/><h4>Preparaci\u00f3n para alergias (esteroides)<\/h4><p>Deber\u00e1s consultar a tu m\u00e9dico de cabecera sobre una posible preparaci\u00f3n con esteroides si tienes alguno de los siguientes casos:<\/p><ul><li>Alergia a mariscos, crust\u00e1ceos o yodo.<\/li><li>Asma u otro trastorno respiratorio que requiera inhalador.<\/li><li>Reacci\u00f3n al\u00e9rgica previa al contraste intravenoso.<\/li><li>Alergia a cualquier medicamento.<\/li><\/ul><hr class=\"the7-p-gap\" style=\"padding-bottom: 30px;\" \/><h4>Si tienes diabetes<\/h4><p>Si tienes diabetes y tomas medicamentos que no sean insulina, consulta la siguiente lista de medicamentos que no debes tomar el d\u00eda del estudio ni durante las 48 horas posteriores. Si no est\u00e1s seguro, no lo tomes el d\u00eda del examen, pero tr\u00e1elo contigo para mostr\u00e1rselo al tecn\u00f3logo.<\/p><p>Medicamentos a evitar:<\/p><ul><li>Actoplus Met, Avandamet, Fortamet, Glucophage, Glucovance, Glumetza, Janumet, Jentadueto, Kombiglyze, Linagliptina, Metformina, Metaglip, Metformina Hidrocloruro, Pioglitazona, Prandimet, Repaglinida, Riomet, Saxagliptina, Sitagliptina.<\/li><\/ul><hr class=\"the7-p-gap\" style=\"padding-bottom: 30px;\" \/><h4>El d\u00eda de tu cita<\/h4><p>Por favor, lleva contigo lo siguiente:<\/p><ul><li>Autorizaci\u00f3n previa o referencia (si lo requiere tu seguro)<\/li><li>Tarjeta de seguro m\u00e9dico<\/li><li>Identificaci\u00f3n con foto<\/li><li>Receta m\u00e9dica<\/li><\/ul><hr class=\"the7-p-gap\" style=\"padding-bottom: 30px;\" \/><h4>\u00bfTienes preguntas?<\/h4><p>Si tienes dudas sobre alguna parte de estas instrucciones, comun\u00edcate con el m\u00e9dico que te refiri\u00f3 o con tu m\u00e9dico de cabecera.<\/p>\t\t\t\t\t\t\t\t<\/div>\n\t\t\t\t<\/div>\n\t\t\t\t<\/div>\n\t\t\t\t\t<\/div>\n\t\t\t\t<\/div>\n\t\t\t\t<\/div>\n\t\t<div class=\"elementor-element elementor-element-f501138 e-con-full e-flex e-con e-child\" data-id=\"f501138\" data-element_type=\"container\" data-settings=\"{&quot;background_background&quot;:&quot;classic&quot;}\">\n\t\t<div class=\"elementor-element elementor-element-510ef1d e-flex e-con-boxed e-con e-child\" data-id=\"510ef1d\" data-element_type=\"container\" data-settings=\"{&quot;background_background&quot;:&quot;gradient&quot;}\">\n\t\t\t\t\t<div class=\"e-con-inner\">\n\t\t<div class=\"elementor-element elementor-element-af09c09 e-flex e-con-boxed e-con e-child\" data-id=\"af09c09\" data-element_type=\"container\">\n\t\t\t\t\t<div class=\"e-con-inner\">\n\t\t\t\t<div class=\"elementor-element elementor-element-ef64662 elementor-widget-tablet__width-inherit elementor-widget__width-initial elementor-widget elementor-widget-the7-heading\" data-id=\"ef64662\" data-element_type=\"widget\" data-widget_type=\"the7-heading.default\">\n\t\t\t\t<div class=\"elementor-widget-container\">\n\t\t\t\t\t<div class=\"the7-heading-title elementor-size-default\">Programar su tomograf\u00eda computarizada es f\u00e1cil.<\/div>\t\t\t\t<\/div>\n\t\t\t\t<\/div>\n\t\t\t\t<div class=\"elementor-element elementor-element-4be2455 elementor-widget-tablet__width-inherit elementor-widget elementor-widget-text-editor\" data-id=\"4be2455\" data-element_type=\"widget\" data-widget_type=\"text-editor.default\">\n\t\t\t\t<div class=\"elementor-widget-container\">\n\t\t\t\t\t\t\t\t\t<h2>Simplemente complete el formulario y nuestro equipo se pondr\u00e1 en contacto para confirmar su cita.<\/h2>\t\t\t\t\t\t\t\t<\/div>\n\t\t\t\t<\/div>\n\t\t\t\t\t<\/div>\n\t\t\t\t<\/div>\n\t\t<div class=\"elementor-element elementor-element-bad4a18 e-con-fit e-flex e-con e-child\" data-id=\"bad4a18\" data-element_type=\"container\">\n\t\t\t\t<div class=\"elementor-element elementor-element-86d67d5 elementor-tablet-align-left elementor-widget elementor-widget-the7_button_widget\" data-id=\"86d67d5\" data-element_type=\"widget\" data-widget_type=\"the7_button_widget.default\">\n\t\t\t\t<div class=\"elementor-widget-container\">\n\t\t\t\t\t<div class=\"elementor-button-wrapper\"><a href=\"#elementor-action%3Aaction%3Dpopup%3Aopen%26settings%3DeyJpZCI6IjE3MDM5IiwidG9nZ2xlIjpmYWxzZX0%3D\" class=\"box-button elementor-button elementor-size-xl\">Solicitar cita<\/a><\/div>\t\t\t\t<\/div>\n\t\t\t\t<\/div>\n\t\t\t\t<\/div>\n\t\t\t\t\t<\/div>\n\t\t\t\t<\/div>\n\t\t\t\t<\/div>\n\t\t\t\t<\/div>\n\t\t","protected":false},"excerpt":{"rendered":"<p>Es muy importante seguir estas instrucciones para que el estudio se realice de forma segura y correcta, y para obtener resultados precisos. Contraste oral o por inyecci\u00f3n \u00bfTu receta dice \u201cwith contrast\u201d, \u201cwith and without contrast\u201d, \u201cinj\u201d o tiene la letra C? Esto significa que tu estudio requiere una inyecci\u00f3n de contraste. \u00bfTu receta dice&hellip;<\/p>\n","protected":false},"author":2,"featured_media":43367,"parent":39650,"menu_order":3,"comment_status":"closed","ping_status":"closed","template":"","meta":{"footnotes":""},"class_list":["post-39695","page","type-page","status-publish","has-post-thumbnail","hentry"],"yoast_head":"<!-- This site is optimized with the Yoast SEO plugin v25.4 - https:\/\/yoast.com\/wordpress\/plugins\/seo\/ -->\n<title>C\u00f3mo prepararse para tomograf\u00eda computarizada con contraste intravenoso - IPMC - Independent Physicians Medical Center<\/title>\n<meta name=\"robots\" content=\"index, follow, max-snippet:-1, max-image-preview:large, max-video-preview:-1\" \/>\n<link rel=\"canonical\" href=\"https:\/\/ipmcmed.com\/es\/radiology\/ct-scan\/ct-scan-with-iv-contrast-preparation\/\" \/>\n<meta property=\"og:locale\" content=\"es_ES\" \/>\n<meta property=\"og:type\" content=\"article\" \/>\n<meta property=\"og:title\" content=\"C\u00f3mo prepararse para tomograf\u00eda computarizada con contraste intravenoso - IPMC - Independent Physicians Medical Center\" \/>\n<meta property=\"og:description\" content=\"Es muy importante seguir estas instrucciones para que el estudio se realice de forma segura y correcta, y para obtener resultados precisos. Contraste oral o por inyecci\u00f3n \u00bfTu receta dice \u201cwith contrast\u201d, \u201cwith and without contrast\u201d, \u201cinj\u201d o tiene la letra C? Esto significa que tu estudio requiere una inyecci\u00f3n de contraste. \u00bfTu receta dice&hellip;\" \/>\n<meta property=\"og:url\" content=\"https:\/\/ipmcmed.com\/es\/radiology\/ct-scan\/ct-scan-with-iv-contrast-preparation\/\" \/>\n<meta property=\"og:site_name\" content=\"IPMC - Independent Physicians Medical Center\" \/>\n<meta property=\"article:modified_time\" content=\"2025-05-01T21:42:45+00:00\" \/>\n<meta name=\"twitter:card\" content=\"summary_large_image\" \/>\n<meta name=\"twitter:label1\" content=\"Tiempo de lectura\" \/>\n\t<meta name=\"twitter:data1\" content=\"3 minutos\" \/>\n<script type=\"application\/ld+json\" class=\"yoast-schema-graph\">{\"@context\":\"https:\/\/schema.org\",\"@graph\":[{\"@type\":\"WebPage\",\"@id\":\"https:\/\/ipmcmed.com\/es\/radiology\/ct-scan\/ct-scan-with-iv-contrast-preparation\/\",\"url\":\"https:\/\/ipmcmed.com\/es\/radiology\/ct-scan\/ct-scan-with-iv-contrast-preparation\/\",\"name\":\"C\u00f3mo prepararse para tomograf\u00eda computarizada con contraste intravenoso - IPMC - Independent Physicians Medical Center\",\"isPartOf\":{\"@id\":\"https:\/\/ipmcmed.com\/es\/#website\"},\"primaryImageOfPage\":{\"@id\":\"https:\/\/ipmcmed.com\/es\/radiology\/ct-scan\/ct-scan-with-iv-contrast-preparation\/#primaryimage\"},\"image\":{\"@id\":\"https:\/\/ipmcmed.com\/es\/radiology\/ct-scan\/ct-scan-with-iv-contrast-preparation\/#primaryimage\"},\"thumbnailUrl\":\"https:\/\/ipmcmed.com\/wp-content\/uploads\/2025\/03\/ct-scan-02.jpg\",\"datePublished\":\"2025-04-05T04:49:36+00:00\",\"dateModified\":\"2025-05-01T21:42:45+00:00\",\"breadcrumb\":{\"@id\":\"https:\/\/ipmcmed.com\/es\/radiology\/ct-scan\/ct-scan-with-iv-contrast-preparation\/#breadcrumb\"},\"inLanguage\":\"es\",\"potentialAction\":[{\"@type\":\"ReadAction\",\"target\":[\"https:\/\/ipmcmed.com\/es\/radiology\/ct-scan\/ct-scan-with-iv-contrast-preparation\/\"]}]},{\"@type\":\"ImageObject\",\"inLanguage\":\"es\",\"@id\":\"https:\/\/ipmcmed.com\/es\/radiology\/ct-scan\/ct-scan-with-iv-contrast-preparation\/#primaryimage\",\"url\":\"https:\/\/ipmcmed.com\/wp-content\/uploads\/2025\/03\/ct-scan-02.jpg\",\"contentUrl\":\"https:\/\/ipmcmed.com\/wp-content\/uploads\/2025\/03\/ct-scan-02.jpg\",\"width\":1000,\"height\":1000},{\"@type\":\"BreadcrumbList\",\"@id\":\"https:\/\/ipmcmed.com\/es\/radiology\/ct-scan\/ct-scan-with-iv-contrast-preparation\/#breadcrumb\",\"itemListElement\":[{\"@type\":\"ListItem\",\"position\":1,\"name\":\"Home\",\"item\":\"https:\/\/ipmcmed.com\/es\/\"},{\"@type\":\"ListItem\",\"position\":2,\"name\":\"Radiolog\u00eda\",\"item\":\"https:\/\/ipmcmed.com\/es\/radiology\/\"},{\"@type\":\"ListItem\",\"position\":3,\"name\":\"Tomograf\u00eda computarizada (TC)\",\"item\":\"https:\/\/ipmcmed.com\/es\/radiology\/ct-scan\/\"},{\"@type\":\"ListItem\",\"position\":4,\"name\":\"C\u00f3mo prepararse para tomograf\u00eda computarizada con contraste intravenoso\"}]},{\"@type\":\"WebSite\",\"@id\":\"https:\/\/ipmcmed.com\/es\/#website\",\"url\":\"https:\/\/ipmcmed.com\/es\/\",\"name\":\"IPMC - Independent Physicians Medical Center\",\"description\":\"MRI, CT Scan, X-Ray, Ultrasound, Nuclear Medicine, Mammography, Dexa Scan, Cardiology, Health Clinic\",\"publisher\":{\"@id\":\"https:\/\/ipmcmed.com\/es\/#organization\"},\"potentialAction\":[{\"@type\":\"SearchAction\",\"target\":{\"@type\":\"EntryPoint\",\"urlTemplate\":\"https:\/\/ipmcmed.com\/es\/?s={search_term_string}\"},\"query-input\":{\"@type\":\"PropertyValueSpecification\",\"valueRequired\":true,\"valueName\":\"search_term_string\"}}],\"inLanguage\":\"es\"},{\"@type\":\"Organization\",\"@id\":\"https:\/\/ipmcmed.com\/es\/#organization\",\"name\":\"IPMC - Independent Physicians Medical Center\",\"url\":\"https:\/\/ipmcmed.com\/es\/\",\"logo\":{\"@type\":\"ImageObject\",\"inLanguage\":\"es\",\"@id\":\"https:\/\/ipmcmed.com\/es\/#\/schema\/logo\/image\/\",\"url\":\"https:\/\/ipmcmed.com\/wp-content\/uploads\/2025\/02\/ipmc-logo.png\",\"contentUrl\":\"https:\/\/ipmcmed.com\/wp-content\/uploads\/2025\/02\/ipmc-logo.png\",\"width\":600,\"height\":100,\"caption\":\"IPMC - Independent Physicians Medical Center\"},\"image\":{\"@id\":\"https:\/\/ipmcmed.com\/es\/#\/schema\/logo\/image\/\"}}]}<\/script>\n<!-- \/ Yoast SEO plugin. -->","yoast_head_json":{"title":"C\u00f3mo prepararse para tomograf\u00eda computarizada con contraste intravenoso - IPMC - Independent Physicians Medical Center","robots":{"index":"index","follow":"follow","max-snippet":"max-snippet:-1","max-image-preview":"max-image-preview:large","max-video-preview":"max-video-preview:-1"},"canonical":"https:\/\/ipmcmed.com\/es\/radiology\/ct-scan\/ct-scan-with-iv-contrast-preparation\/","og_locale":"es_ES","og_type":"article","og_title":"C\u00f3mo prepararse para tomograf\u00eda computarizada con contraste intravenoso - IPMC - Independent Physicians Medical Center","og_description":"Es muy importante seguir estas instrucciones para que el estudio se realice de forma segura y correcta, y para obtener resultados precisos. Contraste oral o por inyecci\u00f3n \u00bfTu receta dice \u201cwith contrast\u201d, \u201cwith and without contrast\u201d, \u201cinj\u201d o tiene la letra C? Esto significa que tu estudio requiere una inyecci\u00f3n de contraste. \u00bfTu receta dice&hellip;","og_url":"https:\/\/ipmcmed.com\/es\/radiology\/ct-scan\/ct-scan-with-iv-contrast-preparation\/","og_site_name":"IPMC - Independent Physicians Medical Center","article_modified_time":"2025-05-01T21:42:45+00:00","twitter_card":"summary_large_image","twitter_misc":{"Tiempo de lectura":"3 minutos"},"schema":{"@context":"https:\/\/schema.org","@graph":[{"@type":"WebPage","@id":"https:\/\/ipmcmed.com\/es\/radiology\/ct-scan\/ct-scan-with-iv-contrast-preparation\/","url":"https:\/\/ipmcmed.com\/es\/radiology\/ct-scan\/ct-scan-with-iv-contrast-preparation\/","name":"C\u00f3mo prepararse para tomograf\u00eda computarizada con contraste intravenoso - IPMC - Independent Physicians Medical Center","isPartOf":{"@id":"https:\/\/ipmcmed.com\/es\/#website"},"primaryImageOfPage":{"@id":"https:\/\/ipmcmed.com\/es\/radiology\/ct-scan\/ct-scan-with-iv-contrast-preparation\/#primaryimage"},"image":{"@id":"https:\/\/ipmcmed.com\/es\/radiology\/ct-scan\/ct-scan-with-iv-contrast-preparation\/#primaryimage"},"thumbnailUrl":"https:\/\/ipmcmed.com\/wp-content\/uploads\/2025\/03\/ct-scan-02.jpg","datePublished":"2025-04-05T04:49:36+00:00","dateModified":"2025-05-01T21:42:45+00:00","breadcrumb":{"@id":"https:\/\/ipmcmed.com\/es\/radiology\/ct-scan\/ct-scan-with-iv-contrast-preparation\/#breadcrumb"},"inLanguage":"es","potentialAction":[{"@type":"ReadAction","target":["https:\/\/ipmcmed.com\/es\/radiology\/ct-scan\/ct-scan-with-iv-contrast-preparation\/"]}]},{"@type":"ImageObject","inLanguage":"es","@id":"https:\/\/ipmcmed.com\/es\/radiology\/ct-scan\/ct-scan-with-iv-contrast-preparation\/#primaryimage","url":"https:\/\/ipmcmed.com\/wp-content\/uploads\/2025\/03\/ct-scan-02.jpg","contentUrl":"https:\/\/ipmcmed.com\/wp-content\/uploads\/2025\/03\/ct-scan-02.jpg","width":1000,"height":1000},{"@type":"BreadcrumbList","@id":"https:\/\/ipmcmed.com\/es\/radiology\/ct-scan\/ct-scan-with-iv-contrast-preparation\/#breadcrumb","itemListElement":[{"@type":"ListItem","position":1,"name":"Home","item":"https:\/\/ipmcmed.com\/es\/"},{"@type":"ListItem","position":2,"name":"Radiolog\u00eda","item":"https:\/\/ipmcmed.com\/es\/radiology\/"},{"@type":"ListItem","position":3,"name":"Tomograf\u00eda computarizada (TC)","item":"https:\/\/ipmcmed.com\/es\/radiology\/ct-scan\/"},{"@type":"ListItem","position":4,"name":"C\u00f3mo prepararse para tomograf\u00eda computarizada con contraste intravenoso"}]},{"@type":"WebSite","@id":"https:\/\/ipmcmed.com\/es\/#website","url":"https:\/\/ipmcmed.com\/es\/","name":"IPMC - Independent Physicians Medical Center","description":"MRI, CT Scan, X-Ray, Ultrasound, Nuclear Medicine, Mammography, Dexa Scan, Cardiology, Health Clinic","publisher":{"@id":"https:\/\/ipmcmed.com\/es\/#organization"},"potentialAction":[{"@type":"SearchAction","target":{"@type":"EntryPoint","urlTemplate":"https:\/\/ipmcmed.com\/es\/?s={search_term_string}"},"query-input":{"@type":"PropertyValueSpecification","valueRequired":true,"valueName":"search_term_string"}}],"inLanguage":"es"},{"@type":"Organization","@id":"https:\/\/ipmcmed.com\/es\/#organization","name":"IPMC - Independent Physicians Medical Center","url":"https:\/\/ipmcmed.com\/es\/","logo":{"@type":"ImageObject","inLanguage":"es","@id":"https:\/\/ipmcmed.com\/es\/#\/schema\/logo\/image\/","url":"https:\/\/ipmcmed.com\/wp-content\/uploads\/2025\/02\/ipmc-logo.png","contentUrl":"https:\/\/ipmcmed.com\/wp-content\/uploads\/2025\/02\/ipmc-logo.png","width":600,"height":100,"caption":"IPMC - Independent Physicians Medical Center"},"image":{"@id":"https:\/\/ipmcmed.com\/es\/#\/schema\/logo\/image\/"}}]}},"_links":{"self":[{"href":"https:\/\/ipmcmed.com\/es\/wp-json\/wp\/v2\/pages\/39695","targetHints":{"allow":["GET"]}}],"collection":[{"href":"https:\/\/ipmcmed.com\/es\/wp-json\/wp\/v2\/pages"}],"about":[{"href":"https:\/\/ipmcmed.com\/es\/wp-json\/wp\/v2\/types\/page"}],"author":[{"embeddable":true,"href":"https:\/\/ipmcmed.com\/es\/wp-json\/wp\/v2\/users\/2"}],"replies":[{"embeddable":true,"href":"https:\/\/ipmcmed.com\/es\/wp-json\/wp\/v2\/comments?post=39695"}],"version-history":[{"count":5,"href":"https:\/\/ipmcmed.com\/es\/wp-json\/wp\/v2\/pages\/39695\/revisions"}],"predecessor-version":[{"id":40834,"href":"https:\/\/ipmcmed.com\/es\/wp-json\/wp\/v2\/pages\/39695\/revisions\/40834"}],"up":[{"embeddable":true,"href":"https:\/\/ipmcmed.com\/es\/wp-json\/wp\/v2\/pages\/39650"}],"wp:featuredmedia":[{"embeddable":true,"href":"https:\/\/ipmcmed.com\/es\/wp-json\/wp\/v2\/media\/43367"}],"wp:attachment":[{"href":"https:\/\/ipmcmed.com\/es\/wp-json\/wp\/v2\/media?parent=39695"}],"curies":[{"name":"wp","href":"https:\/\/api.w.org\/{rel}","templated":true}]}}