{"id":39632,"date":"2025-04-09T13:51:41","date_gmt":"2025-04-09T17:51:41","guid":{"rendered":"https:\/\/ipmcmed.com\/nuclear-medicine\/different-types-of-nuclear-medicine-tests\/"},"modified":"2025-04-18T22:03:29","modified_gmt":"2025-04-19T03:03:29","slug":"different-types-of-nuclear-medicine-tests","status":"publish","type":"page","link":"https:\/\/ipmcmed.com\/es\/radiology\/nuclear-medicine\/different-types-of-nuclear-medicine-tests\/","title":{"rendered":"Diferentes tipos de pruebas de medicina nuclear"},"content":{"rendered":"\t\t<div data-elementor-type=\"wp-page\" data-elementor-id=\"39632\" class=\"elementor elementor-39632\" data-elementor-post-type=\"page\">\n\t\t\t\t<div class=\"elementor-element elementor-element-fce38b7 e-con-full e-flex e-con e-parent\" data-id=\"fce38b7\" data-element_type=\"container\">\n\t\t<div class=\"elementor-element elementor-element-6a89215 e-flex e-con-boxed e-con e-child\" data-id=\"6a89215\" data-element_type=\"container\">\n\t\t\t\t\t<div class=\"e-con-inner\">\n\t\t<div class=\"elementor-element elementor-element-37c4d34 e-con-full e-flex e-con e-child\" data-id=\"37c4d34\" data-element_type=\"container\">\n\t\t\t\t<div class=\"elementor-element elementor-element-0cb852a content-align-right the7-hover-visibility-disabled preserve-img-ratio-cover transform-overlay-yes exceeding-frame-yes elementor-widget elementor-widget-the7-image-widget\" data-id=\"0cb852a\" data-element_type=\"widget\" data-settings=\"{&quot;hover_visibility&quot;:&quot;disabled&quot;}\" data-widget_type=\"the7-image-widget.default\">\n\t\t\t\t<div class=\"elementor-widget-container\">\n\t\t\t\t\t<div class=\"the7-image-container\"><div class=\"the7-image-wrapper the7-elementor-widget the7-transform-container\"><div class=\"post-thumbnail-rollover layzr-bg img-css-resize-wrapper\"><img fetchpriority=\"high\" decoding=\"async\" width=\"1000\" height=\"1000\" src=\"data:image\/svg+xml,%3Csvg%20xmlns%3D&#039;http%3A%2F%2Fwww.w3.org%2F2000%2Fsvg&#039;%20viewBox%3D&#039;0%200%201000%201000&#039;%2F%3E\" class=\"attachment-full size-full preload-me aspect lazy lazy-load\" alt=\"\" sizes=\"(max-width: 1000px) 100vw, 1000px\" style=\"--ratio: 1000 \/ 1000;\" data-src=\"https:\/\/ipmcmed.com\/wp-content\/uploads\/2025\/04\/nuclear-medicine-04.jpg\" loading=\"eager\" data-srcset=\"https:\/\/ipmcmed.com\/wp-content\/uploads\/2025\/04\/nuclear-medicine-04.jpg 1000w, https:\/\/ipmcmed.com\/wp-content\/uploads\/2025\/04\/nuclear-medicine-04-300x300.jpg 300w, https:\/\/ipmcmed.com\/wp-content\/uploads\/2025\/04\/nuclear-medicine-04-150x150.jpg 150w, https:\/\/ipmcmed.com\/wp-content\/uploads\/2025\/04\/nuclear-medicine-04-768x768.jpg 768w\" \/><\/div><\/div><\/div>\t\t\t\t<\/div>\n\t\t\t\t<\/div>\n\t\t\t\t<div class=\"elementor-element elementor-element-b892683 dt-nav-menu_align-left dt-sub-menu_align-left elementor-widget elementor-widget-the7_nav-menu\" data-id=\"b892683\" data-element_type=\"widget\" data-settings=\"{&quot;submenu_display&quot;:&quot;always&quot;}\" data-widget_type=\"the7_nav-menu.default\">\n\t\t\t\t<div class=\"elementor-widget-container\">\n\t\t\t\t\t<nav class=\"dt-nav-menu--main dt-nav-menu__container dt-sub-menu-display-always dt-icon-align- dt-icon-position- dt-sub-icon-position- dt-sub-icon-align-\"><ul class=\"dt-nav-menu\"><li class=\"menu-item menu-item-type-post_type menu-item-object-page menu-item-37153 first depth-0\"><a href='https:\/\/ipmcmed.com\/radiology\/nuclear-medicine\/' class=' mega-menu-img' data-level='1'><span class=\"item-content\"><svg xmlns=\"http:\/\/www.w3.org\/2000\/svg\" width=\"56\" height=\"56\" fill=\"#000000\" viewBox=\"0 0 256 256\"><path d=\"M224.49,136.49l-72,72a12,12,0,0,1-17-17L187,140H40a12,12,0,0,1,0-24H187L135.51,64.48a12,12,0,0,1,17-17l72,72A12,12,0,0,1,224.49,136.49Z\"><\/path><\/svg><span class=\"menu-item-text\"><span class=\"menu-text\">Medicina nuclear<\/span><\/span><\/span><span class=\"\" data-icon = \"\"> <\/span><\/a><\/li> <li class=\"menu-item menu-item-type-post_type menu-item-object-page menu-item-37154 depth-0\"><a href='https:\/\/ipmcmed.com\/radiology\/nuclear-medicine\/different-types-of-nuclear-medicine-tests\/' class=' mega-menu-img' data-level='1'><span class=\"item-content\"><svg xmlns=\"http:\/\/www.w3.org\/2000\/svg\" width=\"56\" height=\"56\" fill=\"#000000\" viewBox=\"0 0 256 256\"><path d=\"M224.49,136.49l-72,72a12,12,0,0,1-17-17L187,140H40a12,12,0,0,1,0-24H187L135.51,64.48a12,12,0,0,1,17-17l72,72A12,12,0,0,1,224.49,136.49Z\"><\/path><\/svg><span class=\"menu-item-text\"><span class=\"menu-text\">Diferentes tipos de pruebas de medicina nuclear<\/span><\/span><\/span><span class=\"\" data-icon = \"\"> <\/span><\/a><\/li> <li class=\"menu-item menu-item-type-post_type menu-item-object-page menu-item-37155 last depth-0\"><a href='https:\/\/ipmcmed.com\/radiology\/nuclear-medicine\/nuclear-test-preparation\/' class=' mega-menu-img' data-level='1'><span class=\"item-content\"><svg xmlns=\"http:\/\/www.w3.org\/2000\/svg\" width=\"56\" height=\"56\" fill=\"#000000\" viewBox=\"0 0 256 256\"><path d=\"M224.49,136.49l-72,72a12,12,0,0,1-17-17L187,140H40a12,12,0,0,1,0-24H187L135.51,64.48a12,12,0,0,1,17-17l72,72A12,12,0,0,1,224.49,136.49Z\"><\/path><\/svg><span class=\"menu-item-text\"><span class=\"menu-text\">C\u00f3mo prepararse para prueba de medicina nuclear<\/span><\/span><\/span><span class=\"\" data-icon = \"\"> <\/span><\/a><\/li> <\/ul><\/nav>\t\t\t\t<\/div>\n\t\t\t\t<\/div>\n\t\t\t\t<\/div>\n\t\t<div class=\"elementor-element elementor-element-ade6fd2 e-con-full e-flex e-con e-child\" data-id=\"ade6fd2\" data-element_type=\"container\">\n\t\t\t\t<div class=\"elementor-element elementor-element-224f6d2 elementor-widget-tablet__width-inherit elementor-widget elementor-widget-text-editor\" data-id=\"224f6d2\" data-element_type=\"widget\" data-widget_type=\"text-editor.default\">\n\t\t\t\t<div class=\"elementor-widget-container\">\n\t\t\t\t\t\t\t\t\t<p class=\"\" data-start=\"154\" data-end=\"279\">A continuaci\u00f3n se presentan breves explicaciones de las pruebas de medicina nuclear que se realizan en el IPMC.<\/p>\t\t\t\t\t\t\t\t<\/div>\n\t\t\t\t<\/div>\n\t\t\t\t<div class=\"elementor-element elementor-element-083135e elementor-widget-divider--view-line elementor-widget elementor-widget-divider\" data-id=\"083135e\" data-element_type=\"widget\" data-widget_type=\"divider.default\">\n\t\t\t\t<div class=\"elementor-widget-container\">\n\t\t\t\t\t\t\t<div class=\"elementor-divider\">\n\t\t\t<span class=\"elementor-divider-separator\">\n\t\t\t\t\t\t<\/span>\n\t\t<\/div>\n\t\t\t\t\t\t<\/div>\n\t\t\t\t<\/div>\n\t\t\t\t<div class=\"elementor-element elementor-element-1760465 elementor-widget-tablet__width-inherit elementor-widget elementor-widget-text-editor\" data-id=\"1760465\" data-element_type=\"widget\" data-widget_type=\"text-editor.default\">\n\t\t\t\t<div class=\"elementor-widget-container\">\n\t\t\t\t\t\t\t\t\t<p><strong>Gammagraf\u00eda \u00f3sea de cuerpo entero<\/strong> \u2013 se utiliza para identificar c\u00e1ncer metast\u00e1sico que afecta los huesos.<\/p><p><strong>Gammagraf\u00eda \u00f3sea de 3 fases<\/strong> \u2013 se utiliza para identificar fracturas.<\/p><p><strong>Gammagraf\u00eda de captaci\u00f3n tiroidea<\/strong> \u2013 se usa para visualizar la gl\u00e1ndula tiroides cuando se sospecha una enfermedad tiroidea.<\/p><p><strong>Gammagraf\u00eda renal<\/strong> \u2013 se emplea para evaluar la perfusi\u00f3n, funci\u00f3n y estructura de los ri\u00f1ones. Tambi\u00e9n se utiliza para detectar obstrucciones o hipertensi\u00f3n renovascular.<\/p><p><strong>Gammagraf\u00eda renal con Lasix<\/strong> \u2013 registra c\u00f3mo trabajan conjuntamente los ri\u00f1ones, los ur\u00e9teres y la vejiga.<\/p><p><strong>Gammagraf\u00eda renal con Captopril<\/strong> \u2013 determina la importancia funcional de una estenosis en la arteria renal.<\/p><p><strong>Gammagraf\u00eda hepatobiliar (ves\u00edcula biliar)<\/strong> \u2013 es \u00fatil para evaluar a pacientes con sospecha de enfermedad de la ves\u00edcula biliar.<\/p><p><strong>Gammagraf\u00eda de paratiroides<\/strong> \u2013 se realiza principalmente para detectar tumores en la gl\u00e1ndula paratiroides.<\/p><p><strong>Estudio de vaciamiento g\u00e1strico<\/strong> \u2013 se utiliza para determinar la velocidad del vaciamiento g\u00e1strico. Se realiza en pacientes que presentan n\u00e1useas postprandiales, v\u00f3mitos, distensi\u00f3n abdominal, saciedad precoz o eructos.<\/p><p><strong>Gammagraf\u00eda de h\u00edgado y bazo<\/strong> \u2013 permite visualizar el h\u00edgado y el bazo. Est\u00e1 indicada para pacientes con c\u00e1ncer a fin de descartar tumores metast\u00e1sicos en el h\u00edgado.<\/p><p><strong>Escaneo MUGA<\/strong> \u2013 se indica en pacientes con c\u00e1ncer o con funci\u00f3n card\u00edaca disminuida.<\/p><p><strong>Prueba de estr\u00e9s nuclear<\/strong> \u2013 consulte una explicaci\u00f3n detallada en la secci\u00f3n de cardiolog\u00eda bajo <a href=\"#\">Prueba de estr\u00e9s<\/a>.<\/p>\t\t\t\t\t\t\t\t<\/div>\n\t\t\t\t<\/div>\n\t\t\t\t<\/div>\n\t\t\t\t\t<\/div>\n\t\t\t\t<\/div>\n\t\t\t\t<\/div>\n\t\t<div class=\"elementor-element elementor-element-f501138 e-con-full e-flex e-con e-child\" data-id=\"f501138\" data-element_type=\"container\" data-settings=\"{&quot;background_background&quot;:&quot;classic&quot;}\">\n\t\t<div class=\"elementor-element elementor-element-510ef1d e-flex e-con-boxed e-con e-child\" data-id=\"510ef1d\" data-element_type=\"container\" data-settings=\"{&quot;background_background&quot;:&quot;gradient&quot;}\">\n\t\t\t\t\t<div class=\"e-con-inner\">\n\t\t<div class=\"elementor-element elementor-element-af09c09 e-flex e-con-boxed e-con e-child\" data-id=\"af09c09\" data-element_type=\"container\">\n\t\t\t\t\t<div class=\"e-con-inner\">\n\t\t\t\t<div class=\"elementor-element elementor-element-ef64662 elementor-widget-tablet__width-inherit elementor-widget__width-initial elementor-widget elementor-widget-the7-heading\" data-id=\"ef64662\" data-element_type=\"widget\" data-widget_type=\"the7-heading.default\">\n\t\t\t\t<div class=\"elementor-widget-container\">\n\t\t\t\t\t<div class=\"the7-heading-title elementor-size-default\">Programar su visita de medicina nuclear es f\u00e1cil.<\/div>\t\t\t\t<\/div>\n\t\t\t\t<\/div>\n\t\t\t\t<div class=\"elementor-element elementor-element-4be2455 elementor-widget-tablet__width-inherit elementor-widget elementor-widget-text-editor\" data-id=\"4be2455\" data-element_type=\"widget\" data-widget_type=\"text-editor.default\">\n\t\t\t\t<div class=\"elementor-widget-container\">\n\t\t\t\t\t\t\t\t\t<h2>Simplemente complete el formulario y nuestro equipo se pondr\u00e1 en contacto para confirmar su cita.<\/h2>\t\t\t\t\t\t\t\t<\/div>\n\t\t\t\t<\/div>\n\t\t\t\t\t<\/div>\n\t\t\t\t<\/div>\n\t\t<div class=\"elementor-element elementor-element-bad4a18 e-con-fit e-flex e-con e-child\" data-id=\"bad4a18\" data-element_type=\"container\">\n\t\t\t\t<div class=\"elementor-element elementor-element-86d67d5 elementor-tablet-align-left elementor-widget elementor-widget-the7_button_widget\" data-id=\"86d67d5\" data-element_type=\"widget\" data-widget_type=\"the7_button_widget.default\">\n\t\t\t\t<div class=\"elementor-widget-container\">\n\t\t\t\t\t<div class=\"elementor-button-wrapper\"><a href=\"#elementor-action%3Aaction%3Dpopup%3Aopen%26settings%3DeyJpZCI6IjE3MDM5IiwidG9nZ2xlIjpmYWxzZX0%3D\" class=\"box-button elementor-button elementor-size-xl\">Solicitar cita<\/a><\/div>\t\t\t\t<\/div>\n\t\t\t\t<\/div>\n\t\t\t\t<\/div>\n\t\t\t\t\t<\/div>\n\t\t\t\t<\/div>\n\t\t\t\t<\/div>\n\t\t\t\t<\/div>\n\t\t","protected":false},"excerpt":{"rendered":"<p>A continuaci\u00f3n se presentan breves explicaciones de las pruebas de medicina nuclear que se realizan en el IPMC. Gammagraf\u00eda \u00f3sea de cuerpo entero \u2013 se utiliza para identificar c\u00e1ncer metast\u00e1sico que afecta los huesos. Gammagraf\u00eda \u00f3sea de 3 fases \u2013 se utiliza para identificar fracturas. Gammagraf\u00eda de captaci\u00f3n tiroidea \u2013 se usa para visualizar la&hellip;<\/p>\n","protected":false},"author":2,"featured_media":39636,"parent":39603,"menu_order":3,"comment_status":"closed","ping_status":"closed","template":"","meta":{"footnotes":""},"class_list":["post-39632","page","type-page","status-publish","has-post-thumbnail","hentry"],"yoast_head":"<!-- This site is optimized with the Yoast SEO plugin v25.4 - https:\/\/yoast.com\/wordpress\/plugins\/seo\/ -->\n<title>Diferentes tipos de pruebas de medicina nuclear - IPMC - Independent Physicians Medical Center<\/title>\n<meta name=\"robots\" content=\"index, follow, max-snippet:-1, max-image-preview:large, max-video-preview:-1\" \/>\n<link rel=\"canonical\" href=\"https:\/\/ipmcmed.com\/es\/radiology\/nuclear-medicine\/different-types-of-nuclear-medicine-tests\/\" \/>\n<meta property=\"og:locale\" content=\"es_ES\" \/>\n<meta property=\"og:type\" content=\"article\" \/>\n<meta property=\"og:title\" content=\"Diferentes tipos de pruebas de medicina nuclear - IPMC - Independent Physicians Medical Center\" \/>\n<meta property=\"og:description\" content=\"A continuaci\u00f3n se presentan breves explicaciones de las pruebas de medicina nuclear que se realizan en el IPMC. Gammagraf\u00eda \u00f3sea de cuerpo entero \u2013 se utiliza para identificar c\u00e1ncer metast\u00e1sico que afecta los huesos. Gammagraf\u00eda \u00f3sea de 3 fases \u2013 se utiliza para identificar fracturas. Gammagraf\u00eda de captaci\u00f3n tiroidea \u2013 se usa para visualizar la&hellip;\" \/>\n<meta property=\"og:url\" content=\"https:\/\/ipmcmed.com\/es\/radiology\/nuclear-medicine\/different-types-of-nuclear-medicine-tests\/\" \/>\n<meta property=\"og:site_name\" content=\"IPMC - Independent Physicians Medical Center\" \/>\n<meta property=\"article:modified_time\" content=\"2025-04-19T03:03:29+00:00\" \/>\n<meta name=\"twitter:card\" content=\"summary_large_image\" \/>\n<meta name=\"twitter:label1\" content=\"Tiempo de lectura\" \/>\n\t<meta name=\"twitter:data1\" content=\"2 minutos\" \/>\n<script type=\"application\/ld+json\" class=\"yoast-schema-graph\">{\"@context\":\"https:\/\/schema.org\",\"@graph\":[{\"@type\":\"WebPage\",\"@id\":\"https:\/\/ipmcmed.com\/es\/radiology\/nuclear-medicine\/different-types-of-nuclear-medicine-tests\/\",\"url\":\"https:\/\/ipmcmed.com\/es\/radiology\/nuclear-medicine\/different-types-of-nuclear-medicine-tests\/\",\"name\":\"Diferentes tipos de pruebas de medicina nuclear - IPMC - Independent Physicians Medical Center\",\"isPartOf\":{\"@id\":\"https:\/\/ipmcmed.com\/es\/#website\"},\"primaryImageOfPage\":{\"@id\":\"https:\/\/ipmcmed.com\/es\/radiology\/nuclear-medicine\/different-types-of-nuclear-medicine-tests\/#primaryimage\"},\"image\":{\"@id\":\"https:\/\/ipmcmed.com\/es\/radiology\/nuclear-medicine\/different-types-of-nuclear-medicine-tests\/#primaryimage\"},\"thumbnailUrl\":\"https:\/\/ipmcmed.com\/wp-content\/uploads\/2025\/04\/nuclear-medicine-04.jpg\",\"datePublished\":\"2025-04-09T17:51:41+00:00\",\"dateModified\":\"2025-04-19T03:03:29+00:00\",\"breadcrumb\":{\"@id\":\"https:\/\/ipmcmed.com\/es\/radiology\/nuclear-medicine\/different-types-of-nuclear-medicine-tests\/#breadcrumb\"},\"inLanguage\":\"es\",\"potentialAction\":[{\"@type\":\"ReadAction\",\"target\":[\"https:\/\/ipmcmed.com\/es\/radiology\/nuclear-medicine\/different-types-of-nuclear-medicine-tests\/\"]}]},{\"@type\":\"ImageObject\",\"inLanguage\":\"es\",\"@id\":\"https:\/\/ipmcmed.com\/es\/radiology\/nuclear-medicine\/different-types-of-nuclear-medicine-tests\/#primaryimage\",\"url\":\"https:\/\/ipmcmed.com\/wp-content\/uploads\/2025\/04\/nuclear-medicine-04.jpg\",\"contentUrl\":\"https:\/\/ipmcmed.com\/wp-content\/uploads\/2025\/04\/nuclear-medicine-04.jpg\",\"width\":1000,\"height\":1000},{\"@type\":\"BreadcrumbList\",\"@id\":\"https:\/\/ipmcmed.com\/es\/radiology\/nuclear-medicine\/different-types-of-nuclear-medicine-tests\/#breadcrumb\",\"itemListElement\":[{\"@type\":\"ListItem\",\"position\":1,\"name\":\"Home\",\"item\":\"https:\/\/ipmcmed.com\/es\/\"},{\"@type\":\"ListItem\",\"position\":2,\"name\":\"Radiolog\u00eda\",\"item\":\"https:\/\/ipmcmed.com\/es\/radiology\/\"},{\"@type\":\"ListItem\",\"position\":3,\"name\":\"Medicina nuclear\",\"item\":\"https:\/\/ipmcmed.com\/es\/radiology\/nuclear-medicine\/\"},{\"@type\":\"ListItem\",\"position\":4,\"name\":\"Diferentes tipos de pruebas de medicina nuclear\"}]},{\"@type\":\"WebSite\",\"@id\":\"https:\/\/ipmcmed.com\/es\/#website\",\"url\":\"https:\/\/ipmcmed.com\/es\/\",\"name\":\"IPMC - Independent Physicians Medical Center\",\"description\":\"MRI, CT Scan, X-Ray, Ultrasound, Nuclear Medicine, Mammography, Dexa Scan, Cardiology, Health Clinic\",\"publisher\":{\"@id\":\"https:\/\/ipmcmed.com\/es\/#organization\"},\"potentialAction\":[{\"@type\":\"SearchAction\",\"target\":{\"@type\":\"EntryPoint\",\"urlTemplate\":\"https:\/\/ipmcmed.com\/es\/?s={search_term_string}\"},\"query-input\":{\"@type\":\"PropertyValueSpecification\",\"valueRequired\":true,\"valueName\":\"search_term_string\"}}],\"inLanguage\":\"es\"},{\"@type\":\"Organization\",\"@id\":\"https:\/\/ipmcmed.com\/es\/#organization\",\"name\":\"IPMC - Independent Physicians Medical Center\",\"url\":\"https:\/\/ipmcmed.com\/es\/\",\"logo\":{\"@type\":\"ImageObject\",\"inLanguage\":\"es\",\"@id\":\"https:\/\/ipmcmed.com\/es\/#\/schema\/logo\/image\/\",\"url\":\"https:\/\/ipmcmed.com\/wp-content\/uploads\/2025\/02\/ipmc-logo.png\",\"contentUrl\":\"https:\/\/ipmcmed.com\/wp-content\/uploads\/2025\/02\/ipmc-logo.png\",\"width\":600,\"height\":100,\"caption\":\"IPMC - Independent Physicians Medical Center\"},\"image\":{\"@id\":\"https:\/\/ipmcmed.com\/es\/#\/schema\/logo\/image\/\"}}]}<\/script>\n<!-- \/ Yoast SEO plugin. -->","yoast_head_json":{"title":"Diferentes tipos de pruebas de medicina nuclear - IPMC - Independent Physicians Medical Center","robots":{"index":"index","follow":"follow","max-snippet":"max-snippet:-1","max-image-preview":"max-image-preview:large","max-video-preview":"max-video-preview:-1"},"canonical":"https:\/\/ipmcmed.com\/es\/radiology\/nuclear-medicine\/different-types-of-nuclear-medicine-tests\/","og_locale":"es_ES","og_type":"article","og_title":"Diferentes tipos de pruebas de medicina nuclear - IPMC - Independent Physicians Medical Center","og_description":"A continuaci\u00f3n se presentan breves explicaciones de las pruebas de medicina nuclear que se realizan en el IPMC. Gammagraf\u00eda \u00f3sea de cuerpo entero \u2013 se utiliza para identificar c\u00e1ncer metast\u00e1sico que afecta los huesos. Gammagraf\u00eda \u00f3sea de 3 fases \u2013 se utiliza para identificar fracturas. Gammagraf\u00eda de captaci\u00f3n tiroidea \u2013 se usa para visualizar la&hellip;","og_url":"https:\/\/ipmcmed.com\/es\/radiology\/nuclear-medicine\/different-types-of-nuclear-medicine-tests\/","og_site_name":"IPMC - Independent Physicians Medical Center","article_modified_time":"2025-04-19T03:03:29+00:00","twitter_card":"summary_large_image","twitter_misc":{"Tiempo de lectura":"2 minutos"},"schema":{"@context":"https:\/\/schema.org","@graph":[{"@type":"WebPage","@id":"https:\/\/ipmcmed.com\/es\/radiology\/nuclear-medicine\/different-types-of-nuclear-medicine-tests\/","url":"https:\/\/ipmcmed.com\/es\/radiology\/nuclear-medicine\/different-types-of-nuclear-medicine-tests\/","name":"Diferentes tipos de pruebas de medicina nuclear - IPMC - Independent Physicians Medical Center","isPartOf":{"@id":"https:\/\/ipmcmed.com\/es\/#website"},"primaryImageOfPage":{"@id":"https:\/\/ipmcmed.com\/es\/radiology\/nuclear-medicine\/different-types-of-nuclear-medicine-tests\/#primaryimage"},"image":{"@id":"https:\/\/ipmcmed.com\/es\/radiology\/nuclear-medicine\/different-types-of-nuclear-medicine-tests\/#primaryimage"},"thumbnailUrl":"https:\/\/ipmcmed.com\/wp-content\/uploads\/2025\/04\/nuclear-medicine-04.jpg","datePublished":"2025-04-09T17:51:41+00:00","dateModified":"2025-04-19T03:03:29+00:00","breadcrumb":{"@id":"https:\/\/ipmcmed.com\/es\/radiology\/nuclear-medicine\/different-types-of-nuclear-medicine-tests\/#breadcrumb"},"inLanguage":"es","potentialAction":[{"@type":"ReadAction","target":["https:\/\/ipmcmed.com\/es\/radiology\/nuclear-medicine\/different-types-of-nuclear-medicine-tests\/"]}]},{"@type":"ImageObject","inLanguage":"es","@id":"https:\/\/ipmcmed.com\/es\/radiology\/nuclear-medicine\/different-types-of-nuclear-medicine-tests\/#primaryimage","url":"https:\/\/ipmcmed.com\/wp-content\/uploads\/2025\/04\/nuclear-medicine-04.jpg","contentUrl":"https:\/\/ipmcmed.com\/wp-content\/uploads\/2025\/04\/nuclear-medicine-04.jpg","width":1000,"height":1000},{"@type":"BreadcrumbList","@id":"https:\/\/ipmcmed.com\/es\/radiology\/nuclear-medicine\/different-types-of-nuclear-medicine-tests\/#breadcrumb","itemListElement":[{"@type":"ListItem","position":1,"name":"Home","item":"https:\/\/ipmcmed.com\/es\/"},{"@type":"ListItem","position":2,"name":"Radiolog\u00eda","item":"https:\/\/ipmcmed.com\/es\/radiology\/"},{"@type":"ListItem","position":3,"name":"Medicina nuclear","item":"https:\/\/ipmcmed.com\/es\/radiology\/nuclear-medicine\/"},{"@type":"ListItem","position":4,"name":"Diferentes tipos de pruebas de medicina nuclear"}]},{"@type":"WebSite","@id":"https:\/\/ipmcmed.com\/es\/#website","url":"https:\/\/ipmcmed.com\/es\/","name":"IPMC - Independent Physicians Medical Center","description":"MRI, CT Scan, X-Ray, Ultrasound, Nuclear Medicine, Mammography, Dexa Scan, Cardiology, Health Clinic","publisher":{"@id":"https:\/\/ipmcmed.com\/es\/#organization"},"potentialAction":[{"@type":"SearchAction","target":{"@type":"EntryPoint","urlTemplate":"https:\/\/ipmcmed.com\/es\/?s={search_term_string}"},"query-input":{"@type":"PropertyValueSpecification","valueRequired":true,"valueName":"search_term_string"}}],"inLanguage":"es"},{"@type":"Organization","@id":"https:\/\/ipmcmed.com\/es\/#organization","name":"IPMC - Independent Physicians Medical Center","url":"https:\/\/ipmcmed.com\/es\/","logo":{"@type":"ImageObject","inLanguage":"es","@id":"https:\/\/ipmcmed.com\/es\/#\/schema\/logo\/image\/","url":"https:\/\/ipmcmed.com\/wp-content\/uploads\/2025\/02\/ipmc-logo.png","contentUrl":"https:\/\/ipmcmed.com\/wp-content\/uploads\/2025\/02\/ipmc-logo.png","width":600,"height":100,"caption":"IPMC - Independent Physicians Medical Center"},"image":{"@id":"https:\/\/ipmcmed.com\/es\/#\/schema\/logo\/image\/"}}]}},"_links":{"self":[{"href":"https:\/\/ipmcmed.com\/es\/wp-json\/wp\/v2\/pages\/39632","targetHints":{"allow":["GET"]}}],"collection":[{"href":"https:\/\/ipmcmed.com\/es\/wp-json\/wp\/v2\/pages"}],"about":[{"href":"https:\/\/ipmcmed.com\/es\/wp-json\/wp\/v2\/types\/page"}],"author":[{"embeddable":true,"href":"https:\/\/ipmcmed.com\/es\/wp-json\/wp\/v2\/users\/2"}],"replies":[{"embeddable":true,"href":"https:\/\/ipmcmed.com\/es\/wp-json\/wp\/v2\/comments?post=39632"}],"version-history":[{"count":7,"href":"https:\/\/ipmcmed.com\/es\/wp-json\/wp\/v2\/pages\/39632\/revisions"}],"predecessor-version":[{"id":39643,"href":"https:\/\/ipmcmed.com\/es\/wp-json\/wp\/v2\/pages\/39632\/revisions\/39643"}],"up":[{"embeddable":true,"href":"https:\/\/ipmcmed.com\/es\/wp-json\/wp\/v2\/pages\/39603"}],"wp:featuredmedia":[{"embeddable":true,"href":"https:\/\/ipmcmed.com\/es\/wp-json\/wp\/v2\/media\/39636"}],"wp:attachment":[{"href":"https:\/\/ipmcmed.com\/es\/wp-json\/wp\/v2\/media?parent=39632"}],"curies":[{"name":"wp","href":"https:\/\/api.w.org\/{rel}","templated":true}]}}