{"id":39590,"date":"2025-04-09T13:40:26","date_gmt":"2025-04-09T17:40:26","guid":{"rendered":"https:\/\/ipmcmed.com\/ultrasound\/types-of-ultrasounds\/"},"modified":"2025-07-22T12:11:03","modified_gmt":"2025-07-22T16:11:03","slug":"types-of-ultrasounds","status":"publish","type":"page","link":"https:\/\/ipmcmed.com\/es\/radiology\/ultrasound\/types-of-ultrasounds\/","title":{"rendered":"Tipos de ultrasonidos"},"content":{"rendered":"\t\t<div data-elementor-type=\"wp-page\" data-elementor-id=\"39590\" class=\"elementor elementor-39590\" data-elementor-post-type=\"page\">\n\t\t\t\t<div class=\"elementor-element elementor-element-fce38b7 e-con-full e-flex e-con e-parent\" data-id=\"fce38b7\" data-element_type=\"container\">\n\t\t<div class=\"elementor-element elementor-element-6a89215 e-flex e-con-boxed e-con e-child\" data-id=\"6a89215\" data-element_type=\"container\">\n\t\t\t\t\t<div class=\"e-con-inner\">\n\t\t<div class=\"elementor-element elementor-element-37c4d34 e-con-full e-flex e-con e-child\" data-id=\"37c4d34\" data-element_type=\"container\">\n\t\t\t\t<div class=\"elementor-element elementor-element-0cb852a content-align-right the7-hover-visibility-disabled preserve-img-ratio-cover transform-overlay-yes exceeding-frame-yes elementor-widget elementor-widget-the7-image-widget\" data-id=\"0cb852a\" data-element_type=\"widget\" data-settings=\"{&quot;hover_visibility&quot;:&quot;disabled&quot;}\" data-widget_type=\"the7-image-widget.default\">\n\t\t\t\t<div class=\"elementor-widget-container\">\n\t\t\t\t\t<div class=\"the7-image-container\"><div class=\"the7-image-wrapper the7-elementor-widget the7-transform-container\"><div class=\"post-thumbnail-rollover layzr-bg img-css-resize-wrapper\"><img fetchpriority=\"high\" decoding=\"async\" width=\"1000\" height=\"1000\" src=\"data:image\/svg+xml,%3Csvg%20xmlns%3D&#039;http%3A%2F%2Fwww.w3.org%2F2000%2Fsvg&#039;%20viewBox%3D&#039;0%200%201000%201000&#039;%2F%3E\" class=\"attachment-full size-full preload-me aspect lazy lazy-load\" alt=\"\" sizes=\"(max-width: 1000px) 100vw, 1000px\" style=\"--ratio: 1000 \/ 1000;\" data-src=\"https:\/\/ipmcmed.com\/wp-content\/uploads\/2025\/04\/ultrasound-03.jpg\" loading=\"eager\" data-srcset=\"https:\/\/ipmcmed.com\/wp-content\/uploads\/2025\/04\/ultrasound-03.jpg 1000w, https:\/\/ipmcmed.com\/wp-content\/uploads\/2025\/04\/ultrasound-03-300x300.jpg 300w, https:\/\/ipmcmed.com\/wp-content\/uploads\/2025\/04\/ultrasound-03-150x150.jpg 150w, https:\/\/ipmcmed.com\/wp-content\/uploads\/2025\/04\/ultrasound-03-768x768.jpg 768w\" \/><\/div><\/div><\/div>\t\t\t\t<\/div>\n\t\t\t\t<\/div>\n\t\t\t\t<div class=\"elementor-element elementor-element-b892683 dt-nav-menu_align-left dt-sub-menu_align-left elementor-widget elementor-widget-the7_nav-menu\" data-id=\"b892683\" data-element_type=\"widget\" data-settings=\"{&quot;submenu_display&quot;:&quot;always&quot;}\" data-widget_type=\"the7_nav-menu.default\">\n\t\t\t\t<div class=\"elementor-widget-container\">\n\t\t\t\t\t<nav class=\"dt-nav-menu--main dt-nav-menu__container dt-sub-menu-display-always dt-icon-align- dt-icon-position- dt-sub-icon-position- dt-sub-icon-align-\"><ul class=\"dt-nav-menu\"><li class=\"menu-item menu-item-type-post_type menu-item-object-page menu-item-37156 first depth-0\"><a href='https:\/\/ipmcmed.com\/radiology\/ultrasound\/' class=' mega-menu-img' data-level='1'><span class=\"item-content\"><svg xmlns=\"http:\/\/www.w3.org\/2000\/svg\" width=\"56\" height=\"56\" fill=\"#000000\" viewBox=\"0 0 256 256\"><path d=\"M224.49,136.49l-72,72a12,12,0,0,1-17-17L187,140H40a12,12,0,0,1,0-24H187L135.51,64.48a12,12,0,0,1,17-17l72,72A12,12,0,0,1,224.49,136.49Z\"><\/path><\/svg><span class=\"menu-item-text\"><span class=\"menu-text\">Ultrasonido<\/span><\/span><\/span><span class=\"\" data-icon = \"\"> <\/span><\/a><\/li> <li class=\"menu-item menu-item-type-post_type menu-item-object-page menu-item-37158 depth-0\"><a href='https:\/\/ipmcmed.com\/radiology\/ultrasound\/types-of-ultrasounds\/' class=' mega-menu-img' data-level='1'><span class=\"item-content\"><svg xmlns=\"http:\/\/www.w3.org\/2000\/svg\" width=\"56\" height=\"56\" fill=\"#000000\" viewBox=\"0 0 256 256\"><path d=\"M224.49,136.49l-72,72a12,12,0,0,1-17-17L187,140H40a12,12,0,0,1,0-24H187L135.51,64.48a12,12,0,0,1,17-17l72,72A12,12,0,0,1,224.49,136.49Z\"><\/path><\/svg><span class=\"menu-item-text\"><span class=\"menu-text\">Tipos de ultrasonidos<\/span><\/span><\/span><span class=\"\" data-icon = \"\"> <\/span><\/a><\/li> <li class=\"menu-item menu-item-type-post_type menu-item-object-page menu-item-37157 last depth-0\"><a href='https:\/\/ipmcmed.com\/radiology\/ultrasound\/ultrasound-preparation\/' class=' mega-menu-img' data-level='1'><span class=\"item-content\"><svg xmlns=\"http:\/\/www.w3.org\/2000\/svg\" width=\"56\" height=\"56\" fill=\"#000000\" viewBox=\"0 0 256 256\"><path d=\"M224.49,136.49l-72,72a12,12,0,0,1-17-17L187,140H40a12,12,0,0,1,0-24H187L135.51,64.48a12,12,0,0,1,17-17l72,72A12,12,0,0,1,224.49,136.49Z\"><\/path><\/svg><span class=\"menu-item-text\"><span class=\"menu-text\">C\u00f3mo prepararse para ultrasonido<\/span><\/span><\/span><span class=\"\" data-icon = \"\"> <\/span><\/a><\/li> <\/ul><\/nav>\t\t\t\t<\/div>\n\t\t\t\t<\/div>\n\t\t\t\t<\/div>\n\t\t<div class=\"elementor-element elementor-element-ade6fd2 e-con-full e-flex e-con e-child\" data-id=\"ade6fd2\" data-element_type=\"container\">\n\t\t\t\t<div class=\"elementor-element elementor-element-224f6d2 elementor-widget-tablet__width-inherit elementor-widget elementor-widget-text-editor\" data-id=\"224f6d2\" data-element_type=\"widget\" data-widget_type=\"text-editor.default\">\n\t\t\t\t<div class=\"elementor-widget-container\">\n\t\t\t\t\t\t\t\t\tExisten muchos tipos de ultrasonidos. Los hemos dividido en dos categor\u00edas con instrucciones espec\u00edficas para cada uno.\t\t\t\t\t\t\t\t<\/div>\n\t\t\t\t<\/div>\n\t\t\t\t<div class=\"elementor-element elementor-element-083135e elementor-widget-divider--view-line elementor-widget elementor-widget-divider\" data-id=\"083135e\" data-element_type=\"widget\" data-widget_type=\"divider.default\">\n\t\t\t\t<div class=\"elementor-widget-container\">\n\t\t\t\t\t\t\t<div class=\"elementor-divider\">\n\t\t\t<span class=\"elementor-divider-separator\">\n\t\t\t\t\t\t<\/span>\n\t\t<\/div>\n\t\t\t\t\t\t<\/div>\n\t\t\t\t<\/div>\n\t\t\t\t<div class=\"elementor-element elementor-element-1760465 elementor-widget-tablet__width-inherit elementor-widget elementor-widget-text-editor\" data-id=\"1760465\" data-element_type=\"widget\" data-widget_type=\"text-editor.default\">\n\t\t\t\t<div class=\"elementor-widget-container\">\n\t\t\t\t\t\t\t\t\t<h4>Ultrasonidos que NO requieren preparaci\u00f3n<\/h4><p>Los siguientes estudios no requieren preparaci\u00f3n por parte del paciente:<\/p><p><strong>US axilar (axila)<\/strong> \u2013 Se utiliza para examinar los ganglios linf\u00e1ticos y a menudo se realiza junto con un ultrasonido mamario para detectar posibles masas.<\/p><p><strong>US ABI (\u00edndice tobillo-brazo)<\/strong> \u2013 Compara la presi\u00f3n arterial en la pierna con la del brazo para detectar enfermedad vascular perif\u00e9rica.<\/p><p><strong>US arterial de extremidades superiores o inferiores<\/strong> \u2013 Se utiliza para diagnosticar flujo sangu\u00edneo arterial reducido u obstruido en brazos y piernas.<\/p><p><strong>US mamario<\/strong> \u2013 Generalmente se realiza despu\u00e9s de una mamograf\u00eda para observar \u00e1reas espec\u00edficas de inter\u00e9s. Se utiliza principalmente para determinar el tipo de lesi\u00f3n en el seno y si se requiere una biopsia.<\/p><p><strong>US carot\u00eddeo<\/strong> \u2013 Permite visualizar el flujo sangu\u00edneo en las arterias car\u00f3tidas y detectar estrechamiento u obstrucci\u00f3n.<\/p><p><strong>US de extremidades no vasculares<\/strong> \u2013 Eval\u00faa tejidos de brazos o piernas (no los vasos sangu\u00edneos) para visualizar masas o lesiones.<\/p><p><strong>US del cuello<\/strong> \u2013 Se utiliza para evaluar bultos o lesiones en el \u00e1rea del cuello.<\/p><p><strong>US renal<\/strong> \u2013 Examina los ri\u00f1ones para detectar obstrucciones como piedras, tumores o quistes.<\/p><p><strong>US escrotal<\/strong> \u2013 Eval\u00faa problemas vasculares en los test\u00edculos, test\u00edculos no descendidos, dolor, inflamaci\u00f3n y masas.<\/p><p><strong>US de tejidos blandos<\/strong> \u2013 Eval\u00faa inflamaciones, infecciones, masas, fascitis necrosante y otras lesiones en m\u00fasculos y tejidos blandos.<\/p><p><strong>US tiroideo<\/strong> \u2013 Eval\u00faa problemas de la gl\u00e1ndula tiroides como bocios u otras anomal\u00edas.<\/p><p><strong>US transvaginal<\/strong> \u2013 Se realiza com\u00fanmente para evaluar dolor p\u00e9lvico, sangrado vaginal anormal o hallazgos inusuales en el examen ginecol\u00f3gico. La sonda se introduce en la vagina para visualizar los \u00f3rganos reproductivos internos. Puede realizarse durante el sangrado si la paciente se siente c\u00f3moda.<\/p><p><strong>US venoso de extremidades superiores o inferiores<\/strong> \u2013 Busca co\u00e1gulos sangu\u00edneos como una trombosis venosa profunda (TVP). Este examen debe realizarse con urgencia si en la receta m\u00e9dica se indica \u201cb\u00fasqueda de TVP\u201d o \u201cSTAT\u201d. Por favor ll\u00e1menos de inmediato si es su caso.<\/p><hr class=\"the7-p-gap\" style=\"padding-bottom: 30px;\" \/><h4>Ultrasonidos que REQUIEREN preparaci\u00f3n<\/h4><p>Si va a programar uno de estos estudios, consulte la p\u00e1gina de <a href=\"#\">c\u00f3mo prepararse para su ultrasonido<\/a>. Es muy importante seguir las instrucciones. Si llega sin preparaci\u00f3n adecuada, el t\u00e9cnico no podr\u00e1 realizar el examen y ser\u00e1 necesario reprogramar su cita.<\/p><p><strong>US abdominal \/ US RUQ (cuadrante superior derecho del abdomen)<\/strong> \u2013 Eval\u00faa los \u00f3rganos del abdomen para detectar masas, agrandamientos o la causa del dolor abdominal. Su m\u00e9dico puede especificar el \u00f3rgano, por lo que su receta puede decir: US de ves\u00edcula biliar, h\u00edgado, p\u00e1ncreas o bazo.<\/p><p><strong>US de la aorta abdominal<\/strong> \u2013 Generalmente se utiliza para detectar aneurismas de la aorta abdominal (AAA), un abultamiento de la pared a\u00f3rtica. Este ultrasonido mide el tama\u00f1o del aneurisma y eval\u00faa el riesgo de ruptura.<\/p><p><strong>US de vejiga<\/strong> \u2013 Eval\u00faa la cantidad de orina antes y despu\u00e9s de orinar, busca piedras o mide el grosor de la pared de la vejiga.<\/p><p><strong>US fetal \/ US obst\u00e9trico<\/strong> \u2013 Se realiza en distintas etapas del embarazo para observar el tama\u00f1o y anatom\u00eda del feto y verificar el desarrollo adecuado. A menudo se combina con un ultrasonido transvaginal.<\/p><p><strong>US p\u00e9lvico<\/strong> \u2013 Se utiliza para investigar el origen del dolor, inflamaci\u00f3n, sangrado anormal y problemas del sistema reproductivo. Tambi\u00e9n suele combinarse con un US transvaginal.<\/p><p><strong>US de pr\u00f3stata<\/strong> \u2013 Ayuda a diagnosticar c\u00e1ncer, inflamaci\u00f3n, agrandamiento de la gl\u00e1ndula prost\u00e1tica e infertilidad.<\/p><p><strong>US de arterias renales<\/strong> \u2013 Eval\u00faa el flujo sangu\u00edneo hacia los ri\u00f1ones y detecta posibles obstrucciones o estrechamiento en la arteria renal.<\/p>\t\t\t\t\t\t\t\t<\/div>\n\t\t\t\t<\/div>\n\t\t\t\t<\/div>\n\t\t\t\t\t<\/div>\n\t\t\t\t<\/div>\n\t\t\t\t<\/div>\n\t\t<div class=\"elementor-element elementor-element-f501138 e-con-full e-flex e-con e-child\" data-id=\"f501138\" data-element_type=\"container\" data-settings=\"{&quot;background_background&quot;:&quot;classic&quot;}\">\n\t\t<div class=\"elementor-element elementor-element-510ef1d e-flex e-con-boxed e-con e-child\" data-id=\"510ef1d\" data-element_type=\"container\" data-settings=\"{&quot;background_background&quot;:&quot;gradient&quot;}\">\n\t\t\t\t\t<div class=\"e-con-inner\">\n\t\t<div class=\"elementor-element elementor-element-af09c09 e-flex e-con-boxed e-con e-child\" data-id=\"af09c09\" data-element_type=\"container\">\n\t\t\t\t\t<div class=\"e-con-inner\">\n\t\t\t\t<div class=\"elementor-element elementor-element-ef64662 elementor-widget-tablet__width-inherit elementor-widget__width-initial elementor-widget elementor-widget-the7-heading\" data-id=\"ef64662\" data-element_type=\"widget\" data-widget_type=\"the7-heading.default\">\n\t\t\t\t<div class=\"elementor-widget-container\">\n\t\t\t\t\t<div class=\"the7-heading-title elementor-size-default\">Programar su visita de ultrasonido es f\u00e1cil.<\/div>\t\t\t\t<\/div>\n\t\t\t\t<\/div>\n\t\t\t\t<div class=\"elementor-element elementor-element-4be2455 elementor-widget-tablet__width-inherit elementor-widget elementor-widget-text-editor\" data-id=\"4be2455\" data-element_type=\"widget\" data-widget_type=\"text-editor.default\">\n\t\t\t\t<div class=\"elementor-widget-container\">\n\t\t\t\t\t\t\t\t\t<h2>Simplemente complete el formulario y nuestro equipo se pondr\u00e1 en contacto para confirmar su cita.<\/h2>\t\t\t\t\t\t\t\t<\/div>\n\t\t\t\t<\/div>\n\t\t\t\t\t<\/div>\n\t\t\t\t<\/div>\n\t\t<div class=\"elementor-element elementor-element-bad4a18 e-con-fit e-flex e-con e-child\" data-id=\"bad4a18\" data-element_type=\"container\">\n\t\t\t\t<div class=\"elementor-element elementor-element-86d67d5 elementor-tablet-align-left elementor-widget elementor-widget-the7_button_widget\" data-id=\"86d67d5\" data-element_type=\"widget\" data-widget_type=\"the7_button_widget.default\">\n\t\t\t\t<div class=\"elementor-widget-container\">\n\t\t\t\t\t<div class=\"elementor-button-wrapper\"><a href=\"#elementor-action%3Aaction%3Dpopup%3Aopen%26settings%3DeyJpZCI6IjE3MDM5IiwidG9nZ2xlIjpmYWxzZX0%3D\" class=\"box-button elementor-button elementor-size-xl\">Solicitar cita<\/a><\/div>\t\t\t\t<\/div>\n\t\t\t\t<\/div>\n\t\t\t\t<\/div>\n\t\t\t\t\t<\/div>\n\t\t\t\t<\/div>\n\t\t\t\t<\/div>\n\t\t\t\t<\/div>\n\t\t","protected":false},"excerpt":{"rendered":"<p>Existen muchos tipos de ultrasonidos. Los hemos dividido en dos categor\u00edas con instrucciones espec\u00edficas para cada uno. Ultrasonidos que NO requieren preparaci\u00f3n Los siguientes estudios no requieren preparaci\u00f3n por parte del paciente: US axilar (axila) \u2013 Se utiliza para examinar los ganglios linf\u00e1ticos y a menudo se realiza junto con un ultrasonido mamario para detectar&hellip;<\/p>\n","protected":false},"author":2,"featured_media":39566,"parent":39565,"menu_order":3,"comment_status":"closed","ping_status":"closed","template":"","meta":{"footnotes":""},"class_list":["post-39590","page","type-page","status-publish","has-post-thumbnail","hentry"],"yoast_head":"<!-- This site is optimized with the Yoast SEO plugin v25.4 - https:\/\/yoast.com\/wordpress\/plugins\/seo\/ -->\n<title>Tipos de ultrasonidos - IPMC - Independent Physicians Medical Center<\/title>\n<meta name=\"robots\" content=\"index, follow, max-snippet:-1, max-image-preview:large, max-video-preview:-1\" \/>\n<link rel=\"canonical\" href=\"https:\/\/ipmcmed.com\/es\/radiology\/ultrasound\/types-of-ultrasounds\/\" \/>\n<meta property=\"og:locale\" content=\"es_ES\" \/>\n<meta property=\"og:type\" content=\"article\" \/>\n<meta property=\"og:title\" content=\"Tipos de ultrasonidos - IPMC - Independent Physicians Medical Center\" \/>\n<meta property=\"og:description\" content=\"Existen muchos tipos de ultrasonidos. Los hemos dividido en dos categor\u00edas con instrucciones espec\u00edficas para cada uno. Ultrasonidos que NO requieren preparaci\u00f3n Los siguientes estudios no requieren preparaci\u00f3n por parte del paciente: US axilar (axila) \u2013 Se utiliza para examinar los ganglios linf\u00e1ticos y a menudo se realiza junto con un ultrasonido mamario para detectar&hellip;\" \/>\n<meta property=\"og:url\" content=\"https:\/\/ipmcmed.com\/es\/radiology\/ultrasound\/types-of-ultrasounds\/\" \/>\n<meta property=\"og:site_name\" content=\"IPMC - Independent Physicians Medical Center\" \/>\n<meta property=\"article:modified_time\" content=\"2025-07-22T16:11:03+00:00\" \/>\n<meta name=\"twitter:card\" content=\"summary_large_image\" \/>\n<meta name=\"twitter:label1\" content=\"Tiempo de lectura\" \/>\n\t<meta name=\"twitter:data1\" content=\"3 minutos\" \/>\n<script type=\"application\/ld+json\" class=\"yoast-schema-graph\">{\"@context\":\"https:\/\/schema.org\",\"@graph\":[{\"@type\":\"WebPage\",\"@id\":\"https:\/\/ipmcmed.com\/es\/radiology\/ultrasound\/types-of-ultrasounds\/\",\"url\":\"https:\/\/ipmcmed.com\/es\/radiology\/ultrasound\/types-of-ultrasounds\/\",\"name\":\"Tipos de ultrasonidos - IPMC - Independent Physicians Medical Center\",\"isPartOf\":{\"@id\":\"https:\/\/ipmcmed.com\/es\/#website\"},\"primaryImageOfPage\":{\"@id\":\"https:\/\/ipmcmed.com\/es\/radiology\/ultrasound\/types-of-ultrasounds\/#primaryimage\"},\"image\":{\"@id\":\"https:\/\/ipmcmed.com\/es\/radiology\/ultrasound\/types-of-ultrasounds\/#primaryimage\"},\"thumbnailUrl\":\"https:\/\/ipmcmed.com\/wp-content\/uploads\/2025\/04\/ultrasound-01.jpg\",\"datePublished\":\"2025-04-09T17:40:26+00:00\",\"dateModified\":\"2025-07-22T16:11:03+00:00\",\"breadcrumb\":{\"@id\":\"https:\/\/ipmcmed.com\/es\/radiology\/ultrasound\/types-of-ultrasounds\/#breadcrumb\"},\"inLanguage\":\"es\",\"potentialAction\":[{\"@type\":\"ReadAction\",\"target\":[\"https:\/\/ipmcmed.com\/es\/radiology\/ultrasound\/types-of-ultrasounds\/\"]}]},{\"@type\":\"ImageObject\",\"inLanguage\":\"es\",\"@id\":\"https:\/\/ipmcmed.com\/es\/radiology\/ultrasound\/types-of-ultrasounds\/#primaryimage\",\"url\":\"https:\/\/ipmcmed.com\/wp-content\/uploads\/2025\/04\/ultrasound-01.jpg\",\"contentUrl\":\"https:\/\/ipmcmed.com\/wp-content\/uploads\/2025\/04\/ultrasound-01.jpg\",\"width\":1000,\"height\":1000},{\"@type\":\"BreadcrumbList\",\"@id\":\"https:\/\/ipmcmed.com\/es\/radiology\/ultrasound\/types-of-ultrasounds\/#breadcrumb\",\"itemListElement\":[{\"@type\":\"ListItem\",\"position\":1,\"name\":\"Home\",\"item\":\"https:\/\/ipmcmed.com\/es\/\"},{\"@type\":\"ListItem\",\"position\":2,\"name\":\"Radiolog\u00eda\",\"item\":\"https:\/\/ipmcmed.com\/es\/radiology\/\"},{\"@type\":\"ListItem\",\"position\":3,\"name\":\"Ultrasonido\",\"item\":\"https:\/\/ipmcmed.com\/es\/radiology\/ultrasound\/\"},{\"@type\":\"ListItem\",\"position\":4,\"name\":\"Tipos de ultrasonidos\"}]},{\"@type\":\"WebSite\",\"@id\":\"https:\/\/ipmcmed.com\/es\/#website\",\"url\":\"https:\/\/ipmcmed.com\/es\/\",\"name\":\"IPMC - Independent Physicians Medical Center\",\"description\":\"MRI, CT Scan, X-Ray, Ultrasound, Nuclear Medicine, Mammography, Dexa Scan, Cardiology, Health Clinic\",\"publisher\":{\"@id\":\"https:\/\/ipmcmed.com\/es\/#organization\"},\"potentialAction\":[{\"@type\":\"SearchAction\",\"target\":{\"@type\":\"EntryPoint\",\"urlTemplate\":\"https:\/\/ipmcmed.com\/es\/?s={search_term_string}\"},\"query-input\":{\"@type\":\"PropertyValueSpecification\",\"valueRequired\":true,\"valueName\":\"search_term_string\"}}],\"inLanguage\":\"es\"},{\"@type\":\"Organization\",\"@id\":\"https:\/\/ipmcmed.com\/es\/#organization\",\"name\":\"IPMC - Independent Physicians Medical Center\",\"url\":\"https:\/\/ipmcmed.com\/es\/\",\"logo\":{\"@type\":\"ImageObject\",\"inLanguage\":\"es\",\"@id\":\"https:\/\/ipmcmed.com\/es\/#\/schema\/logo\/image\/\",\"url\":\"https:\/\/ipmcmed.com\/wp-content\/uploads\/2025\/02\/ipmc-logo.png\",\"contentUrl\":\"https:\/\/ipmcmed.com\/wp-content\/uploads\/2025\/02\/ipmc-logo.png\",\"width\":600,\"height\":100,\"caption\":\"IPMC - Independent Physicians Medical Center\"},\"image\":{\"@id\":\"https:\/\/ipmcmed.com\/es\/#\/schema\/logo\/image\/\"}}]}<\/script>\n<!-- \/ Yoast SEO plugin. -->","yoast_head_json":{"title":"Tipos de ultrasonidos - IPMC - Independent Physicians Medical Center","robots":{"index":"index","follow":"follow","max-snippet":"max-snippet:-1","max-image-preview":"max-image-preview:large","max-video-preview":"max-video-preview:-1"},"canonical":"https:\/\/ipmcmed.com\/es\/radiology\/ultrasound\/types-of-ultrasounds\/","og_locale":"es_ES","og_type":"article","og_title":"Tipos de ultrasonidos - IPMC - Independent Physicians Medical Center","og_description":"Existen muchos tipos de ultrasonidos. Los hemos dividido en dos categor\u00edas con instrucciones espec\u00edficas para cada uno. Ultrasonidos que NO requieren preparaci\u00f3n Los siguientes estudios no requieren preparaci\u00f3n por parte del paciente: US axilar (axila) \u2013 Se utiliza para examinar los ganglios linf\u00e1ticos y a menudo se realiza junto con un ultrasonido mamario para detectar&hellip;","og_url":"https:\/\/ipmcmed.com\/es\/radiology\/ultrasound\/types-of-ultrasounds\/","og_site_name":"IPMC - Independent Physicians Medical Center","article_modified_time":"2025-07-22T16:11:03+00:00","twitter_card":"summary_large_image","twitter_misc":{"Tiempo de lectura":"3 minutos"},"schema":{"@context":"https:\/\/schema.org","@graph":[{"@type":"WebPage","@id":"https:\/\/ipmcmed.com\/es\/radiology\/ultrasound\/types-of-ultrasounds\/","url":"https:\/\/ipmcmed.com\/es\/radiology\/ultrasound\/types-of-ultrasounds\/","name":"Tipos de ultrasonidos - IPMC - Independent Physicians Medical Center","isPartOf":{"@id":"https:\/\/ipmcmed.com\/es\/#website"},"primaryImageOfPage":{"@id":"https:\/\/ipmcmed.com\/es\/radiology\/ultrasound\/types-of-ultrasounds\/#primaryimage"},"image":{"@id":"https:\/\/ipmcmed.com\/es\/radiology\/ultrasound\/types-of-ultrasounds\/#primaryimage"},"thumbnailUrl":"https:\/\/ipmcmed.com\/wp-content\/uploads\/2025\/04\/ultrasound-01.jpg","datePublished":"2025-04-09T17:40:26+00:00","dateModified":"2025-07-22T16:11:03+00:00","breadcrumb":{"@id":"https:\/\/ipmcmed.com\/es\/radiology\/ultrasound\/types-of-ultrasounds\/#breadcrumb"},"inLanguage":"es","potentialAction":[{"@type":"ReadAction","target":["https:\/\/ipmcmed.com\/es\/radiology\/ultrasound\/types-of-ultrasounds\/"]}]},{"@type":"ImageObject","inLanguage":"es","@id":"https:\/\/ipmcmed.com\/es\/radiology\/ultrasound\/types-of-ultrasounds\/#primaryimage","url":"https:\/\/ipmcmed.com\/wp-content\/uploads\/2025\/04\/ultrasound-01.jpg","contentUrl":"https:\/\/ipmcmed.com\/wp-content\/uploads\/2025\/04\/ultrasound-01.jpg","width":1000,"height":1000},{"@type":"BreadcrumbList","@id":"https:\/\/ipmcmed.com\/es\/radiology\/ultrasound\/types-of-ultrasounds\/#breadcrumb","itemListElement":[{"@type":"ListItem","position":1,"name":"Home","item":"https:\/\/ipmcmed.com\/es\/"},{"@type":"ListItem","position":2,"name":"Radiolog\u00eda","item":"https:\/\/ipmcmed.com\/es\/radiology\/"},{"@type":"ListItem","position":3,"name":"Ultrasonido","item":"https:\/\/ipmcmed.com\/es\/radiology\/ultrasound\/"},{"@type":"ListItem","position":4,"name":"Tipos de ultrasonidos"}]},{"@type":"WebSite","@id":"https:\/\/ipmcmed.com\/es\/#website","url":"https:\/\/ipmcmed.com\/es\/","name":"IPMC - Independent Physicians Medical Center","description":"MRI, CT Scan, X-Ray, Ultrasound, Nuclear Medicine, Mammography, Dexa Scan, Cardiology, Health Clinic","publisher":{"@id":"https:\/\/ipmcmed.com\/es\/#organization"},"potentialAction":[{"@type":"SearchAction","target":{"@type":"EntryPoint","urlTemplate":"https:\/\/ipmcmed.com\/es\/?s={search_term_string}"},"query-input":{"@type":"PropertyValueSpecification","valueRequired":true,"valueName":"search_term_string"}}],"inLanguage":"es"},{"@type":"Organization","@id":"https:\/\/ipmcmed.com\/es\/#organization","name":"IPMC - Independent Physicians Medical Center","url":"https:\/\/ipmcmed.com\/es\/","logo":{"@type":"ImageObject","inLanguage":"es","@id":"https:\/\/ipmcmed.com\/es\/#\/schema\/logo\/image\/","url":"https:\/\/ipmcmed.com\/wp-content\/uploads\/2025\/02\/ipmc-logo.png","contentUrl":"https:\/\/ipmcmed.com\/wp-content\/uploads\/2025\/02\/ipmc-logo.png","width":600,"height":100,"caption":"IPMC - Independent Physicians Medical Center"},"image":{"@id":"https:\/\/ipmcmed.com\/es\/#\/schema\/logo\/image\/"}}]}},"_links":{"self":[{"href":"https:\/\/ipmcmed.com\/es\/wp-json\/wp\/v2\/pages\/39590","targetHints":{"allow":["GET"]}}],"collection":[{"href":"https:\/\/ipmcmed.com\/es\/wp-json\/wp\/v2\/pages"}],"about":[{"href":"https:\/\/ipmcmed.com\/es\/wp-json\/wp\/v2\/types\/page"}],"author":[{"embeddable":true,"href":"https:\/\/ipmcmed.com\/es\/wp-json\/wp\/v2\/users\/2"}],"replies":[{"embeddable":true,"href":"https:\/\/ipmcmed.com\/es\/wp-json\/wp\/v2\/comments?post=39590"}],"version-history":[{"count":8,"href":"https:\/\/ipmcmed.com\/es\/wp-json\/wp\/v2\/pages\/39590\/revisions"}],"predecessor-version":[{"id":42269,"href":"https:\/\/ipmcmed.com\/es\/wp-json\/wp\/v2\/pages\/39590\/revisions\/42269"}],"up":[{"embeddable":true,"href":"https:\/\/ipmcmed.com\/es\/wp-json\/wp\/v2\/pages\/39565"}],"wp:featuredmedia":[{"embeddable":true,"href":"https:\/\/ipmcmed.com\/es\/wp-json\/wp\/v2\/media\/39566"}],"wp:attachment":[{"href":"https:\/\/ipmcmed.com\/es\/wp-json\/wp\/v2\/media?parent=39590"}],"curies":[{"name":"wp","href":"https:\/\/api.w.org\/{rel}","templated":true}]}}