{"id":39543,"date":"2025-04-08T19:54:14","date_gmt":"2025-04-08T23:54:14","guid":{"rendered":"https:\/\/ipmcmed.com\/x-ray\/x-ray-preparation\/"},"modified":"2025-05-01T16:44:31","modified_gmt":"2025-05-01T21:44:31","slug":"x-ray-preparation","status":"publish","type":"page","link":"https:\/\/ipmcmed.com\/es\/radiology\/x-ray\/x-ray-preparation\/","title":{"rendered":"C\u00f3mo prepararse para radiograf\u00eda"},"content":{"rendered":"\t\t<div data-elementor-type=\"wp-page\" data-elementor-id=\"39543\" class=\"elementor elementor-39543\" data-elementor-post-type=\"page\">\n\t\t\t\t<div class=\"elementor-element elementor-element-fce38b7 e-con-full e-flex e-con e-parent\" data-id=\"fce38b7\" data-element_type=\"container\">\n\t\t<div class=\"elementor-element elementor-element-6a89215 e-flex e-con-boxed e-con e-child\" data-id=\"6a89215\" data-element_type=\"container\">\n\t\t\t\t\t<div class=\"e-con-inner\">\n\t\t<div class=\"elementor-element elementor-element-37c4d34 e-con-full e-flex e-con e-child\" data-id=\"37c4d34\" data-element_type=\"container\">\n\t\t\t\t<div class=\"elementor-element elementor-element-0cb852a content-align-right the7-hover-visibility-disabled preserve-img-ratio-cover transform-overlay-yes exceeding-frame-yes elementor-widget elementor-widget-the7-image-widget\" data-id=\"0cb852a\" data-element_type=\"widget\" data-settings=\"{&quot;hover_visibility&quot;:&quot;disabled&quot;}\" data-widget_type=\"the7-image-widget.default\">\n\t\t\t\t<div class=\"elementor-widget-container\">\n\t\t\t\t\t<div class=\"the7-image-container\"><div class=\"the7-image-wrapper the7-elementor-widget the7-transform-container\"><div class=\"post-thumbnail-rollover layzr-bg img-css-resize-wrapper\"><img fetchpriority=\"high\" decoding=\"async\" width=\"1000\" height=\"1000\" src=\"data:image\/svg+xml,%3Csvg%20xmlns%3D&#039;http%3A%2F%2Fwww.w3.org%2F2000%2Fsvg&#039;%20viewBox%3D&#039;0%200%201000%201000&#039;%2F%3E\" class=\"attachment-full size-full preload-me aspect lazy lazy-load\" alt=\"\" sizes=\"(max-width: 1000px) 100vw, 1000px\" style=\"--ratio: 1000 \/ 1000;\" data-src=\"https:\/\/ipmcmed.com\/wp-content\/uploads\/2025\/04\/x-ray-05.jpg\" loading=\"eager\" data-srcset=\"https:\/\/ipmcmed.com\/wp-content\/uploads\/2025\/04\/x-ray-05.jpg 1000w, https:\/\/ipmcmed.com\/wp-content\/uploads\/2025\/04\/x-ray-05-300x300.jpg 300w, https:\/\/ipmcmed.com\/wp-content\/uploads\/2025\/04\/x-ray-05-150x150.jpg 150w, https:\/\/ipmcmed.com\/wp-content\/uploads\/2025\/04\/x-ray-05-768x768.jpg 768w\" \/><\/div><\/div><\/div>\t\t\t\t<\/div>\n\t\t\t\t<\/div>\n\t\t\t\t<div class=\"elementor-element elementor-element-b892683 dt-nav-menu_align-left dt-sub-menu_align-left elementor-widget elementor-widget-the7_nav-menu\" data-id=\"b892683\" data-element_type=\"widget\" data-settings=\"{&quot;submenu_display&quot;:&quot;always&quot;}\" data-widget_type=\"the7_nav-menu.default\">\n\t\t\t\t<div class=\"elementor-widget-container\">\n\t\t\t\t\t<nav class=\"dt-nav-menu--main dt-nav-menu__container dt-sub-menu-display-always dt-icon-align- dt-icon-position- dt-sub-icon-position- dt-sub-icon-align-\"><ul class=\"dt-nav-menu\"><li class=\"menu-item menu-item-type-post_type menu-item-object-page menu-item-37159 first depth-0\"><a href='https:\/\/ipmcmed.com\/radiology\/x-ray\/' class=' mega-menu-img' data-level='1'><span class=\"item-content\"><svg xmlns=\"http:\/\/www.w3.org\/2000\/svg\" width=\"56\" height=\"56\" fill=\"#000000\" viewBox=\"0 0 256 256\"><path d=\"M224.49,136.49l-72,72a12,12,0,0,1-17-17L187,140H40a12,12,0,0,1,0-24H187L135.51,64.48a12,12,0,0,1,17-17l72,72A12,12,0,0,1,224.49,136.49Z\"><\/path><\/svg><span class=\"menu-item-text\"><span class=\"menu-text\">Radiograf\u00eda<\/span><\/span><\/span><span class=\"\" data-icon = \"\"> <\/span><\/a><\/li> <li class=\"menu-item menu-item-type-post_type menu-item-object-page menu-item-37160 last depth-0\"><a href='https:\/\/ipmcmed.com\/radiology\/x-ray\/x-ray-preparation\/' class=' mega-menu-img' data-level='1'><span class=\"item-content\"><svg xmlns=\"http:\/\/www.w3.org\/2000\/svg\" width=\"56\" height=\"56\" fill=\"#000000\" viewBox=\"0 0 256 256\"><path d=\"M224.49,136.49l-72,72a12,12,0,0,1-17-17L187,140H40a12,12,0,0,1,0-24H187L135.51,64.48a12,12,0,0,1,17-17l72,72A12,12,0,0,1,224.49,136.49Z\"><\/path><\/svg><span class=\"menu-item-text\"><span class=\"menu-text\">C\u00f3mo prepararse para radiograf\u00eda<\/span><\/span><\/span><span class=\"\" data-icon = \"\"> <\/span><\/a><\/li> <\/ul><\/nav>\t\t\t\t<\/div>\n\t\t\t\t<\/div>\n\t\t\t\t<\/div>\n\t\t<div class=\"elementor-element elementor-element-ade6fd2 e-con-full e-flex e-con e-child\" data-id=\"ade6fd2\" data-element_type=\"container\">\n\t\t\t\t<div class=\"elementor-element elementor-element-224f6d2 elementor-widget-tablet__width-inherit elementor-widget elementor-widget-text-editor\" data-id=\"224f6d2\" data-element_type=\"widget\" data-widget_type=\"text-editor.default\">\n\t\t\t\t<div class=\"elementor-widget-container\">\n\t\t\t\t\t\t\t\t\t<p>Prepararse para una radiograf\u00eda es sencillo y generalmente no requiere mucho esfuerzo. Para asegurar que su cita se desarrolle sin problemas y obtener los resultados m\u00e1s precisos, por favor siga estas recomendaciones.<\/p>\t\t\t\t\t\t\t\t<\/div>\n\t\t\t\t<\/div>\n\t\t\t\t<div class=\"elementor-element elementor-element-083135e elementor-widget-divider--view-line elementor-widget elementor-widget-divider\" data-id=\"083135e\" data-element_type=\"widget\" data-widget_type=\"divider.default\">\n\t\t\t\t<div class=\"elementor-widget-container\">\n\t\t\t\t\t\t\t<div class=\"elementor-divider\">\n\t\t\t<span class=\"elementor-divider-separator\">\n\t\t\t\t\t\t<\/span>\n\t\t<\/div>\n\t\t\t\t\t\t<\/div>\n\t\t\t\t<\/div>\n\t\t\t\t<div class=\"elementor-element elementor-element-1760465 elementor-widget-tablet__width-inherit elementor-widget elementor-widget-text-editor\" data-id=\"1760465\" data-element_type=\"widget\" data-widget_type=\"text-editor.default\">\n\t\t\t\t<div class=\"elementor-widget-container\">\n\t\t\t\t\t\t\t\t\t<h4>Deje las joyas en casa<\/h4><p>El d\u00eda de su radiograf\u00eda, por favor no lleve ninguna joya. Las joyas pueden interferir con el proceso de imagen y es posible que deban retirarse antes del procedimiento.<\/p><hr class=\"the7-p-gap\" style=\"padding-bottom: 30px;\" \/><h4>Preparaci\u00f3n especial para ciertos tipos de radiograf\u00edas<\/h4><p>Aunque la mayor\u00eda de las radiograf\u00edas no requieren preparaci\u00f3n especial, si su receta m\u00e9dica indica una radiograf\u00eda KUB (ri\u00f1ones, ur\u00e9teres, vejiga) o una radiograf\u00eda abdominal, existen instrucciones espec\u00edficas:<\/p><ul><li>Si recientemente se ha sometido a un examen con bario o una inyecci\u00f3n de medio de contraste, por favor inf\u00f3rmenos con anticipaci\u00f3n. Deber\u00e1 programar su radiograf\u00eda al menos 10 d\u00edas despu\u00e9s del estudio con contraste para evitar interferencias en las im\u00e1genes.<\/li><\/ul><hr class=\"the7-p-gap\" style=\"padding-bottom: 30px;\" \/><h4>\u00bfTiene preguntas o dudas?<\/h4><p>Si no est\u00e1 seguro sobre alg\u00fan aspecto de su preparaci\u00f3n para la radiograf\u00eda \u2014especialmente si ha tenido estudios previos o no est\u00e1 claro el per\u00edodo de espera despu\u00e9s del contraste\u2014 por favor comun\u00edquese con su m\u00e9dico remitente o con su m\u00e9dico de atenci\u00f3n primaria para obtener m\u00e1s informaci\u00f3n.<\/p>\t\t\t\t\t\t\t\t<\/div>\n\t\t\t\t<\/div>\n\t\t\t\t<\/div>\n\t\t\t\t\t<\/div>\n\t\t\t\t<\/div>\n\t\t\t\t<\/div>\n\t\t<div class=\"elementor-element elementor-element-f501138 e-con-full e-flex e-con e-child\" data-id=\"f501138\" data-element_type=\"container\" data-settings=\"{&quot;background_background&quot;:&quot;classic&quot;}\">\n\t\t<div class=\"elementor-element elementor-element-510ef1d e-flex e-con-boxed e-con e-child\" data-id=\"510ef1d\" data-element_type=\"container\" data-settings=\"{&quot;background_background&quot;:&quot;gradient&quot;}\">\n\t\t\t\t\t<div class=\"e-con-inner\">\n\t\t<div class=\"elementor-element elementor-element-af09c09 e-flex e-con-boxed e-con e-child\" data-id=\"af09c09\" data-element_type=\"container\">\n\t\t\t\t\t<div class=\"e-con-inner\">\n\t\t\t\t<div class=\"elementor-element elementor-element-ef64662 elementor-widget-tablet__width-inherit elementor-widget__width-initial elementor-widget elementor-widget-the7-heading\" data-id=\"ef64662\" data-element_type=\"widget\" data-widget_type=\"the7-heading.default\">\n\t\t\t\t<div class=\"elementor-widget-container\">\n\t\t\t\t\t<div class=\"the7-heading-title elementor-size-default\">Programar su radiograf\u00eda es f\u00e1cil.<\/div>\t\t\t\t<\/div>\n\t\t\t\t<\/div>\n\t\t\t\t<div class=\"elementor-element elementor-element-4be2455 elementor-widget-tablet__width-inherit elementor-widget elementor-widget-text-editor\" data-id=\"4be2455\" data-element_type=\"widget\" data-widget_type=\"text-editor.default\">\n\t\t\t\t<div class=\"elementor-widget-container\">\n\t\t\t\t\t\t\t\t\t<h2>Simplemente complete el formulario y nuestro equipo se pondr\u00e1 en contacto para confirmar su cita.<\/h2>\t\t\t\t\t\t\t\t<\/div>\n\t\t\t\t<\/div>\n\t\t\t\t\t<\/div>\n\t\t\t\t<\/div>\n\t\t<div class=\"elementor-element elementor-element-bad4a18 e-con-fit e-flex e-con e-child\" data-id=\"bad4a18\" data-element_type=\"container\">\n\t\t\t\t<div class=\"elementor-element elementor-element-86d67d5 elementor-tablet-align-left elementor-widget elementor-widget-the7_button_widget\" data-id=\"86d67d5\" data-element_type=\"widget\" data-widget_type=\"the7_button_widget.default\">\n\t\t\t\t<div class=\"elementor-widget-container\">\n\t\t\t\t\t<div class=\"elementor-button-wrapper\"><a href=\"#elementor-action%3Aaction%3Dpopup%3Aopen%26settings%3DeyJpZCI6IjE3MDM5IiwidG9nZ2xlIjpmYWxzZX0%3D\" class=\"box-button elementor-button elementor-size-xl\">Solicitar cita<\/a><\/div>\t\t\t\t<\/div>\n\t\t\t\t<\/div>\n\t\t\t\t<\/div>\n\t\t\t\t\t<\/div>\n\t\t\t\t<\/div>\n\t\t\t\t<\/div>\n\t\t\t\t<\/div>\n\t\t","protected":false},"excerpt":{"rendered":"<p>Prepararse para una radiograf\u00eda es sencillo y generalmente no requiere mucho esfuerzo. Para asegurar que su cita se desarrolle sin problemas y obtener los resultados m\u00e1s precisos, por favor siga estas recomendaciones. Deje las joyas en casa El d\u00eda de su radiograf\u00eda, por favor no lleve ninguna joya. Las joyas pueden interferir con el proceso&hellip;<\/p>\n","protected":false},"author":2,"featured_media":0,"parent":39528,"menu_order":3,"comment_status":"closed","ping_status":"closed","template":"","meta":{"footnotes":""},"class_list":["post-39543","page","type-page","status-publish","hentry"],"yoast_head":"<!-- This site is optimized with the Yoast SEO plugin v25.4 - https:\/\/yoast.com\/wordpress\/plugins\/seo\/ -->\n<title>C\u00f3mo prepararse para radiograf\u00eda - IPMC - Independent Physicians Medical Center<\/title>\n<meta name=\"robots\" content=\"index, follow, max-snippet:-1, max-image-preview:large, max-video-preview:-1\" \/>\n<link rel=\"canonical\" href=\"https:\/\/ipmcmed.com\/es\/radiology\/x-ray\/x-ray-preparation\/\" \/>\n<meta property=\"og:locale\" content=\"es_ES\" \/>\n<meta property=\"og:type\" content=\"article\" \/>\n<meta property=\"og:title\" content=\"C\u00f3mo prepararse para radiograf\u00eda - IPMC - Independent Physicians Medical Center\" \/>\n<meta property=\"og:description\" content=\"Prepararse para una radiograf\u00eda es sencillo y generalmente no requiere mucho esfuerzo. Para asegurar que su cita se desarrolle sin problemas y obtener los resultados m\u00e1s precisos, por favor siga estas recomendaciones. Deje las joyas en casa El d\u00eda de su radiograf\u00eda, por favor no lleve ninguna joya. Las joyas pueden interferir con el proceso&hellip;\" \/>\n<meta property=\"og:url\" content=\"https:\/\/ipmcmed.com\/es\/radiology\/x-ray\/x-ray-preparation\/\" \/>\n<meta property=\"og:site_name\" content=\"IPMC - Independent Physicians Medical Center\" \/>\n<meta property=\"article:modified_time\" content=\"2025-05-01T21:44:31+00:00\" \/>\n<meta name=\"twitter:card\" content=\"summary_large_image\" \/>\n<meta name=\"twitter:label1\" content=\"Tiempo de lectura\" \/>\n\t<meta name=\"twitter:data1\" content=\"2 minutos\" \/>\n<script type=\"application\/ld+json\" class=\"yoast-schema-graph\">{\"@context\":\"https:\/\/schema.org\",\"@graph\":[{\"@type\":\"WebPage\",\"@id\":\"https:\/\/ipmcmed.com\/es\/radiology\/x-ray\/x-ray-preparation\/\",\"url\":\"https:\/\/ipmcmed.com\/es\/radiology\/x-ray\/x-ray-preparation\/\",\"name\":\"C\u00f3mo prepararse para radiograf\u00eda - IPMC - Independent Physicians Medical Center\",\"isPartOf\":{\"@id\":\"https:\/\/ipmcmed.com\/es\/#website\"},\"datePublished\":\"2025-04-08T23:54:14+00:00\",\"dateModified\":\"2025-05-01T21:44:31+00:00\",\"breadcrumb\":{\"@id\":\"https:\/\/ipmcmed.com\/es\/radiology\/x-ray\/x-ray-preparation\/#breadcrumb\"},\"inLanguage\":\"es\",\"potentialAction\":[{\"@type\":\"ReadAction\",\"target\":[\"https:\/\/ipmcmed.com\/es\/radiology\/x-ray\/x-ray-preparation\/\"]}]},{\"@type\":\"BreadcrumbList\",\"@id\":\"https:\/\/ipmcmed.com\/es\/radiology\/x-ray\/x-ray-preparation\/#breadcrumb\",\"itemListElement\":[{\"@type\":\"ListItem\",\"position\":1,\"name\":\"Home\",\"item\":\"https:\/\/ipmcmed.com\/es\/\"},{\"@type\":\"ListItem\",\"position\":2,\"name\":\"Radiolog\u00eda\",\"item\":\"https:\/\/ipmcmed.com\/es\/radiology\/\"},{\"@type\":\"ListItem\",\"position\":3,\"name\":\"Radiograf\u00eda\",\"item\":\"https:\/\/ipmcmed.com\/es\/radiology\/x-ray\/\"},{\"@type\":\"ListItem\",\"position\":4,\"name\":\"C\u00f3mo prepararse para radiograf\u00eda\"}]},{\"@type\":\"WebSite\",\"@id\":\"https:\/\/ipmcmed.com\/es\/#website\",\"url\":\"https:\/\/ipmcmed.com\/es\/\",\"name\":\"IPMC - Independent Physicians Medical Center\",\"description\":\"MRI, CT Scan, X-Ray, Ultrasound, Nuclear Medicine, Mammography, Dexa Scan, Cardiology, Health Clinic\",\"publisher\":{\"@id\":\"https:\/\/ipmcmed.com\/es\/#organization\"},\"potentialAction\":[{\"@type\":\"SearchAction\",\"target\":{\"@type\":\"EntryPoint\",\"urlTemplate\":\"https:\/\/ipmcmed.com\/es\/?s={search_term_string}\"},\"query-input\":{\"@type\":\"PropertyValueSpecification\",\"valueRequired\":true,\"valueName\":\"search_term_string\"}}],\"inLanguage\":\"es\"},{\"@type\":\"Organization\",\"@id\":\"https:\/\/ipmcmed.com\/es\/#organization\",\"name\":\"IPMC - Independent Physicians Medical Center\",\"url\":\"https:\/\/ipmcmed.com\/es\/\",\"logo\":{\"@type\":\"ImageObject\",\"inLanguage\":\"es\",\"@id\":\"https:\/\/ipmcmed.com\/es\/#\/schema\/logo\/image\/\",\"url\":\"https:\/\/ipmcmed.com\/wp-content\/uploads\/2025\/02\/ipmc-logo.png\",\"contentUrl\":\"https:\/\/ipmcmed.com\/wp-content\/uploads\/2025\/02\/ipmc-logo.png\",\"width\":600,\"height\":100,\"caption\":\"IPMC - Independent Physicians Medical Center\"},\"image\":{\"@id\":\"https:\/\/ipmcmed.com\/es\/#\/schema\/logo\/image\/\"}}]}<\/script>\n<!-- \/ Yoast SEO plugin. -->","yoast_head_json":{"title":"C\u00f3mo prepararse para radiograf\u00eda - IPMC - Independent Physicians Medical Center","robots":{"index":"index","follow":"follow","max-snippet":"max-snippet:-1","max-image-preview":"max-image-preview:large","max-video-preview":"max-video-preview:-1"},"canonical":"https:\/\/ipmcmed.com\/es\/radiology\/x-ray\/x-ray-preparation\/","og_locale":"es_ES","og_type":"article","og_title":"C\u00f3mo prepararse para radiograf\u00eda - IPMC - Independent Physicians Medical Center","og_description":"Prepararse para una radiograf\u00eda es sencillo y generalmente no requiere mucho esfuerzo. Para asegurar que su cita se desarrolle sin problemas y obtener los resultados m\u00e1s precisos, por favor siga estas recomendaciones. Deje las joyas en casa El d\u00eda de su radiograf\u00eda, por favor no lleve ninguna joya. Las joyas pueden interferir con el proceso&hellip;","og_url":"https:\/\/ipmcmed.com\/es\/radiology\/x-ray\/x-ray-preparation\/","og_site_name":"IPMC - Independent Physicians Medical Center","article_modified_time":"2025-05-01T21:44:31+00:00","twitter_card":"summary_large_image","twitter_misc":{"Tiempo de lectura":"2 minutos"},"schema":{"@context":"https:\/\/schema.org","@graph":[{"@type":"WebPage","@id":"https:\/\/ipmcmed.com\/es\/radiology\/x-ray\/x-ray-preparation\/","url":"https:\/\/ipmcmed.com\/es\/radiology\/x-ray\/x-ray-preparation\/","name":"C\u00f3mo prepararse para radiograf\u00eda - IPMC - Independent Physicians Medical Center","isPartOf":{"@id":"https:\/\/ipmcmed.com\/es\/#website"},"datePublished":"2025-04-08T23:54:14+00:00","dateModified":"2025-05-01T21:44:31+00:00","breadcrumb":{"@id":"https:\/\/ipmcmed.com\/es\/radiology\/x-ray\/x-ray-preparation\/#breadcrumb"},"inLanguage":"es","potentialAction":[{"@type":"ReadAction","target":["https:\/\/ipmcmed.com\/es\/radiology\/x-ray\/x-ray-preparation\/"]}]},{"@type":"BreadcrumbList","@id":"https:\/\/ipmcmed.com\/es\/radiology\/x-ray\/x-ray-preparation\/#breadcrumb","itemListElement":[{"@type":"ListItem","position":1,"name":"Home","item":"https:\/\/ipmcmed.com\/es\/"},{"@type":"ListItem","position":2,"name":"Radiolog\u00eda","item":"https:\/\/ipmcmed.com\/es\/radiology\/"},{"@type":"ListItem","position":3,"name":"Radiograf\u00eda","item":"https:\/\/ipmcmed.com\/es\/radiology\/x-ray\/"},{"@type":"ListItem","position":4,"name":"C\u00f3mo prepararse para radiograf\u00eda"}]},{"@type":"WebSite","@id":"https:\/\/ipmcmed.com\/es\/#website","url":"https:\/\/ipmcmed.com\/es\/","name":"IPMC - Independent Physicians Medical Center","description":"MRI, CT Scan, X-Ray, Ultrasound, Nuclear Medicine, Mammography, Dexa Scan, Cardiology, Health Clinic","publisher":{"@id":"https:\/\/ipmcmed.com\/es\/#organization"},"potentialAction":[{"@type":"SearchAction","target":{"@type":"EntryPoint","urlTemplate":"https:\/\/ipmcmed.com\/es\/?s={search_term_string}"},"query-input":{"@type":"PropertyValueSpecification","valueRequired":true,"valueName":"search_term_string"}}],"inLanguage":"es"},{"@type":"Organization","@id":"https:\/\/ipmcmed.com\/es\/#organization","name":"IPMC - Independent Physicians Medical Center","url":"https:\/\/ipmcmed.com\/es\/","logo":{"@type":"ImageObject","inLanguage":"es","@id":"https:\/\/ipmcmed.com\/es\/#\/schema\/logo\/image\/","url":"https:\/\/ipmcmed.com\/wp-content\/uploads\/2025\/02\/ipmc-logo.png","contentUrl":"https:\/\/ipmcmed.com\/wp-content\/uploads\/2025\/02\/ipmc-logo.png","width":600,"height":100,"caption":"IPMC - Independent Physicians Medical Center"},"image":{"@id":"https:\/\/ipmcmed.com\/es\/#\/schema\/logo\/image\/"}}]}},"_links":{"self":[{"href":"https:\/\/ipmcmed.com\/es\/wp-json\/wp\/v2\/pages\/39543","targetHints":{"allow":["GET"]}}],"collection":[{"href":"https:\/\/ipmcmed.com\/es\/wp-json\/wp\/v2\/pages"}],"about":[{"href":"https:\/\/ipmcmed.com\/es\/wp-json\/wp\/v2\/types\/page"}],"author":[{"embeddable":true,"href":"https:\/\/ipmcmed.com\/es\/wp-json\/wp\/v2\/users\/2"}],"replies":[{"embeddable":true,"href":"https:\/\/ipmcmed.com\/es\/wp-json\/wp\/v2\/comments?post=39543"}],"version-history":[{"count":5,"href":"https:\/\/ipmcmed.com\/es\/wp-json\/wp\/v2\/pages\/39543\/revisions"}],"predecessor-version":[{"id":40839,"href":"https:\/\/ipmcmed.com\/es\/wp-json\/wp\/v2\/pages\/39543\/revisions\/40839"}],"up":[{"embeddable":true,"href":"https:\/\/ipmcmed.com\/es\/wp-json\/wp\/v2\/pages\/39528"}],"wp:attachment":[{"href":"https:\/\/ipmcmed.com\/es\/wp-json\/wp\/v2\/media?parent=39543"}],"curies":[{"name":"wp","href":"https:\/\/api.w.org\/{rel}","templated":true}]}}