{"id":39499,"date":"2025-04-09T13:46:01","date_gmt":"2025-04-09T17:46:01","guid":{"rendered":"https:\/\/ipmcmed.com\/high-definition-3d-mammography\/"},"modified":"2025-04-18T14:53:36","modified_gmt":"2025-04-18T19:53:36","slug":"high-definition-3d-mammography","status":"publish","type":"page","link":"https:\/\/ipmcmed.com\/es\/radiology\/mammography\/high-definition-3d-mammography\/","title":{"rendered":"Mamograf\u00eda 3D de alta definici\u00f3n"},"content":{"rendered":"\t\t<div data-elementor-type=\"wp-page\" data-elementor-id=\"39499\" class=\"elementor elementor-39499\" data-elementor-post-type=\"page\">\n\t\t\t\t<div class=\"elementor-element elementor-element-fce38b7 e-con-full e-flex e-con e-parent\" data-id=\"fce38b7\" data-element_type=\"container\">\n\t\t<div class=\"elementor-element elementor-element-6a89215 e-flex e-con-boxed e-con e-child\" data-id=\"6a89215\" data-element_type=\"container\">\n\t\t\t\t\t<div class=\"e-con-inner\">\n\t\t<div class=\"elementor-element elementor-element-37c4d34 e-con-full e-flex e-con e-child\" data-id=\"37c4d34\" data-element_type=\"container\">\n\t\t\t\t<div class=\"elementor-element elementor-element-0cb852a content-align-right the7-hover-visibility-disabled preserve-img-ratio-cover transform-overlay-yes exceeding-frame-yes elementor-widget elementor-widget-the7-image-widget\" data-id=\"0cb852a\" data-element_type=\"widget\" data-settings=\"{&quot;hover_visibility&quot;:&quot;disabled&quot;}\" data-widget_type=\"the7-image-widget.default\">\n\t\t\t\t<div class=\"elementor-widget-container\">\n\t\t\t\t\t<div class=\"the7-image-container\"><div class=\"the7-image-wrapper the7-elementor-widget the7-transform-container\"><div class=\"post-thumbnail-rollover layzr-bg img-css-resize-wrapper\"><img fetchpriority=\"high\" decoding=\"async\" width=\"1000\" height=\"1000\" src=\"data:image\/svg+xml,%3Csvg%20xmlns%3D&#039;http%3A%2F%2Fwww.w3.org%2F2000%2Fsvg&#039;%20viewBox%3D&#039;0%200%201000%201000&#039;%2F%3E\" class=\"attachment-full size-full preload-me aspect lazy lazy-load\" alt=\"\" sizes=\"(max-width: 1000px) 100vw, 1000px\" style=\"--ratio: 1000 \/ 1000;\" data-src=\"https:\/\/ipmcmed.com\/wp-content\/uploads\/2025\/04\/mammography-02.jpg\" loading=\"eager\" data-srcset=\"https:\/\/ipmcmed.com\/wp-content\/uploads\/2025\/04\/mammography-02.jpg 1000w, https:\/\/ipmcmed.com\/wp-content\/uploads\/2025\/04\/mammography-02-300x300.jpg 300w, https:\/\/ipmcmed.com\/wp-content\/uploads\/2025\/04\/mammography-02-150x150.jpg 150w, https:\/\/ipmcmed.com\/wp-content\/uploads\/2025\/04\/mammography-02-768x768.jpg 768w\" \/><\/div><\/div><\/div>\t\t\t\t<\/div>\n\t\t\t\t<\/div>\n\t\t\t\t<div class=\"elementor-element elementor-element-b892683 dt-nav-menu_align-left dt-sub-menu_align-left elementor-widget elementor-widget-the7_nav-menu\" data-id=\"b892683\" data-element_type=\"widget\" data-settings=\"{&quot;submenu_display&quot;:&quot;always&quot;}\" data-widget_type=\"the7_nav-menu.default\">\n\t\t\t\t<div class=\"elementor-widget-container\">\n\t\t\t\t\t<nav class=\"dt-nav-menu--main dt-nav-menu__container dt-sub-menu-display-always dt-icon-align- dt-icon-position- dt-sub-icon-position- dt-sub-icon-align-\"><ul class=\"dt-nav-menu\"><li class=\"menu-item menu-item-type-post_type menu-item-object-page menu-item-37161 first depth-0\"><a href='https:\/\/ipmcmed.com\/radiology\/mammography\/' class=' mega-menu-img' data-level='1'><span class=\"item-content\"><svg xmlns=\"http:\/\/www.w3.org\/2000\/svg\" width=\"56\" height=\"56\" fill=\"#000000\" viewBox=\"0 0 256 256\"><path d=\"M224.49,136.49l-72,72a12,12,0,0,1-17-17L187,140H40a12,12,0,0,1,0-24H187L135.51,64.48a12,12,0,0,1,17-17l72,72A12,12,0,0,1,224.49,136.49Z\"><\/path><\/svg><span class=\"menu-item-text\"><span class=\"menu-text\">Mamograf\u00eda<\/span><\/span><\/span><span class=\"\" data-icon = \"\"> <\/span><\/a><\/li> <li class=\"menu-item menu-item-type-post_type menu-item-object-page menu-item-37162 depth-0\"><a href='https:\/\/ipmcmed.com\/radiology\/mammography\/high-definition-3d-mammography\/' class=' mega-menu-img' data-level='1'><span class=\"item-content\"><svg xmlns=\"http:\/\/www.w3.org\/2000\/svg\" width=\"56\" height=\"56\" fill=\"#000000\" viewBox=\"0 0 256 256\"><path d=\"M224.49,136.49l-72,72a12,12,0,0,1-17-17L187,140H40a12,12,0,0,1,0-24H187L135.51,64.48a12,12,0,0,1,17-17l72,72A12,12,0,0,1,224.49,136.49Z\"><\/path><\/svg><span class=\"menu-item-text\"><span class=\"menu-text\">Mamograf\u00eda 3D de alta definici\u00f3n<\/span><\/span><\/span><span class=\"\" data-icon = \"\"> <\/span><\/a><\/li> <li class=\"menu-item menu-item-type-post_type menu-item-object-page menu-item-37163 last depth-0\"><a href='https:\/\/ipmcmed.com\/radiology\/mammography\/mammography-preparation\/' class=' mega-menu-img' data-level='1'><span class=\"item-content\"><svg xmlns=\"http:\/\/www.w3.org\/2000\/svg\" width=\"56\" height=\"56\" fill=\"#000000\" viewBox=\"0 0 256 256\"><path d=\"M224.49,136.49l-72,72a12,12,0,0,1-17-17L187,140H40a12,12,0,0,1,0-24H187L135.51,64.48a12,12,0,0,1,17-17l72,72A12,12,0,0,1,224.49,136.49Z\"><\/path><\/svg><span class=\"menu-item-text\"><span class=\"menu-text\">C\u00f3mo prepararse para mamograf\u00eda<\/span><\/span><\/span><span class=\"\" data-icon = \"\"> <\/span><\/a><\/li> <\/ul><\/nav>\t\t\t\t<\/div>\n\t\t\t\t<\/div>\n\t\t\t\t<\/div>\n\t\t<div class=\"elementor-element elementor-element-ade6fd2 e-con-full e-flex e-con e-child\" data-id=\"ade6fd2\" data-element_type=\"container\">\n\t\t\t\t<div class=\"elementor-element elementor-element-224f6d2 elementor-widget-tablet__width-inherit elementor-widget elementor-widget-text-editor\" data-id=\"224f6d2\" data-element_type=\"widget\" data-widget_type=\"text-editor.default\">\n\t\t\t\t<div class=\"elementor-widget-container\">\n\t\t\t\t\t\t\t\t\tVemos el c\u00e1ncer de mama desde una perspectiva completamente nueva \u2014 mamograf\u00eda 3D de alta definici\u00f3n con \u00e1ngulo amplio.\t\t\t\t\t\t\t\t<\/div>\n\t\t\t\t<\/div>\n\t\t\t\t<div class=\"elementor-element elementor-element-083135e elementor-widget-divider--view-line elementor-widget elementor-widget-divider\" data-id=\"083135e\" data-element_type=\"widget\" data-widget_type=\"divider.default\">\n\t\t\t\t<div class=\"elementor-widget-container\">\n\t\t\t\t\t\t\t<div class=\"elementor-divider\">\n\t\t\t<span class=\"elementor-divider-separator\">\n\t\t\t\t\t\t<\/span>\n\t\t<\/div>\n\t\t\t\t\t\t<\/div>\n\t\t\t\t<\/div>\n\t\t\t\t<div class=\"elementor-element elementor-element-df6b873 elementor-widget-tablet__width-inherit elementor-widget elementor-widget-text-editor\" data-id=\"df6b873\" data-element_type=\"widget\" data-widget_type=\"text-editor.default\">\n\t\t\t\t<div class=\"elementor-widget-container\">\n\t\t\t\t\t\t\t\t\t<p>Cada mujer es diferente, por eso quer\u00edamos un sistema de mamograf\u00eda tan \u00fanico como nuestras pacientes. En IPMC Medical Center hemos elegido el sistema de mamograf\u00eda <a href=\"https:\/\/www.siemens-healthineers.com\/mammography\/digital-mammography\/mammomat-revelation\">MAMMOMAT Revelation de Siemens Healthineers<\/a>, porque hace que la comodidad sea algo personal. El MAMMOMAT Revelation comprime autom\u00e1ticamente solo mientras el seno est\u00e9 suave y flexible. Esto significa que se aplica exactamente la cantidad necesaria de compresi\u00f3n. Mientras t\u00fa te mantienes c\u00f3moda, tu m\u00e9dico recibe im\u00e1genes 3D de alta calidad gracias a la exclusiva tecnolog\u00eda de \u00e1ngulo amplio del sistema. Esto facilita la detecci\u00f3n de peque\u00f1as \u00e1reas preocupantes con mayor precisi\u00f3n.<\/p><hr class=\"the7-p-gap\" style=\"padding-bottom: 30px;\" \/><h4>La pr\u00f3xima generaci\u00f3n de mamograf\u00eda 3D<\/h4><p>Las mamograf\u00edas tradicionales son im\u00e1genes en dos dimensiones. Cuando el seno se comprime durante una mamograf\u00eda, el tejido se superpone, lo que dificulta detectar signos sutiles de c\u00e1ncer en etapa temprana. La mamograf\u00eda 3D agrega una nueva dimensi\u00f3n, permitiendo al radi\u00f3logo ver a trav\u00e9s del tejido mamario capa por capa.<\/p><p>Ahora, el MAMMOMAT Revelation de Siemens va a\u00fan m\u00e1s all\u00e1. Su exclusiva tecnolog\u00eda de \u00e1ngulo amplio ofrece una mejor separaci\u00f3n de las capas de tejido y mayor visibilidad. Estas im\u00e1genes 3D de alt\u00edsima calidad hacen m\u00e1s f\u00e1cil para tu m\u00e9dico detectar lesiones peque\u00f1as de manera temprana. Eso es una excelente noticia, porque cuanto antes se detecte el c\u00e1ncer, m\u00e1s exitoso puede ser el tratamiento. Adem\u00e1s, reduce las llamadas innecesarias para pruebas adicionales.<\/p><hr class=\"the7-p-gap\" style=\"padding-bottom: 30px;\" \/><h4>Un nuevo nivel de comodidad para todas<\/h4><p>El MAMMOMAT Revelation tambi\u00e9n presenta un enfoque completamente nuevo sobre lo que m\u00e1s odian muchas mujeres de las mamograf\u00edas: la compresi\u00f3n. La compresi\u00f3n es importante porque evita el movimiento que puede desenfocar la imagen y aplana el tejido mamario, reduciendo la cantidad de radiaci\u00f3n necesaria.<\/p><hr class=\"the7-p-gap\" style=\"padding-bottom: 30px;\" \/><h4>Pero ya no tiene por qu\u00e9 ser dolorosa<\/h4><p>Dado que cada mujer es \u00fanica, el MAMMOMAT Revelation comprime solo mientras el seno est\u00e9 blando y flexible. Esto significa que recibes exactamente el nivel correcto de compresi\u00f3n para tu tipo de tejido sin comprometer la calidad de la imagen. Adem\u00e1s, sus bordes suaves y forma ergon\u00f3mica se adaptan a las curvas naturales del seno, proporcionando comodidad desde el inicio del estudio.<\/p>\t\t\t\t\t\t\t\t<\/div>\n\t\t\t\t<\/div>\n\t\t\t\t<div class=\"elementor-element elementor-element-b45f2ba elementor-widget-divider--view-line elementor-widget elementor-widget-divider\" data-id=\"b45f2ba\" data-element_type=\"widget\" data-widget_type=\"divider.default\">\n\t\t\t\t<div class=\"elementor-widget-container\">\n\t\t\t\t\t\t\t<div class=\"elementor-divider\">\n\t\t\t<span class=\"elementor-divider-separator\">\n\t\t\t\t\t\t<\/span>\n\t\t<\/div>\n\t\t\t\t\t\t<\/div>\n\t\t\t\t<\/div>\n\t\t\t\t<div class=\"elementor-element elementor-element-1760465 elementor-widget-tablet__width-inherit elementor-widget elementor-widget-text-editor\" data-id=\"1760465\" data-element_type=\"widget\" data-widget_type=\"text-editor.default\">\n\t\t\t\t<div class=\"elementor-widget-container\">\n\t\t\t\t\t\t\t\t\t<h2>Preguntas Frecuentes<\/h2><hr class=\"the7-p-gap\" style=\"padding-bottom: 30px;\" \/><h4>\u00bfEl examen con el MAMMOMAT Revelation ser\u00e1 diferente?<\/h4><p>\u00a1Deber\u00eda sentirse m\u00e1s c\u00f3modo! Pero por lo dem\u00e1s, es el mismo procedimiento. Tu tecn\u00f3logo te ayudar\u00e1 a posicionarte y te explicar\u00e1 qu\u00e9 hacer.<\/p><hr class=\"the7-p-gap\" style=\"padding-bottom: 30px;\" \/><h4>Tengo senos densos. \u00bfEs adecuado el MAMMOMAT Revelation para m\u00ed?<\/h4><p>\u00a1S\u00ed! El MAMMOMAT Revelation es adecuado para todo tipo de tejido mamario. Adem\u00e1s, es el primer sistema que ofrece una medici\u00f3n automatizada de la densidad del seno durante la mamograf\u00eda, lo cual permite una atenci\u00f3n a\u00fan m\u00e1s personalizada.<\/p><hr class=\"the7-p-gap\" style=\"padding-bottom: 30px;\" \/><h4>\u00bfEl MAMMOMAT Revelation es una mamograf\u00eda 3D?<\/h4><p>El MAMMOMAT Revelation es en realidad la pr\u00f3xima generaci\u00f3n de mamograf\u00edas 3D, gracias a su tecnolog\u00eda de \u00e1ngulo amplio y alta definici\u00f3n que capta m\u00e1s detalles. Esto ayuda a detectar anomal\u00edas que podr\u00edan quedar ocultas por el tejido mamario.<\/p><hr class=\"the7-p-gap\" style=\"padding-bottom: 30px;\" \/><h4>\u00bfC\u00f3mo debo prepararme para una mamograf\u00eda con MAMMOMAT Revelation?<\/h4><p>No necesitas hacer nada diferente. El d\u00eda del estudio, evita usar desodorante en las axilas, perfumes o lociones en el torso, ya que estos productos pueden interferir con la calidad de las im\u00e1genes. Adem\u00e1s, es recomendable programar tu mamograf\u00eda en un momento del ciclo en el que los senos est\u00e9n menos sensibles.<\/p><hr class=\"the7-p-gap\" style=\"padding-bottom: 30px;\" \/><h4>\u00bfTe has preguntado por qu\u00e9 es necesario comprimir los senos durante una mamograf\u00eda?<\/h4><p>La compresi\u00f3n es clave para obtener una buena imagen. Ayuda a reducir el movimiento que puede provocar im\u00e1genes borrosas. Tambi\u00e9n separa el tejido denso normal, facilitando al radi\u00f3logo la visualizaci\u00f3n de anomal\u00edas. La compresi\u00f3n sigue siendo necesaria, pero ya no tiene por qu\u00e9 ser dolorosa.<\/p>\t\t\t\t\t\t\t\t<\/div>\n\t\t\t\t<\/div>\n\t\t\t\t<\/div>\n\t\t\t\t\t<\/div>\n\t\t\t\t<\/div>\n\t\t\t\t<\/div>\n\t\t<div class=\"elementor-element elementor-element-f501138 e-con-full e-flex e-con e-child\" data-id=\"f501138\" data-element_type=\"container\" data-settings=\"{&quot;background_background&quot;:&quot;classic&quot;}\">\n\t\t<div class=\"elementor-element elementor-element-510ef1d e-flex e-con-boxed e-con e-child\" data-id=\"510ef1d\" data-element_type=\"container\" data-settings=\"{&quot;background_background&quot;:&quot;gradient&quot;}\">\n\t\t\t\t\t<div class=\"e-con-inner\">\n\t\t<div class=\"elementor-element elementor-element-af09c09 e-flex e-con-boxed e-con e-child\" data-id=\"af09c09\" data-element_type=\"container\">\n\t\t\t\t\t<div class=\"e-con-inner\">\n\t\t\t\t<div class=\"elementor-element elementor-element-ef64662 elementor-widget-tablet__width-inherit elementor-widget__width-initial elementor-widget elementor-widget-the7-heading\" data-id=\"ef64662\" data-element_type=\"widget\" data-widget_type=\"the7-heading.default\">\n\t\t\t\t<div class=\"elementor-widget-container\">\n\t\t\t\t\t<div class=\"the7-heading-title elementor-size-default\">Programar su mamograf\u00eda es f\u00e1cil.\n<\/div>\t\t\t\t<\/div>\n\t\t\t\t<\/div>\n\t\t\t\t<div class=\"elementor-element elementor-element-4be2455 elementor-widget-tablet__width-inherit elementor-widget elementor-widget-text-editor\" data-id=\"4be2455\" data-element_type=\"widget\" data-widget_type=\"text-editor.default\">\n\t\t\t\t<div class=\"elementor-widget-container\">\n\t\t\t\t\t\t\t\t\t<h2>Simplemente complete el formulario y nuestro equipo se pondr\u00e1 en contacto para confirmar su cita.<\/h2>\t\t\t\t\t\t\t\t<\/div>\n\t\t\t\t<\/div>\n\t\t\t\t\t<\/div>\n\t\t\t\t<\/div>\n\t\t<div class=\"elementor-element elementor-element-bad4a18 e-con-fit e-flex e-con e-child\" data-id=\"bad4a18\" data-element_type=\"container\">\n\t\t\t\t<div class=\"elementor-element elementor-element-86d67d5 elementor-tablet-align-left elementor-widget elementor-widget-the7_button_widget\" data-id=\"86d67d5\" data-element_type=\"widget\" data-widget_type=\"the7_button_widget.default\">\n\t\t\t\t<div class=\"elementor-widget-container\">\n\t\t\t\t\t<div class=\"elementor-button-wrapper\"><a href=\"#elementor-action%3Aaction%3Dpopup%3Aopen%26settings%3DeyJpZCI6IjE3MDM5IiwidG9nZ2xlIjpmYWxzZX0%3D\" class=\"box-button elementor-button elementor-size-xl\">Solicitar cita<\/a><\/div>\t\t\t\t<\/div>\n\t\t\t\t<\/div>\n\t\t\t\t<\/div>\n\t\t\t\t\t<\/div>\n\t\t\t\t<\/div>\n\t\t\t\t<\/div>\n\t\t\t\t<\/div>\n\t\t","protected":false},"excerpt":{"rendered":"<p>Vemos el c\u00e1ncer de mama desde una perspectiva completamente nueva \u2014 mamograf\u00eda 3D de alta definici\u00f3n con \u00e1ngulo amplio. Cada mujer es diferente, por eso quer\u00edamos un sistema de mamograf\u00eda tan \u00fanico como nuestras pacientes. En IPMC Medical Center hemos elegido el sistema de mamograf\u00eda MAMMOMAT Revelation de Siemens Healthineers, porque hace que la comodidad&hellip;<\/p>\n","protected":false},"author":2,"featured_media":39511,"parent":39510,"menu_order":3,"comment_status":"closed","ping_status":"closed","template":"","meta":{"footnotes":""},"class_list":["post-39499","page","type-page","status-publish","has-post-thumbnail","hentry"],"yoast_head":"<!-- This site is optimized with the Yoast SEO plugin v25.4 - https:\/\/yoast.com\/wordpress\/plugins\/seo\/ -->\n<title>Mamograf\u00eda 3D de alta definici\u00f3n - IPMC - Independent Physicians Medical Center<\/title>\n<meta name=\"robots\" content=\"index, follow, max-snippet:-1, max-image-preview:large, max-video-preview:-1\" \/>\n<link rel=\"canonical\" href=\"https:\/\/ipmcmed.com\/es\/radiology\/mammography\/high-definition-3d-mammography\/\" \/>\n<meta property=\"og:locale\" content=\"es_ES\" \/>\n<meta property=\"og:type\" content=\"article\" \/>\n<meta property=\"og:title\" content=\"Mamograf\u00eda 3D de alta definici\u00f3n - IPMC - Independent Physicians Medical Center\" \/>\n<meta property=\"og:description\" content=\"Vemos el c\u00e1ncer de mama desde una perspectiva completamente nueva \u2014 mamograf\u00eda 3D de alta definici\u00f3n con \u00e1ngulo amplio. Cada mujer es diferente, por eso quer\u00edamos un sistema de mamograf\u00eda tan \u00fanico como nuestras pacientes. En IPMC Medical Center hemos elegido el sistema de mamograf\u00eda MAMMOMAT Revelation de Siemens Healthineers, porque hace que la comodidad&hellip;\" \/>\n<meta property=\"og:url\" content=\"https:\/\/ipmcmed.com\/es\/radiology\/mammography\/high-definition-3d-mammography\/\" \/>\n<meta property=\"og:site_name\" content=\"IPMC - Independent Physicians Medical Center\" \/>\n<meta property=\"article:modified_time\" content=\"2025-04-18T19:53:36+00:00\" \/>\n<meta name=\"twitter:card\" content=\"summary_large_image\" \/>\n<meta name=\"twitter:label1\" content=\"Tiempo de lectura\" \/>\n\t<meta name=\"twitter:data1\" content=\"4 minutos\" \/>\n<script type=\"application\/ld+json\" class=\"yoast-schema-graph\">{\"@context\":\"https:\/\/schema.org\",\"@graph\":[{\"@type\":\"WebPage\",\"@id\":\"https:\/\/ipmcmed.com\/es\/radiology\/mammography\/high-definition-3d-mammography\/\",\"url\":\"https:\/\/ipmcmed.com\/es\/radiology\/mammography\/high-definition-3d-mammography\/\",\"name\":\"Mamograf\u00eda 3D de alta definici\u00f3n - IPMC - Independent Physicians Medical Center\",\"isPartOf\":{\"@id\":\"https:\/\/ipmcmed.com\/es\/#website\"},\"primaryImageOfPage\":{\"@id\":\"https:\/\/ipmcmed.com\/es\/radiology\/mammography\/high-definition-3d-mammography\/#primaryimage\"},\"image\":{\"@id\":\"https:\/\/ipmcmed.com\/es\/radiology\/mammography\/high-definition-3d-mammography\/#primaryimage\"},\"thumbnailUrl\":\"https:\/\/ipmcmed.com\/wp-content\/uploads\/2025\/04\/mammography-01.jpg\",\"datePublished\":\"2025-04-09T17:46:01+00:00\",\"dateModified\":\"2025-04-18T19:53:36+00:00\",\"breadcrumb\":{\"@id\":\"https:\/\/ipmcmed.com\/es\/radiology\/mammography\/high-definition-3d-mammography\/#breadcrumb\"},\"inLanguage\":\"es\",\"potentialAction\":[{\"@type\":\"ReadAction\",\"target\":[\"https:\/\/ipmcmed.com\/es\/radiology\/mammography\/high-definition-3d-mammography\/\"]}]},{\"@type\":\"ImageObject\",\"inLanguage\":\"es\",\"@id\":\"https:\/\/ipmcmed.com\/es\/radiology\/mammography\/high-definition-3d-mammography\/#primaryimage\",\"url\":\"https:\/\/ipmcmed.com\/wp-content\/uploads\/2025\/04\/mammography-01.jpg\",\"contentUrl\":\"https:\/\/ipmcmed.com\/wp-content\/uploads\/2025\/04\/mammography-01.jpg\",\"width\":1000,\"height\":1000},{\"@type\":\"BreadcrumbList\",\"@id\":\"https:\/\/ipmcmed.com\/es\/radiology\/mammography\/high-definition-3d-mammography\/#breadcrumb\",\"itemListElement\":[{\"@type\":\"ListItem\",\"position\":1,\"name\":\"Home\",\"item\":\"https:\/\/ipmcmed.com\/es\/\"},{\"@type\":\"ListItem\",\"position\":2,\"name\":\"Mamograf\u00eda 3D de alta definici\u00f3n\"}]},{\"@type\":\"WebSite\",\"@id\":\"https:\/\/ipmcmed.com\/es\/#website\",\"url\":\"https:\/\/ipmcmed.com\/es\/\",\"name\":\"IPMC - Independent Physicians Medical Center\",\"description\":\"MRI, CT Scan, X-Ray, Ultrasound, Nuclear Medicine, Mammography, Dexa Scan, Cardiology, Health Clinic\",\"publisher\":{\"@id\":\"https:\/\/ipmcmed.com\/es\/#organization\"},\"potentialAction\":[{\"@type\":\"SearchAction\",\"target\":{\"@type\":\"EntryPoint\",\"urlTemplate\":\"https:\/\/ipmcmed.com\/es\/?s={search_term_string}\"},\"query-input\":{\"@type\":\"PropertyValueSpecification\",\"valueRequired\":true,\"valueName\":\"search_term_string\"}}],\"inLanguage\":\"es\"},{\"@type\":\"Organization\",\"@id\":\"https:\/\/ipmcmed.com\/es\/#organization\",\"name\":\"IPMC - Independent Physicians Medical Center\",\"url\":\"https:\/\/ipmcmed.com\/es\/\",\"logo\":{\"@type\":\"ImageObject\",\"inLanguage\":\"es\",\"@id\":\"https:\/\/ipmcmed.com\/es\/#\/schema\/logo\/image\/\",\"url\":\"https:\/\/ipmcmed.com\/wp-content\/uploads\/2025\/02\/ipmc-logo.png\",\"contentUrl\":\"https:\/\/ipmcmed.com\/wp-content\/uploads\/2025\/02\/ipmc-logo.png\",\"width\":600,\"height\":100,\"caption\":\"IPMC - Independent Physicians Medical Center\"},\"image\":{\"@id\":\"https:\/\/ipmcmed.com\/es\/#\/schema\/logo\/image\/\"}}]}<\/script>\n<!-- \/ Yoast SEO plugin. -->","yoast_head_json":{"title":"Mamograf\u00eda 3D de alta definici\u00f3n - IPMC - Independent Physicians Medical Center","robots":{"index":"index","follow":"follow","max-snippet":"max-snippet:-1","max-image-preview":"max-image-preview:large","max-video-preview":"max-video-preview:-1"},"canonical":"https:\/\/ipmcmed.com\/es\/radiology\/mammography\/high-definition-3d-mammography\/","og_locale":"es_ES","og_type":"article","og_title":"Mamograf\u00eda 3D de alta definici\u00f3n - IPMC - Independent Physicians Medical Center","og_description":"Vemos el c\u00e1ncer de mama desde una perspectiva completamente nueva \u2014 mamograf\u00eda 3D de alta definici\u00f3n con \u00e1ngulo amplio. Cada mujer es diferente, por eso quer\u00edamos un sistema de mamograf\u00eda tan \u00fanico como nuestras pacientes. En IPMC Medical Center hemos elegido el sistema de mamograf\u00eda MAMMOMAT Revelation de Siemens Healthineers, porque hace que la comodidad&hellip;","og_url":"https:\/\/ipmcmed.com\/es\/radiology\/mammography\/high-definition-3d-mammography\/","og_site_name":"IPMC - Independent Physicians Medical Center","article_modified_time":"2025-04-18T19:53:36+00:00","twitter_card":"summary_large_image","twitter_misc":{"Tiempo de lectura":"4 minutos"},"schema":{"@context":"https:\/\/schema.org","@graph":[{"@type":"WebPage","@id":"https:\/\/ipmcmed.com\/es\/radiology\/mammography\/high-definition-3d-mammography\/","url":"https:\/\/ipmcmed.com\/es\/radiology\/mammography\/high-definition-3d-mammography\/","name":"Mamograf\u00eda 3D de alta definici\u00f3n - IPMC - Independent Physicians Medical Center","isPartOf":{"@id":"https:\/\/ipmcmed.com\/es\/#website"},"primaryImageOfPage":{"@id":"https:\/\/ipmcmed.com\/es\/radiology\/mammography\/high-definition-3d-mammography\/#primaryimage"},"image":{"@id":"https:\/\/ipmcmed.com\/es\/radiology\/mammography\/high-definition-3d-mammography\/#primaryimage"},"thumbnailUrl":"https:\/\/ipmcmed.com\/wp-content\/uploads\/2025\/04\/mammography-01.jpg","datePublished":"2025-04-09T17:46:01+00:00","dateModified":"2025-04-18T19:53:36+00:00","breadcrumb":{"@id":"https:\/\/ipmcmed.com\/es\/radiology\/mammography\/high-definition-3d-mammography\/#breadcrumb"},"inLanguage":"es","potentialAction":[{"@type":"ReadAction","target":["https:\/\/ipmcmed.com\/es\/radiology\/mammography\/high-definition-3d-mammography\/"]}]},{"@type":"ImageObject","inLanguage":"es","@id":"https:\/\/ipmcmed.com\/es\/radiology\/mammography\/high-definition-3d-mammography\/#primaryimage","url":"https:\/\/ipmcmed.com\/wp-content\/uploads\/2025\/04\/mammography-01.jpg","contentUrl":"https:\/\/ipmcmed.com\/wp-content\/uploads\/2025\/04\/mammography-01.jpg","width":1000,"height":1000},{"@type":"BreadcrumbList","@id":"https:\/\/ipmcmed.com\/es\/radiology\/mammography\/high-definition-3d-mammography\/#breadcrumb","itemListElement":[{"@type":"ListItem","position":1,"name":"Home","item":"https:\/\/ipmcmed.com\/es\/"},{"@type":"ListItem","position":2,"name":"Mamograf\u00eda 3D de alta definici\u00f3n"}]},{"@type":"WebSite","@id":"https:\/\/ipmcmed.com\/es\/#website","url":"https:\/\/ipmcmed.com\/es\/","name":"IPMC - Independent Physicians Medical Center","description":"MRI, CT Scan, X-Ray, Ultrasound, Nuclear Medicine, Mammography, Dexa Scan, Cardiology, Health Clinic","publisher":{"@id":"https:\/\/ipmcmed.com\/es\/#organization"},"potentialAction":[{"@type":"SearchAction","target":{"@type":"EntryPoint","urlTemplate":"https:\/\/ipmcmed.com\/es\/?s={search_term_string}"},"query-input":{"@type":"PropertyValueSpecification","valueRequired":true,"valueName":"search_term_string"}}],"inLanguage":"es"},{"@type":"Organization","@id":"https:\/\/ipmcmed.com\/es\/#organization","name":"IPMC - Independent Physicians Medical Center","url":"https:\/\/ipmcmed.com\/es\/","logo":{"@type":"ImageObject","inLanguage":"es","@id":"https:\/\/ipmcmed.com\/es\/#\/schema\/logo\/image\/","url":"https:\/\/ipmcmed.com\/wp-content\/uploads\/2025\/02\/ipmc-logo.png","contentUrl":"https:\/\/ipmcmed.com\/wp-content\/uploads\/2025\/02\/ipmc-logo.png","width":600,"height":100,"caption":"IPMC - Independent Physicians Medical Center"},"image":{"@id":"https:\/\/ipmcmed.com\/es\/#\/schema\/logo\/image\/"}}]}},"_links":{"self":[{"href":"https:\/\/ipmcmed.com\/es\/wp-json\/wp\/v2\/pages\/39499","targetHints":{"allow":["GET"]}}],"collection":[{"href":"https:\/\/ipmcmed.com\/es\/wp-json\/wp\/v2\/pages"}],"about":[{"href":"https:\/\/ipmcmed.com\/es\/wp-json\/wp\/v2\/types\/page"}],"author":[{"embeddable":true,"href":"https:\/\/ipmcmed.com\/es\/wp-json\/wp\/v2\/users\/2"}],"replies":[{"embeddable":true,"href":"https:\/\/ipmcmed.com\/es\/wp-json\/wp\/v2\/comments?post=39499"}],"version-history":[{"count":4,"href":"https:\/\/ipmcmed.com\/es\/wp-json\/wp\/v2\/pages\/39499\/revisions"}],"predecessor-version":[{"id":39503,"href":"https:\/\/ipmcmed.com\/es\/wp-json\/wp\/v2\/pages\/39499\/revisions\/39503"}],"up":[{"embeddable":true,"href":"https:\/\/ipmcmed.com\/es\/wp-json\/wp\/v2\/pages\/39510"}],"wp:featuredmedia":[{"embeddable":true,"href":"https:\/\/ipmcmed.com\/es\/wp-json\/wp\/v2\/media\/39511"}],"wp:attachment":[{"href":"https:\/\/ipmcmed.com\/es\/wp-json\/wp\/v2\/media?parent=39499"}],"curies":[{"name":"wp","href":"https:\/\/api.w.org\/{rel}","templated":true}]}}