{"id":39035,"date":"2025-04-09T15:24:12","date_gmt":"2025-04-09T19:24:12","guid":{"rendered":"https:\/\/ipmcmed.com\/for-doctors\/insurances-accepted\/"},"modified":"2025-07-22T12:42:44","modified_gmt":"2025-07-22T16:42:44","slug":"insurances-accepted","status":"publish","type":"page","link":"https:\/\/ipmcmed.com\/es\/for-doctors\/insurances-accepted\/","title":{"rendered":"Seguros aceptados"},"content":{"rendered":"\t\t<div data-elementor-type=\"wp-page\" data-elementor-id=\"39035\" class=\"elementor elementor-39035\" data-elementor-post-type=\"page\">\n\t\t\t\t<div class=\"elementor-element elementor-element-fce38b7 e-con-full e-flex e-con e-parent\" data-id=\"fce38b7\" data-element_type=\"container\">\n\t\t<div class=\"elementor-element elementor-element-6a89215 e-flex e-con-boxed e-con e-child\" data-id=\"6a89215\" data-element_type=\"container\">\n\t\t\t\t\t<div class=\"e-con-inner\">\n\t\t<div class=\"elementor-element elementor-element-37c4d34 e-con-full e-flex e-con e-child\" data-id=\"37c4d34\" data-element_type=\"container\">\n\t\t\t\t<div class=\"elementor-element elementor-element-0cb852a content-align-right the7-hover-visibility-disabled preserve-img-ratio-cover transform-overlay-yes exceeding-frame-yes elementor-widget elementor-widget-the7-image-widget\" data-id=\"0cb852a\" data-element_type=\"widget\" data-settings=\"{&quot;hover_visibility&quot;:&quot;disabled&quot;}\" data-widget_type=\"the7-image-widget.default\">\n\t\t\t\t<div class=\"elementor-widget-container\">\n\t\t\t\t\t<div class=\"the7-image-container\"><div class=\"the7-image-wrapper the7-elementor-widget the7-transform-container\"><div class=\"post-thumbnail-rollover layzr-bg img-css-resize-wrapper\"><img fetchpriority=\"high\" decoding=\"async\" width=\"1000\" height=\"1000\" src=\"data:image\/svg+xml,%3Csvg%20xmlns%3D&#039;http%3A%2F%2Fwww.w3.org%2F2000%2Fsvg&#039;%20viewBox%3D&#039;0%200%201000%201000&#039;%2F%3E\" class=\"attachment-full size-full preload-me aspect lazy lazy-load\" alt=\"\" sizes=\"(max-width: 1000px) 100vw, 1000px\" style=\"--ratio: 1000 \/ 1000;\" data-src=\"https:\/\/ipmcmed.com\/wp-content\/uploads\/2025\/03\/ct-scan-03.jpg\" loading=\"eager\" data-srcset=\"https:\/\/ipmcmed.com\/wp-content\/uploads\/2025\/03\/ct-scan-03.jpg 1000w, https:\/\/ipmcmed.com\/wp-content\/uploads\/2025\/03\/ct-scan-03-300x300.jpg 300w, https:\/\/ipmcmed.com\/wp-content\/uploads\/2025\/03\/ct-scan-03-150x150.jpg 150w, https:\/\/ipmcmed.com\/wp-content\/uploads\/2025\/03\/ct-scan-03-768x768.jpg 768w\" \/><\/div><\/div><\/div>\t\t\t\t<\/div>\n\t\t\t\t<\/div>\n\t\t\t\t<div class=\"elementor-element elementor-element-fe7fe15 dt-nav-menu_align-left dt-sub-menu_align-left elementor-widget elementor-widget-the7_nav-menu\" data-id=\"fe7fe15\" data-element_type=\"widget\" data-settings=\"{&quot;submenu_display&quot;:&quot;always&quot;}\" data-widget_type=\"the7_nav-menu.default\">\n\t\t\t\t<div class=\"elementor-widget-container\">\n\t\t\t\t\t<nav class=\"dt-nav-menu--main dt-nav-menu__container dt-sub-menu-display-always dt-icon-align- dt-icon-position- dt-sub-icon-position- dt-sub-icon-align-\"><ul class=\"dt-nav-menu\"><li class=\"menu-item menu-item-type-post_type menu-item-object-page menu-item-37177 first depth-0\"><a href='https:\/\/ipmcmed.com\/for-doctors\/' class=' mega-menu-img' data-level='1'><span class=\"item-content\"><svg xmlns=\"http:\/\/www.w3.org\/2000\/svg\" width=\"56\" height=\"56\" fill=\"#000000\" viewBox=\"0 0 256 256\"><path d=\"M224.49,136.49l-72,72a12,12,0,0,1-17-17L187,140H40a12,12,0,0,1,0-24H187L135.51,64.48a12,12,0,0,1,17-17l72,72A12,12,0,0,1,224.49,136.49Z\"><\/path><\/svg><span class=\"menu-item-text\"><span class=\"menu-text\">Para m\u00e9dicos<\/span><\/span><\/span><span class=\"\" data-icon = \"\"> <\/span><\/a><\/li> <li class=\"menu-item menu-item-type-post_type menu-item-object-page menu-item-37179 depth-0\"><a href='https:\/\/ipmcmed.com\/for-doctors\/insurances-accepted\/' class=' mega-menu-img' data-level='1'><span class=\"item-content\"><svg xmlns=\"http:\/\/www.w3.org\/2000\/svg\" width=\"56\" height=\"56\" fill=\"#000000\" viewBox=\"0 0 256 256\"><path d=\"M224.49,136.49l-72,72a12,12,0,0,1-17-17L187,140H40a12,12,0,0,1,0-24H187L135.51,64.48a12,12,0,0,1,17-17l72,72A12,12,0,0,1,224.49,136.49Z\"><\/path><\/svg><span class=\"menu-item-text\"><span class=\"menu-text\">Seguros aceptados<\/span><\/span><\/span><span class=\"\" data-icon = \"\"> <\/span><\/a><\/li> <li class=\"menu-item menu-item-type-post_type menu-item-object-page menu-item-37178 last depth-0\"><a href='https:\/\/ipmcmed.com\/for-doctors\/access-to-patient-records\/' class=' mega-menu-img' data-level='1'><span class=\"item-content\"><svg xmlns=\"http:\/\/www.w3.org\/2000\/svg\" width=\"56\" height=\"56\" fill=\"#000000\" viewBox=\"0 0 256 256\"><path d=\"M224.49,136.49l-72,72a12,12,0,0,1-17-17L187,140H40a12,12,0,0,1,0-24H187L135.51,64.48a12,12,0,0,1,17-17l72,72A12,12,0,0,1,224.49,136.49Z\"><\/path><\/svg><span class=\"menu-item-text\"><span class=\"menu-text\">RIS para m\u00e9dicos<\/span><\/span><\/span><span class=\"\" data-icon = \"\"> <\/span><\/a><\/li> <\/ul><\/nav>\t\t\t\t<\/div>\n\t\t\t\t<\/div>\n\t\t\t\t<\/div>\n\t\t<div class=\"elementor-element elementor-element-ade6fd2 e-con-full e-flex e-con e-child\" data-id=\"ade6fd2\" data-element_type=\"container\">\n\t\t\t\t<div class=\"elementor-element elementor-element-224f6d2 elementor-widget-tablet__width-inherit elementor-widget elementor-widget-text-editor\" data-id=\"224f6d2\" data-element_type=\"widget\" data-widget_type=\"text-editor.default\">\n\t\t\t\t<div class=\"elementor-widget-container\">\n\t\t\t\t\t\t\t\t\t<p>Las p\u00f3lizas de seguros cambian constantemente, por lo que es muy dif\u00edcil proporcionar una lista completa de todos los seguros que aceptamos y lo que cubren en nuestra cl\u00ednica. Nuestro departamento de facturaci\u00f3n siempre estar\u00e1 encantado de responder cualquier pregunta que puedas tener con respecto a la cobertura.<\/p>\t\t\t\t\t\t\t\t<\/div>\n\t\t\t\t<\/div>\n\t\t\t\t<div class=\"elementor-element elementor-element-c605116 elementor-widget-divider--view-line elementor-widget elementor-widget-divider\" data-id=\"c605116\" data-element_type=\"widget\" data-widget_type=\"divider.default\">\n\t\t\t\t<div class=\"elementor-widget-container\">\n\t\t\t\t\t\t\t<div class=\"elementor-divider\">\n\t\t\t<span class=\"elementor-divider-separator\">\n\t\t\t\t\t\t<\/span>\n\t\t<\/div>\n\t\t\t\t\t\t<\/div>\n\t\t\t\t<\/div>\n\t\t\t\t<div class=\"elementor-element elementor-element-9ba340e elementor-widget-tablet__width-inherit elementor-widget elementor-widget-text-editor\" data-id=\"9ba340e\" data-element_type=\"widget\" data-widget_type=\"text-editor.default\">\n\t\t\t\t<div class=\"elementor-widget-container\">\n\t\t\t\t\t\t\t\t\t<h4>Seguros aceptados<\/h4><p>A continuaci\u00f3n, se muestra una lista de algunos de los seguros que aceptamos actualmente:<\/p><ul><li>Aetna<\/li><li>AmeriHealth of NJ<\/li><li>AmeriHealth Administrators<\/li><li>Anthem<\/li><li>Blue Cross Blue Shield<\/li><li>Blue Cross Blue Shield Federal<\/li><li>Cigna<\/li><li>Cigna HealthSpring<\/li><li>Coresource<\/li><li>First Health<\/li><li>Fortis<\/li><li>Golden Rule<\/li><li>Health Partners\/Jefferson Plans<\/li><li>Health Net<\/li><li>Health Care Solutions<\/li><li>Highmark Blue Shield<\/li><li>Horizon PPO<\/li><li>Independence Blue Cross Personal Choice<\/li><li>Independence Blue Cross Personal Choice 65<\/li><li>Independence Administrators<\/li><li>Intergroup<\/li><li>Keystone First<\/li><li>Keystone Plan East<\/li><li>Medicaid (Access)<\/li><li>Medicare<\/li><li>PHCS (Private Health Care Service)<\/li><li>Railroad Medicare<\/li><li>Tricare<\/li><li>UMR<\/li><li>UnitedHealthCare<\/li><\/ul><p>Ten en cuenta que muchas aseguradoras tienen subdivisiones que pueden no estar incluidas en esta lista. Si no ves tu aseguradora espec\u00edfica aqu\u00ed, por favor cont\u00e1ctanos para obtener informaci\u00f3n m\u00e1s detallada al <strong>215-464-3700<\/strong>.<\/p><hr class=\"the7-p-gap\" style=\"padding-bottom: 30px;\" \/><h4>Si tienes Keystone Health Plan East HMO \/ POS<\/h4><p>IPMC solo puede aceptar estos seguros de pacientes de <a href=\"https:\/\/www.healthgrades.com\/physician\/dr-alexander-tarnopolsky-xs8y2\" target=\"_blank\" rel=\"noopener\">Dr. Alexandr Tarnopolsky<\/a>,\u00a0<span data-olk-copy-source=\"MessageBody\"><a href=\"https:\/\/www.healthgrades.com\/physician\/dr-zoya-berenson-xckr6\" target=\"_blank\" rel=\"noopener\">Dr. Zoya Berenson<\/a>, y <a href=\"https:\/\/www.healthgrades.com\/physician\/dr-alan-bailer-3fmyj\" target=\"_blank\" rel=\"noopener\">Dr. Alan Bailer<\/a><\/span>.\u00a0. Para todos los dem\u00e1s, solo podemos aceptar estos seguros para los siguientes estudios:<\/p><ul><li>Mamograf\u00eda<\/li><li>Ultrasonido de seno<\/li><li>Consulta de cardiolog\u00eda<\/li><li>Ecocardiograma<\/li><li>Eco de esfuerzo<\/li><li>Prueba de esfuerzo nuclear<\/li><li>Escaneo nuclear MUGA<\/li><\/ul><p>Si existen circunstancias especiales por las que debas usar nuestra cl\u00ednica para un estudio no listado aqu\u00ed, el m\u00e9dico remitente deber\u00e1 obtener una preautorizaci\u00f3n de la compa\u00f1\u00eda de seguros para permitirte realizar el estudio en IPMC.<\/p>\t\t\t\t\t\t\t\t<\/div>\n\t\t\t\t<\/div>\n\t\t\t\t<\/div>\n\t\t\t\t\t<\/div>\n\t\t\t\t<\/div>\n\t\t\t\t<\/div>\n\t\t<div class=\"elementor-element elementor-element-f501138 e-con-full e-flex e-con e-child\" data-id=\"f501138\" data-element_type=\"container\" data-settings=\"{&quot;background_background&quot;:&quot;classic&quot;}\">\n\t\t<div class=\"elementor-element elementor-element-510ef1d e-flex e-con-boxed e-con e-child\" data-id=\"510ef1d\" data-element_type=\"container\" data-settings=\"{&quot;background_background&quot;:&quot;gradient&quot;}\">\n\t\t\t\t\t<div class=\"e-con-inner\">\n\t\t<div class=\"elementor-element elementor-element-af09c09 e-flex e-con-boxed e-con e-child\" data-id=\"af09c09\" data-element_type=\"container\">\n\t\t\t\t\t<div class=\"e-con-inner\">\n\t\t\t\t<div class=\"elementor-element elementor-element-ef64662 elementor-widget-tablet__width-inherit elementor-widget__width-initial elementor-widget elementor-widget-the7-heading\" data-id=\"ef64662\" data-element_type=\"widget\" data-widget_type=\"the7-heading.default\">\n\t\t\t\t<div class=\"elementor-widget-container\">\n\t\t\t\t\t<div class=\"the7-heading-title elementor-size-default\">Programar su visita es f\u00e1cil.<\/div>\t\t\t\t<\/div>\n\t\t\t\t<\/div>\n\t\t\t\t<div class=\"elementor-element elementor-element-4be2455 elementor-widget-tablet__width-inherit elementor-widget elementor-widget-text-editor\" data-id=\"4be2455\" data-element_type=\"widget\" data-widget_type=\"text-editor.default\">\n\t\t\t\t<div class=\"elementor-widget-container\">\n\t\t\t\t\t\t\t\t\t<h2>Simplemente complete el formulario y nuestro equipo se pondr\u00e1 en contacto para confirmar su cita.<\/h2>\t\t\t\t\t\t\t\t<\/div>\n\t\t\t\t<\/div>\n\t\t\t\t\t<\/div>\n\t\t\t\t<\/div>\n\t\t<div class=\"elementor-element elementor-element-bad4a18 e-con-fit e-flex e-con e-child\" data-id=\"bad4a18\" data-element_type=\"container\">\n\t\t\t\t<div class=\"elementor-element elementor-element-86d67d5 elementor-tablet-align-left elementor-widget elementor-widget-the7_button_widget\" data-id=\"86d67d5\" data-element_type=\"widget\" data-widget_type=\"the7_button_widget.default\">\n\t\t\t\t<div class=\"elementor-widget-container\">\n\t\t\t\t\t<div class=\"elementor-button-wrapper\"><a href=\"#elementor-action%3Aaction%3Dpopup%3Aopen%26settings%3DeyJpZCI6IjE3MDM5IiwidG9nZ2xlIjpmYWxzZX0%3D\" class=\"box-button elementor-button elementor-size-xl\">Solicitar cita<\/a><\/div>\t\t\t\t<\/div>\n\t\t\t\t<\/div>\n\t\t\t\t<\/div>\n\t\t\t\t\t<\/div>\n\t\t\t\t<\/div>\n\t\t\t\t<\/div>\n\t\t\t\t<\/div>\n\t\t","protected":false},"excerpt":{"rendered":"<p>Las p\u00f3lizas de seguros cambian constantemente, por lo que es muy dif\u00edcil proporcionar una lista completa de todos los seguros que aceptamos y lo que cubren en nuestra cl\u00ednica. Nuestro departamento de facturaci\u00f3n siempre estar\u00e1 encantado de responder cualquier pregunta que puedas tener con respecto a la cobertura. Seguros aceptados A continuaci\u00f3n, se muestra una&hellip;<\/p>\n","protected":false},"author":2,"featured_media":43365,"parent":39022,"menu_order":3,"comment_status":"closed","ping_status":"closed","template":"","meta":{"footnotes":""},"class_list":["post-39035","page","type-page","status-publish","has-post-thumbnail","hentry"],"yoast_head":"<!-- This site is optimized with the Yoast SEO plugin v25.4 - https:\/\/yoast.com\/wordpress\/plugins\/seo\/ -->\n<title>Seguros aceptados - IPMC - Independent Physicians Medical Center<\/title>\n<meta name=\"robots\" content=\"index, follow, max-snippet:-1, max-image-preview:large, max-video-preview:-1\" \/>\n<link rel=\"canonical\" href=\"https:\/\/ipmcmed.com\/es\/for-doctors\/insurances-accepted\/\" \/>\n<meta property=\"og:locale\" content=\"es_ES\" \/>\n<meta property=\"og:type\" content=\"article\" \/>\n<meta property=\"og:title\" content=\"Seguros aceptados - IPMC - Independent Physicians Medical Center\" \/>\n<meta property=\"og:description\" content=\"Las p\u00f3lizas de seguros cambian constantemente, por lo que es muy dif\u00edcil proporcionar una lista completa de todos los seguros que aceptamos y lo que cubren en nuestra cl\u00ednica. Nuestro departamento de facturaci\u00f3n siempre estar\u00e1 encantado de responder cualquier pregunta que puedas tener con respecto a la cobertura. Seguros aceptados A continuaci\u00f3n, se muestra una&hellip;\" \/>\n<meta property=\"og:url\" content=\"https:\/\/ipmcmed.com\/es\/for-doctors\/insurances-accepted\/\" \/>\n<meta property=\"og:site_name\" content=\"IPMC - Independent Physicians Medical Center\" \/>\n<meta property=\"article:modified_time\" content=\"2025-07-22T16:42:44+00:00\" \/>\n<meta name=\"twitter:card\" content=\"summary_large_image\" \/>\n<meta name=\"twitter:label1\" content=\"Tiempo de lectura\" \/>\n\t<meta name=\"twitter:data1\" content=\"2 minutos\" \/>\n<script type=\"application\/ld+json\" class=\"yoast-schema-graph\">{\"@context\":\"https:\/\/schema.org\",\"@graph\":[{\"@type\":\"WebPage\",\"@id\":\"https:\/\/ipmcmed.com\/es\/for-doctors\/insurances-accepted\/\",\"url\":\"https:\/\/ipmcmed.com\/es\/for-doctors\/insurances-accepted\/\",\"name\":\"Seguros aceptados - IPMC - Independent Physicians Medical Center\",\"isPartOf\":{\"@id\":\"https:\/\/ipmcmed.com\/es\/#website\"},\"primaryImageOfPage\":{\"@id\":\"https:\/\/ipmcmed.com\/es\/for-doctors\/insurances-accepted\/#primaryimage\"},\"image\":{\"@id\":\"https:\/\/ipmcmed.com\/es\/for-doctors\/insurances-accepted\/#primaryimage\"},\"thumbnailUrl\":\"https:\/\/ipmcmed.com\/wp-content\/uploads\/2025\/03\/health-clinic-03.jpg\",\"datePublished\":\"2025-04-09T19:24:12+00:00\",\"dateModified\":\"2025-07-22T16:42:44+00:00\",\"breadcrumb\":{\"@id\":\"https:\/\/ipmcmed.com\/es\/for-doctors\/insurances-accepted\/#breadcrumb\"},\"inLanguage\":\"es\",\"potentialAction\":[{\"@type\":\"ReadAction\",\"target\":[\"https:\/\/ipmcmed.com\/es\/for-doctors\/insurances-accepted\/\"]}]},{\"@type\":\"ImageObject\",\"inLanguage\":\"es\",\"@id\":\"https:\/\/ipmcmed.com\/es\/for-doctors\/insurances-accepted\/#primaryimage\",\"url\":\"https:\/\/ipmcmed.com\/wp-content\/uploads\/2025\/03\/health-clinic-03.jpg\",\"contentUrl\":\"https:\/\/ipmcmed.com\/wp-content\/uploads\/2025\/03\/health-clinic-03.jpg\",\"width\":1000,\"height\":1000},{\"@type\":\"BreadcrumbList\",\"@id\":\"https:\/\/ipmcmed.com\/es\/for-doctors\/insurances-accepted\/#breadcrumb\",\"itemListElement\":[{\"@type\":\"ListItem\",\"position\":1,\"name\":\"Home\",\"item\":\"https:\/\/ipmcmed.com\/es\/\"},{\"@type\":\"ListItem\",\"position\":2,\"name\":\"Para m\u00e9dicos\",\"item\":\"https:\/\/ipmcmed.com\/es\/for-doctors\/\"},{\"@type\":\"ListItem\",\"position\":3,\"name\":\"Seguros aceptados\"}]},{\"@type\":\"WebSite\",\"@id\":\"https:\/\/ipmcmed.com\/es\/#website\",\"url\":\"https:\/\/ipmcmed.com\/es\/\",\"name\":\"IPMC - Independent Physicians Medical Center\",\"description\":\"MRI, CT Scan, X-Ray, Ultrasound, Nuclear Medicine, Mammography, Dexa Scan, Cardiology, Health Clinic\",\"publisher\":{\"@id\":\"https:\/\/ipmcmed.com\/es\/#organization\"},\"potentialAction\":[{\"@type\":\"SearchAction\",\"target\":{\"@type\":\"EntryPoint\",\"urlTemplate\":\"https:\/\/ipmcmed.com\/es\/?s={search_term_string}\"},\"query-input\":{\"@type\":\"PropertyValueSpecification\",\"valueRequired\":true,\"valueName\":\"search_term_string\"}}],\"inLanguage\":\"es\"},{\"@type\":\"Organization\",\"@id\":\"https:\/\/ipmcmed.com\/es\/#organization\",\"name\":\"IPMC - Independent Physicians Medical Center\",\"url\":\"https:\/\/ipmcmed.com\/es\/\",\"logo\":{\"@type\":\"ImageObject\",\"inLanguage\":\"es\",\"@id\":\"https:\/\/ipmcmed.com\/es\/#\/schema\/logo\/image\/\",\"url\":\"https:\/\/ipmcmed.com\/wp-content\/uploads\/2025\/02\/ipmc-logo.png\",\"contentUrl\":\"https:\/\/ipmcmed.com\/wp-content\/uploads\/2025\/02\/ipmc-logo.png\",\"width\":600,\"height\":100,\"caption\":\"IPMC - Independent Physicians Medical Center\"},\"image\":{\"@id\":\"https:\/\/ipmcmed.com\/es\/#\/schema\/logo\/image\/\"}}]}<\/script>\n<!-- \/ Yoast SEO plugin. -->","yoast_head_json":{"title":"Seguros aceptados - IPMC - Independent Physicians Medical Center","robots":{"index":"index","follow":"follow","max-snippet":"max-snippet:-1","max-image-preview":"max-image-preview:large","max-video-preview":"max-video-preview:-1"},"canonical":"https:\/\/ipmcmed.com\/es\/for-doctors\/insurances-accepted\/","og_locale":"es_ES","og_type":"article","og_title":"Seguros aceptados - IPMC - Independent Physicians Medical Center","og_description":"Las p\u00f3lizas de seguros cambian constantemente, por lo que es muy dif\u00edcil proporcionar una lista completa de todos los seguros que aceptamos y lo que cubren en nuestra cl\u00ednica. Nuestro departamento de facturaci\u00f3n siempre estar\u00e1 encantado de responder cualquier pregunta que puedas tener con respecto a la cobertura. Seguros aceptados A continuaci\u00f3n, se muestra una&hellip;","og_url":"https:\/\/ipmcmed.com\/es\/for-doctors\/insurances-accepted\/","og_site_name":"IPMC - Independent Physicians Medical Center","article_modified_time":"2025-07-22T16:42:44+00:00","twitter_card":"summary_large_image","twitter_misc":{"Tiempo de lectura":"2 minutos"},"schema":{"@context":"https:\/\/schema.org","@graph":[{"@type":"WebPage","@id":"https:\/\/ipmcmed.com\/es\/for-doctors\/insurances-accepted\/","url":"https:\/\/ipmcmed.com\/es\/for-doctors\/insurances-accepted\/","name":"Seguros aceptados - IPMC - Independent Physicians Medical Center","isPartOf":{"@id":"https:\/\/ipmcmed.com\/es\/#website"},"primaryImageOfPage":{"@id":"https:\/\/ipmcmed.com\/es\/for-doctors\/insurances-accepted\/#primaryimage"},"image":{"@id":"https:\/\/ipmcmed.com\/es\/for-doctors\/insurances-accepted\/#primaryimage"},"thumbnailUrl":"https:\/\/ipmcmed.com\/wp-content\/uploads\/2025\/03\/health-clinic-03.jpg","datePublished":"2025-04-09T19:24:12+00:00","dateModified":"2025-07-22T16:42:44+00:00","breadcrumb":{"@id":"https:\/\/ipmcmed.com\/es\/for-doctors\/insurances-accepted\/#breadcrumb"},"inLanguage":"es","potentialAction":[{"@type":"ReadAction","target":["https:\/\/ipmcmed.com\/es\/for-doctors\/insurances-accepted\/"]}]},{"@type":"ImageObject","inLanguage":"es","@id":"https:\/\/ipmcmed.com\/es\/for-doctors\/insurances-accepted\/#primaryimage","url":"https:\/\/ipmcmed.com\/wp-content\/uploads\/2025\/03\/health-clinic-03.jpg","contentUrl":"https:\/\/ipmcmed.com\/wp-content\/uploads\/2025\/03\/health-clinic-03.jpg","width":1000,"height":1000},{"@type":"BreadcrumbList","@id":"https:\/\/ipmcmed.com\/es\/for-doctors\/insurances-accepted\/#breadcrumb","itemListElement":[{"@type":"ListItem","position":1,"name":"Home","item":"https:\/\/ipmcmed.com\/es\/"},{"@type":"ListItem","position":2,"name":"Para m\u00e9dicos","item":"https:\/\/ipmcmed.com\/es\/for-doctors\/"},{"@type":"ListItem","position":3,"name":"Seguros aceptados"}]},{"@type":"WebSite","@id":"https:\/\/ipmcmed.com\/es\/#website","url":"https:\/\/ipmcmed.com\/es\/","name":"IPMC - Independent Physicians Medical Center","description":"MRI, CT Scan, X-Ray, Ultrasound, Nuclear Medicine, Mammography, Dexa Scan, Cardiology, Health Clinic","publisher":{"@id":"https:\/\/ipmcmed.com\/es\/#organization"},"potentialAction":[{"@type":"SearchAction","target":{"@type":"EntryPoint","urlTemplate":"https:\/\/ipmcmed.com\/es\/?s={search_term_string}"},"query-input":{"@type":"PropertyValueSpecification","valueRequired":true,"valueName":"search_term_string"}}],"inLanguage":"es"},{"@type":"Organization","@id":"https:\/\/ipmcmed.com\/es\/#organization","name":"IPMC - Independent Physicians Medical Center","url":"https:\/\/ipmcmed.com\/es\/","logo":{"@type":"ImageObject","inLanguage":"es","@id":"https:\/\/ipmcmed.com\/es\/#\/schema\/logo\/image\/","url":"https:\/\/ipmcmed.com\/wp-content\/uploads\/2025\/02\/ipmc-logo.png","contentUrl":"https:\/\/ipmcmed.com\/wp-content\/uploads\/2025\/02\/ipmc-logo.png","width":600,"height":100,"caption":"IPMC - Independent Physicians Medical Center"},"image":{"@id":"https:\/\/ipmcmed.com\/es\/#\/schema\/logo\/image\/"}}]}},"_links":{"self":[{"href":"https:\/\/ipmcmed.com\/es\/wp-json\/wp\/v2\/pages\/39035","targetHints":{"allow":["GET"]}}],"collection":[{"href":"https:\/\/ipmcmed.com\/es\/wp-json\/wp\/v2\/pages"}],"about":[{"href":"https:\/\/ipmcmed.com\/es\/wp-json\/wp\/v2\/types\/page"}],"author":[{"embeddable":true,"href":"https:\/\/ipmcmed.com\/es\/wp-json\/wp\/v2\/users\/2"}],"replies":[{"embeddable":true,"href":"https:\/\/ipmcmed.com\/es\/wp-json\/wp\/v2\/comments?post=39035"}],"version-history":[{"count":16,"href":"https:\/\/ipmcmed.com\/es\/wp-json\/wp\/v2\/pages\/39035\/revisions"}],"predecessor-version":[{"id":42326,"href":"https:\/\/ipmcmed.com\/es\/wp-json\/wp\/v2\/pages\/39035\/revisions\/42326"}],"up":[{"embeddable":true,"href":"https:\/\/ipmcmed.com\/es\/wp-json\/wp\/v2\/pages\/39022"}],"wp:featuredmedia":[{"embeddable":true,"href":"https:\/\/ipmcmed.com\/es\/wp-json\/wp\/v2\/media\/43365"}],"wp:attachment":[{"href":"https:\/\/ipmcmed.com\/es\/wp-json\/wp\/v2\/media?parent=39035"}],"curies":[{"name":"wp","href":"https:\/\/api.w.org\/{rel}","templated":true}]}}