{"id":39022,"date":"2025-04-09T15:19:18","date_gmt":"2025-04-09T19:19:18","guid":{"rendered":"https:\/\/ipmcmed.com\/for-doctors\/"},"modified":"2025-05-01T18:40:37","modified_gmt":"2025-05-01T23:40:37","slug":"for-doctors","status":"publish","type":"page","link":"https:\/\/ipmcmed.com\/es\/for-doctors\/","title":{"rendered":"Para m\u00e9dicos"},"content":{"rendered":"\t\t<div data-elementor-type=\"wp-page\" data-elementor-id=\"39022\" class=\"elementor elementor-39022\" data-elementor-post-type=\"page\">\n\t\t\t\t<div class=\"elementor-element elementor-element-fce38b7 e-con-full e-flex e-con e-parent\" data-id=\"fce38b7\" data-element_type=\"container\">\n\t\t<div class=\"elementor-element elementor-element-6a89215 e-flex e-con-boxed e-con e-child\" data-id=\"6a89215\" data-element_type=\"container\">\n\t\t\t\t\t<div class=\"e-con-inner\">\n\t\t<div class=\"elementor-element elementor-element-37c4d34 e-con-full e-flex e-con e-child\" data-id=\"37c4d34\" data-element_type=\"container\">\n\t\t\t\t<div class=\"elementor-element elementor-element-0cb852a content-align-right the7-hover-visibility-disabled preserve-img-ratio-cover transform-overlay-yes exceeding-frame-yes elementor-widget elementor-widget-the7-image-widget\" data-id=\"0cb852a\" data-element_type=\"widget\" data-settings=\"{&quot;hover_visibility&quot;:&quot;disabled&quot;}\" data-widget_type=\"the7-image-widget.default\">\n\t\t\t\t<div class=\"elementor-widget-container\">\n\t\t\t\t\t<div class=\"the7-image-container\"><div class=\"the7-image-wrapper the7-elementor-widget the7-transform-container\"><div class=\"post-thumbnail-rollover layzr-bg img-css-resize-wrapper\"><img fetchpriority=\"high\" decoding=\"async\" width=\"1000\" height=\"1000\" src=\"data:image\/svg+xml,%3Csvg%20xmlns%3D&#039;http%3A%2F%2Fwww.w3.org%2F2000%2Fsvg&#039;%20viewBox%3D&#039;0%200%201000%201000&#039;%2F%3E\" class=\"attachment-full size-full preload-me aspect lazy lazy-load\" alt=\"\" sizes=\"(max-width: 1000px) 100vw, 1000px\" style=\"--ratio: 1000 \/ 1000;\" data-src=\"https:\/\/ipmcmed.com\/wp-content\/uploads\/2025\/03\/ct-scan-03.jpg\" loading=\"eager\" data-srcset=\"https:\/\/ipmcmed.com\/wp-content\/uploads\/2025\/03\/ct-scan-03.jpg 1000w, https:\/\/ipmcmed.com\/wp-content\/uploads\/2025\/03\/ct-scan-03-300x300.jpg 300w, https:\/\/ipmcmed.com\/wp-content\/uploads\/2025\/03\/ct-scan-03-150x150.jpg 150w, https:\/\/ipmcmed.com\/wp-content\/uploads\/2025\/03\/ct-scan-03-768x768.jpg 768w\" \/><\/div><\/div><\/div>\t\t\t\t<\/div>\n\t\t\t\t<\/div>\n\t\t\t\t<div class=\"elementor-element elementor-element-b892683 dt-nav-menu_align-left dt-sub-menu_align-left elementor-widget elementor-widget-the7_nav-menu\" data-id=\"b892683\" data-element_type=\"widget\" data-settings=\"{&quot;submenu_display&quot;:&quot;always&quot;}\" data-widget_type=\"the7_nav-menu.default\">\n\t\t\t\t<div class=\"elementor-widget-container\">\n\t\t\t\t\t<nav class=\"dt-nav-menu--main dt-nav-menu__container dt-sub-menu-display-always dt-icon-align- dt-icon-position- dt-sub-icon-position- dt-sub-icon-align-\"><ul class=\"dt-nav-menu\"><li class=\"menu-item menu-item-type-post_type menu-item-object-page menu-item-37177 first depth-0\"><a href='https:\/\/ipmcmed.com\/for-doctors\/' class=' mega-menu-img' data-level='1'><span class=\"item-content\"><svg xmlns=\"http:\/\/www.w3.org\/2000\/svg\" width=\"56\" height=\"56\" fill=\"#000000\" viewBox=\"0 0 256 256\"><path d=\"M224.49,136.49l-72,72a12,12,0,0,1-17-17L187,140H40a12,12,0,0,1,0-24H187L135.51,64.48a12,12,0,0,1,17-17l72,72A12,12,0,0,1,224.49,136.49Z\"><\/path><\/svg><span class=\"menu-item-text\"><span class=\"menu-text\">Para m\u00e9dicos<\/span><\/span><\/span><span class=\"\" data-icon = \"\"> <\/span><\/a><\/li> <li class=\"menu-item menu-item-type-post_type menu-item-object-page menu-item-37179 depth-0\"><a href='https:\/\/ipmcmed.com\/for-doctors\/insurances-accepted\/' class=' mega-menu-img' data-level='1'><span class=\"item-content\"><svg xmlns=\"http:\/\/www.w3.org\/2000\/svg\" width=\"56\" height=\"56\" fill=\"#000000\" viewBox=\"0 0 256 256\"><path d=\"M224.49,136.49l-72,72a12,12,0,0,1-17-17L187,140H40a12,12,0,0,1,0-24H187L135.51,64.48a12,12,0,0,1,17-17l72,72A12,12,0,0,1,224.49,136.49Z\"><\/path><\/svg><span class=\"menu-item-text\"><span class=\"menu-text\">Seguros aceptados<\/span><\/span><\/span><span class=\"\" data-icon = \"\"> <\/span><\/a><\/li> <li class=\"menu-item menu-item-type-post_type menu-item-object-page menu-item-37178 last depth-0\"><a href='https:\/\/ipmcmed.com\/for-doctors\/access-to-patient-records\/' class=' mega-menu-img' data-level='1'><span class=\"item-content\"><svg xmlns=\"http:\/\/www.w3.org\/2000\/svg\" width=\"56\" height=\"56\" fill=\"#000000\" viewBox=\"0 0 256 256\"><path d=\"M224.49,136.49l-72,72a12,12,0,0,1-17-17L187,140H40a12,12,0,0,1,0-24H187L135.51,64.48a12,12,0,0,1,17-17l72,72A12,12,0,0,1,224.49,136.49Z\"><\/path><\/svg><span class=\"menu-item-text\"><span class=\"menu-text\">RIS para m\u00e9dicos<\/span><\/span><\/span><span class=\"\" data-icon = \"\"> <\/span><\/a><\/li> <\/ul><\/nav>\t\t\t\t<\/div>\n\t\t\t\t<\/div>\n\t\t\t\t<\/div>\n\t\t<div class=\"elementor-element elementor-element-ade6fd2 e-con-full e-flex e-con e-child\" data-id=\"ade6fd2\" data-element_type=\"container\">\n\t\t\t\t<div class=\"elementor-element elementor-element-224f6d2 elementor-widget-tablet__width-inherit elementor-widget elementor-widget-text-editor\" data-id=\"224f6d2\" data-element_type=\"widget\" data-widget_type=\"text-editor.default\">\n\t\t\t\t<div class=\"elementor-widget-container\">\n\t\t\t\t\t\t\t\t\t<h2>Trabajando con los doctores para brindar una mejor atenci\u00f3n<\/h2>\t\t\t\t\t\t\t\t<\/div>\n\t\t\t\t<\/div>\n\t\t\t\t<div class=\"elementor-element elementor-element-396f8ac elementor-widget-tablet__width-inherit elementor-widget elementor-widget-text-editor\" data-id=\"396f8ac\" data-element_type=\"widget\" data-widget_type=\"text-editor.default\">\n\t\t\t\t<div class=\"elementor-widget-container\">\n\t\t\t\t\t\t\t\t\tEn IPMC \u2013 Independent Physicians Medical Center, nos comprometemos a cumplir y superar las expectativas de cada m\u00e9dico que conf\u00eda en nosotros para el cuidado de sus pacientes. Logramos esto gracias a tres pilares fundamentales: Atenci\u00f3n, Comodidad y Conveniencia.\t\t\t\t\t\t\t\t<\/div>\n\t\t\t\t<\/div>\n\t\t\t\t<div class=\"elementor-element elementor-element-083135e elementor-widget-divider--view-line elementor-widget elementor-widget-divider\" data-id=\"083135e\" data-element_type=\"widget\" data-widget_type=\"divider.default\">\n\t\t\t\t<div class=\"elementor-widget-container\">\n\t\t\t\t\t\t\t<div class=\"elementor-divider\">\n\t\t\t<span class=\"elementor-divider-separator\">\n\t\t\t\t\t\t<\/span>\n\t\t<\/div>\n\t\t\t\t\t\t<\/div>\n\t\t\t\t<\/div>\n\t\t\t\t<div class=\"elementor-element elementor-element-1760465 elementor-widget-tablet__width-inherit elementor-widget elementor-widget-text-editor\" data-id=\"1760465\" data-element_type=\"widget\" data-widget_type=\"text-editor.default\">\n\t\t\t\t<div class=\"elementor-widget-container\">\n\t\t\t\t\t\t\t\t\t<h4>Atenci\u00f3n m\u00e9dica excepcional con tecnolog\u00eda avanzada<\/h4><p>La atenci\u00f3n m\u00e9dica de calidad es nuestra prioridad. Combinamos los \u00faltimos avances tecnol\u00f3gicos con la experiencia de nuestros m\u00e9dicos, tecn\u00f3logos y personal de apoyo. Pero tambi\u00e9n sabemos que una excelente atenci\u00f3n no se basa \u00fanicamente en el conocimiento m\u00e9dico \u2014 se basa en la compasi\u00f3n. Por eso, nuestros tecn\u00f3logos est\u00e1n capacitados no solo para ser expertos en su trabajo, sino tambi\u00e9n para brindar una atenci\u00f3n humana y emp\u00e1tica. Escuchan a los pacientes y, si es necesario, se comunican con el m\u00e9dico remitente para brindar un mejor cuidado.<\/p><hr class=\"the7-p-gap\" style=\"padding-bottom: 30px;\" \/><h4>Personal comprometido y bien capacitado<\/h4><p>Todo nuestro equipo pasa por una formaci\u00f3n rigurosa para poder responder con claridad y amabilidad a las preguntas de los pacientes. Sabemos que c\u00f3mo comunicamos es tan importante como lo que comunicamos \u2014 y siempre lo hacemos con una sonrisa.<\/p><hr class=\"the7-p-gap\" style=\"padding-bottom: 30px;\" \/><h4>Comunicaci\u00f3n fluida con los m\u00e9dicos remitentes<\/h4><p>Queremos que la experiencia con IPMC sea sencilla y eficiente tanto para los pacientes como para los m\u00e9dicos que los remiten. Por eso, nuestros radi\u00f3logos est\u00e1n disponibles para discutir informes y resultados \u2014 incluso fuera del horario habitual de oficina.<\/p><hr class=\"the7-p-gap\" style=\"padding-bottom: 30px;\" \/><h4>Apoyo con seguros y autorizaciones previas<\/h4><p>Sabemos que tratar con <a href=\"https:\/\/ipmcmed.com\/es\/for-patients\/insurance-payment-questions\/\">compa\u00f1\u00edas de seguros<\/a> puede ser complicado y consumir mucho tiempo. Por eso, nuestro departamento de facturaci\u00f3n est\u00e1 aqu\u00ed para ayudar:<\/p><ul><li>Asistimos con la codificaci\u00f3n correcta<\/li><li>Gestionamos autorizaciones previas<\/li><li>Verificamos la cobertura del seguro antes de cada procedimiento<\/li><li>Informamos al paciente de copagos, referidos o autorizaciones necesarias<\/li><li>Mantenemos una comunicaci\u00f3n abierta entre nuestra oficina, el paciente y el m\u00e9dico remitente para que todo se realice de forma r\u00e1pida y ordenada<\/li><\/ul><hr class=\"the7-p-gap\" style=\"padding-bottom: 30px;\" \/><h4>Informes r\u00e1pidos y acceso f\u00e1cil a registros<\/h4><p>Valoramos su tiempo. Por eso ofrecemos:<\/p><ul><li>Informes en un plazo m\u00e1ximo de 2 d\u00edas h\u00e1biles<\/li><li>Pel\u00edculas o CDs disponibles el mismo d\u00eda, si el paciente lo solicita<\/li><li>Sin procesos largos ni burocracia \u2014 el paciente solo tiene que llamar y sus im\u00e1genes estar\u00e1n listas para recoger al d\u00eda siguiente<\/li><li>Acceso digital para los m\u00e9dicos remitentes a trav\u00e9s de <a href=\"https:\/\/ipmcmed.com\/es\/for-doctors\/access-to-patient-records\/\">nuestro sistema RIS<\/a> \u2014 visualizaci\u00f3n segura desde cualquier computadora<\/li><\/ul><hr class=\"the7-p-gap\" style=\"padding-bottom: 30px;\" \/><h4>Nuestro compromiso con usted<\/h4><p>En IPMC tratamos a sus pacientes con el mismo cuidado y respeto con los que usted los atiende. Queremos ser una verdadera extensi\u00f3n de su consulta m\u00e9dica \u2014 un aliado confiable, profesional y accesible en la salud de sus pacientes.<\/p>\t\t\t\t\t\t\t\t<\/div>\n\t\t\t\t<\/div>\n\t\t\t\t<\/div>\n\t\t\t\t\t<\/div>\n\t\t\t\t<\/div>\n\t\t\t\t<\/div>\n\t\t<div class=\"elementor-element elementor-element-f501138 e-con-full e-flex e-con e-child\" data-id=\"f501138\" data-element_type=\"container\" data-settings=\"{&quot;background_background&quot;:&quot;classic&quot;}\">\n\t\t<div class=\"elementor-element elementor-element-510ef1d e-flex e-con-boxed e-con e-child\" data-id=\"510ef1d\" data-element_type=\"container\" data-settings=\"{&quot;background_background&quot;:&quot;gradient&quot;}\">\n\t\t\t\t\t<div class=\"e-con-inner\">\n\t\t<div class=\"elementor-element elementor-element-af09c09 e-flex e-con-boxed e-con e-child\" data-id=\"af09c09\" data-element_type=\"container\">\n\t\t\t\t\t<div class=\"e-con-inner\">\n\t\t\t\t<div class=\"elementor-element elementor-element-ef64662 elementor-widget-tablet__width-inherit elementor-widget__width-initial elementor-widget elementor-widget-the7-heading\" data-id=\"ef64662\" data-element_type=\"widget\" data-widget_type=\"the7-heading.default\">\n\t\t\t\t<div class=\"elementor-widget-container\">\n\t\t\t\t\t<div class=\"the7-heading-title elementor-size-default\">Programar su visita es f\u00e1cil.<\/div>\t\t\t\t<\/div>\n\t\t\t\t<\/div>\n\t\t\t\t<div class=\"elementor-element elementor-element-4be2455 elementor-widget-tablet__width-inherit elementor-widget elementor-widget-text-editor\" data-id=\"4be2455\" data-element_type=\"widget\" data-widget_type=\"text-editor.default\">\n\t\t\t\t<div class=\"elementor-widget-container\">\n\t\t\t\t\t\t\t\t\t<h2>Simplemente complete el formulario y nuestro equipo se pondr\u00e1 en contacto para confirmar su cita.<\/h2>\t\t\t\t\t\t\t\t<\/div>\n\t\t\t\t<\/div>\n\t\t\t\t\t<\/div>\n\t\t\t\t<\/div>\n\t\t<div class=\"elementor-element elementor-element-bad4a18 e-con-fit e-flex e-con e-child\" data-id=\"bad4a18\" data-element_type=\"container\">\n\t\t\t\t<div class=\"elementor-element elementor-element-86d67d5 elementor-tablet-align-left elementor-widget elementor-widget-the7_button_widget\" data-id=\"86d67d5\" data-element_type=\"widget\" data-widget_type=\"the7_button_widget.default\">\n\t\t\t\t<div class=\"elementor-widget-container\">\n\t\t\t\t\t<div class=\"elementor-button-wrapper\"><a href=\"#elementor-action%3Aaction%3Dpopup%3Aopen%26settings%3DeyJpZCI6IjE3MDM5IiwidG9nZ2xlIjpmYWxzZX0%3D\" class=\"box-button elementor-button elementor-size-xl\">Solicitar cita<\/a><\/div>\t\t\t\t<\/div>\n\t\t\t\t<\/div>\n\t\t\t\t<\/div>\n\t\t\t\t\t<\/div>\n\t\t\t\t<\/div>\n\t\t\t\t<\/div>\n\t\t\t\t<\/div>\n\t\t","protected":false},"excerpt":{"rendered":"<p>Trabajando con los doctores para brindar una mejor atenci\u00f3n En IPMC \u2013 Independent Physicians Medical Center, nos comprometemos a cumplir y superar las expectativas de cada m\u00e9dico que conf\u00eda en nosotros para el cuidado de sus pacientes. Logramos esto gracias a tres pilares fundamentales: Atenci\u00f3n, Comodidad y Conveniencia. Atenci\u00f3n m\u00e9dica excepcional con tecnolog\u00eda avanzada La&hellip;<\/p>\n","protected":false},"author":2,"featured_media":41095,"parent":0,"menu_order":3,"comment_status":"closed","ping_status":"closed","template":"","meta":{"footnotes":""},"class_list":["post-39022","page","type-page","status-publish","has-post-thumbnail","hentry"],"yoast_head":"<!-- This site is optimized with the Yoast SEO plugin v25.4 - https:\/\/yoast.com\/wordpress\/plugins\/seo\/ -->\n<title>Para m\u00e9dicos - IPMC - Independent Physicians Medical Center<\/title>\n<meta name=\"robots\" content=\"index, follow, max-snippet:-1, max-image-preview:large, max-video-preview:-1\" \/>\n<link rel=\"canonical\" href=\"https:\/\/ipmcmed.com\/es\/for-doctors\/\" \/>\n<meta property=\"og:locale\" content=\"es_ES\" \/>\n<meta property=\"og:type\" content=\"article\" \/>\n<meta property=\"og:title\" content=\"Para m\u00e9dicos - IPMC - Independent Physicians Medical Center\" \/>\n<meta property=\"og:description\" content=\"Trabajando con los doctores para brindar una mejor atenci\u00f3n En IPMC \u2013 Independent Physicians Medical Center, nos comprometemos a cumplir y superar las expectativas de cada m\u00e9dico que conf\u00eda en nosotros para el cuidado de sus pacientes. Logramos esto gracias a tres pilares fundamentales: Atenci\u00f3n, Comodidad y Conveniencia. Atenci\u00f3n m\u00e9dica excepcional con tecnolog\u00eda avanzada La&hellip;\" \/>\n<meta property=\"og:url\" content=\"https:\/\/ipmcmed.com\/es\/for-doctors\/\" \/>\n<meta property=\"og:site_name\" content=\"IPMC - Independent Physicians Medical Center\" \/>\n<meta property=\"article:modified_time\" content=\"2025-05-01T23:40:37+00:00\" \/>\n<meta name=\"twitter:card\" content=\"summary_large_image\" \/>\n<meta name=\"twitter:label1\" content=\"Tiempo de lectura\" \/>\n\t<meta name=\"twitter:data1\" content=\"3 minutos\" \/>\n<script type=\"application\/ld+json\" class=\"yoast-schema-graph\">{\"@context\":\"https:\/\/schema.org\",\"@graph\":[{\"@type\":\"WebPage\",\"@id\":\"https:\/\/ipmcmed.com\/es\/for-doctors\/\",\"url\":\"https:\/\/ipmcmed.com\/es\/for-doctors\/\",\"name\":\"Para m\u00e9dicos - IPMC - Independent Physicians Medical Center\",\"isPartOf\":{\"@id\":\"https:\/\/ipmcmed.com\/es\/#website\"},\"primaryImageOfPage\":{\"@id\":\"https:\/\/ipmcmed.com\/es\/for-doctors\/#primaryimage\"},\"image\":{\"@id\":\"https:\/\/ipmcmed.com\/es\/for-doctors\/#primaryimage\"},\"thumbnailUrl\":\"https:\/\/ipmcmed.com\/wp-content\/uploads\/2025\/03\/doctorst-01.jpg\",\"datePublished\":\"2025-04-09T19:19:18+00:00\",\"dateModified\":\"2025-05-01T23:40:37+00:00\",\"breadcrumb\":{\"@id\":\"https:\/\/ipmcmed.com\/es\/for-doctors\/#breadcrumb\"},\"inLanguage\":\"es\",\"potentialAction\":[{\"@type\":\"ReadAction\",\"target\":[\"https:\/\/ipmcmed.com\/es\/for-doctors\/\"]}]},{\"@type\":\"ImageObject\",\"inLanguage\":\"es\",\"@id\":\"https:\/\/ipmcmed.com\/es\/for-doctors\/#primaryimage\",\"url\":\"https:\/\/ipmcmed.com\/wp-content\/uploads\/2025\/03\/doctorst-01.jpg\",\"contentUrl\":\"https:\/\/ipmcmed.com\/wp-content\/uploads\/2025\/03\/doctorst-01.jpg\",\"width\":1000,\"height\":1000},{\"@type\":\"BreadcrumbList\",\"@id\":\"https:\/\/ipmcmed.com\/es\/for-doctors\/#breadcrumb\",\"itemListElement\":[{\"@type\":\"ListItem\",\"position\":1,\"name\":\"Home\",\"item\":\"https:\/\/ipmcmed.com\/es\/\"},{\"@type\":\"ListItem\",\"position\":2,\"name\":\"Para m\u00e9dicos\"}]},{\"@type\":\"WebSite\",\"@id\":\"https:\/\/ipmcmed.com\/es\/#website\",\"url\":\"https:\/\/ipmcmed.com\/es\/\",\"name\":\"IPMC - Independent Physicians Medical Center\",\"description\":\"MRI, CT Scan, X-Ray, Ultrasound, Nuclear Medicine, Mammography, Dexa Scan, Cardiology, Health Clinic\",\"publisher\":{\"@id\":\"https:\/\/ipmcmed.com\/es\/#organization\"},\"potentialAction\":[{\"@type\":\"SearchAction\",\"target\":{\"@type\":\"EntryPoint\",\"urlTemplate\":\"https:\/\/ipmcmed.com\/es\/?s={search_term_string}\"},\"query-input\":{\"@type\":\"PropertyValueSpecification\",\"valueRequired\":true,\"valueName\":\"search_term_string\"}}],\"inLanguage\":\"es\"},{\"@type\":\"Organization\",\"@id\":\"https:\/\/ipmcmed.com\/es\/#organization\",\"name\":\"IPMC - Independent Physicians Medical Center\",\"url\":\"https:\/\/ipmcmed.com\/es\/\",\"logo\":{\"@type\":\"ImageObject\",\"inLanguage\":\"es\",\"@id\":\"https:\/\/ipmcmed.com\/es\/#\/schema\/logo\/image\/\",\"url\":\"https:\/\/ipmcmed.com\/wp-content\/uploads\/2025\/02\/ipmc-logo.png\",\"contentUrl\":\"https:\/\/ipmcmed.com\/wp-content\/uploads\/2025\/02\/ipmc-logo.png\",\"width\":600,\"height\":100,\"caption\":\"IPMC - Independent Physicians Medical Center\"},\"image\":{\"@id\":\"https:\/\/ipmcmed.com\/es\/#\/schema\/logo\/image\/\"}}]}<\/script>\n<!-- \/ Yoast SEO plugin. -->","yoast_head_json":{"title":"Para m\u00e9dicos - IPMC - Independent Physicians Medical Center","robots":{"index":"index","follow":"follow","max-snippet":"max-snippet:-1","max-image-preview":"max-image-preview:large","max-video-preview":"max-video-preview:-1"},"canonical":"https:\/\/ipmcmed.com\/es\/for-doctors\/","og_locale":"es_ES","og_type":"article","og_title":"Para m\u00e9dicos - IPMC - Independent Physicians Medical Center","og_description":"Trabajando con los doctores para brindar una mejor atenci\u00f3n En IPMC \u2013 Independent Physicians Medical Center, nos comprometemos a cumplir y superar las expectativas de cada m\u00e9dico que conf\u00eda en nosotros para el cuidado de sus pacientes. Logramos esto gracias a tres pilares fundamentales: Atenci\u00f3n, Comodidad y Conveniencia. Atenci\u00f3n m\u00e9dica excepcional con tecnolog\u00eda avanzada La&hellip;","og_url":"https:\/\/ipmcmed.com\/es\/for-doctors\/","og_site_name":"IPMC - Independent Physicians Medical Center","article_modified_time":"2025-05-01T23:40:37+00:00","twitter_card":"summary_large_image","twitter_misc":{"Tiempo de lectura":"3 minutos"},"schema":{"@context":"https:\/\/schema.org","@graph":[{"@type":"WebPage","@id":"https:\/\/ipmcmed.com\/es\/for-doctors\/","url":"https:\/\/ipmcmed.com\/es\/for-doctors\/","name":"Para m\u00e9dicos - IPMC - Independent Physicians Medical Center","isPartOf":{"@id":"https:\/\/ipmcmed.com\/es\/#website"},"primaryImageOfPage":{"@id":"https:\/\/ipmcmed.com\/es\/for-doctors\/#primaryimage"},"image":{"@id":"https:\/\/ipmcmed.com\/es\/for-doctors\/#primaryimage"},"thumbnailUrl":"https:\/\/ipmcmed.com\/wp-content\/uploads\/2025\/03\/doctorst-01.jpg","datePublished":"2025-04-09T19:19:18+00:00","dateModified":"2025-05-01T23:40:37+00:00","breadcrumb":{"@id":"https:\/\/ipmcmed.com\/es\/for-doctors\/#breadcrumb"},"inLanguage":"es","potentialAction":[{"@type":"ReadAction","target":["https:\/\/ipmcmed.com\/es\/for-doctors\/"]}]},{"@type":"ImageObject","inLanguage":"es","@id":"https:\/\/ipmcmed.com\/es\/for-doctors\/#primaryimage","url":"https:\/\/ipmcmed.com\/wp-content\/uploads\/2025\/03\/doctorst-01.jpg","contentUrl":"https:\/\/ipmcmed.com\/wp-content\/uploads\/2025\/03\/doctorst-01.jpg","width":1000,"height":1000},{"@type":"BreadcrumbList","@id":"https:\/\/ipmcmed.com\/es\/for-doctors\/#breadcrumb","itemListElement":[{"@type":"ListItem","position":1,"name":"Home","item":"https:\/\/ipmcmed.com\/es\/"},{"@type":"ListItem","position":2,"name":"Para m\u00e9dicos"}]},{"@type":"WebSite","@id":"https:\/\/ipmcmed.com\/es\/#website","url":"https:\/\/ipmcmed.com\/es\/","name":"IPMC - Independent Physicians Medical Center","description":"MRI, CT Scan, X-Ray, Ultrasound, Nuclear Medicine, Mammography, Dexa Scan, Cardiology, Health Clinic","publisher":{"@id":"https:\/\/ipmcmed.com\/es\/#organization"},"potentialAction":[{"@type":"SearchAction","target":{"@type":"EntryPoint","urlTemplate":"https:\/\/ipmcmed.com\/es\/?s={search_term_string}"},"query-input":{"@type":"PropertyValueSpecification","valueRequired":true,"valueName":"search_term_string"}}],"inLanguage":"es"},{"@type":"Organization","@id":"https:\/\/ipmcmed.com\/es\/#organization","name":"IPMC - Independent Physicians Medical Center","url":"https:\/\/ipmcmed.com\/es\/","logo":{"@type":"ImageObject","inLanguage":"es","@id":"https:\/\/ipmcmed.com\/es\/#\/schema\/logo\/image\/","url":"https:\/\/ipmcmed.com\/wp-content\/uploads\/2025\/02\/ipmc-logo.png","contentUrl":"https:\/\/ipmcmed.com\/wp-content\/uploads\/2025\/02\/ipmc-logo.png","width":600,"height":100,"caption":"IPMC - Independent Physicians Medical Center"},"image":{"@id":"https:\/\/ipmcmed.com\/es\/#\/schema\/logo\/image\/"}}]}},"_links":{"self":[{"href":"https:\/\/ipmcmed.com\/es\/wp-json\/wp\/v2\/pages\/39022","targetHints":{"allow":["GET"]}}],"collection":[{"href":"https:\/\/ipmcmed.com\/es\/wp-json\/wp\/v2\/pages"}],"about":[{"href":"https:\/\/ipmcmed.com\/es\/wp-json\/wp\/v2\/types\/page"}],"author":[{"embeddable":true,"href":"https:\/\/ipmcmed.com\/es\/wp-json\/wp\/v2\/users\/2"}],"replies":[{"embeddable":true,"href":"https:\/\/ipmcmed.com\/es\/wp-json\/wp\/v2\/comments?post=39022"}],"version-history":[{"count":20,"href":"https:\/\/ipmcmed.com\/es\/wp-json\/wp\/v2\/pages\/39022\/revisions"}],"predecessor-version":[{"id":40957,"href":"https:\/\/ipmcmed.com\/es\/wp-json\/wp\/v2\/pages\/39022\/revisions\/40957"}],"wp:featuredmedia":[{"embeddable":true,"href":"https:\/\/ipmcmed.com\/es\/wp-json\/wp\/v2\/media\/41095"}],"wp:attachment":[{"href":"https:\/\/ipmcmed.com\/es\/wp-json\/wp\/v2\/media?parent=39022"}],"curies":[{"name":"wp","href":"https:\/\/api.w.org\/{rel}","templated":true}]}}