{"id":38786,"date":"2025-04-09T17:27:41","date_gmt":"2025-04-09T21:27:41","guid":{"rendered":"https:\/\/ipmcmed.com\/cardiology\/stress-echo-preparation\/"},"modified":"2025-05-01T16:47:17","modified_gmt":"2025-05-01T21:47:17","slug":"stress-echo-preparation","status":"publish","type":"page","link":"https:\/\/ipmcmed.com\/es\/cardiology\/stress-echo-preparation\/","title":{"rendered":"C\u00f3mo prepararse para ecocardiograf\u00eda de esfuerzo"},"content":{"rendered":"\t\t<div data-elementor-type=\"wp-page\" data-elementor-id=\"38786\" class=\"elementor elementor-38786\" data-elementor-post-type=\"page\">\n\t\t\t\t<div class=\"elementor-element elementor-element-fce38b7 e-con-full e-flex e-con e-parent\" data-id=\"fce38b7\" data-element_type=\"container\">\n\t\t<div class=\"elementor-element elementor-element-6a89215 e-flex e-con-boxed e-con e-child\" data-id=\"6a89215\" data-element_type=\"container\">\n\t\t\t\t\t<div class=\"e-con-inner\">\n\t\t<div class=\"elementor-element elementor-element-37c4d34 e-con-full e-flex e-con e-child\" data-id=\"37c4d34\" data-element_type=\"container\">\n\t\t\t\t<div class=\"elementor-element elementor-element-0cb852a content-align-right the7-hover-visibility-disabled preserve-img-ratio-cover transform-overlay-yes exceeding-frame-yes elementor-widget elementor-widget-the7-image-widget\" data-id=\"0cb852a\" data-element_type=\"widget\" data-settings=\"{&quot;hover_visibility&quot;:&quot;disabled&quot;}\" data-widget_type=\"the7-image-widget.default\">\n\t\t\t\t<div class=\"elementor-widget-container\">\n\t\t\t\t\t<div class=\"the7-image-container\"><div class=\"the7-image-wrapper the7-elementor-widget the7-transform-container\"><div class=\"post-thumbnail-rollover layzr-bg img-css-resize-wrapper\"><img fetchpriority=\"high\" decoding=\"async\" width=\"1000\" height=\"1000\" src=\"data:image\/svg+xml,%3Csvg%20xmlns%3D&#039;http%3A%2F%2Fwww.w3.org%2F2000%2Fsvg&#039;%20viewBox%3D&#039;0%200%201000%201000&#039;%2F%3E\" class=\"attachment-full size-full preload-me aspect lazy lazy-load\" alt=\"\" sizes=\"(max-width: 1000px) 100vw, 1000px\" style=\"--ratio: 1000 \/ 1000;\" data-src=\"https:\/\/ipmcmed.com\/wp-content\/uploads\/2025\/03\/ct-scan-03.jpg\" loading=\"eager\" data-srcset=\"https:\/\/ipmcmed.com\/wp-content\/uploads\/2025\/03\/ct-scan-03.jpg 1000w, https:\/\/ipmcmed.com\/wp-content\/uploads\/2025\/03\/ct-scan-03-300x300.jpg 300w, https:\/\/ipmcmed.com\/wp-content\/uploads\/2025\/03\/ct-scan-03-150x150.jpg 150w, https:\/\/ipmcmed.com\/wp-content\/uploads\/2025\/03\/ct-scan-03-768x768.jpg 768w\" \/><\/div><\/div><\/div>\t\t\t\t<\/div>\n\t\t\t\t<\/div>\n\t\t\t\t<div class=\"elementor-element elementor-element-fe7fe15 dt-nav-menu_align-left dt-sub-menu_align-left elementor-widget elementor-widget-the7_nav-menu\" data-id=\"fe7fe15\" data-element_type=\"widget\" data-settings=\"{&quot;submenu_display&quot;:&quot;always&quot;}\" data-widget_type=\"the7_nav-menu.default\">\n\t\t\t\t<div class=\"elementor-widget-container\">\n\t\t\t\t\t<nav class=\"dt-nav-menu--main dt-nav-menu__container dt-sub-menu-display-always dt-icon-align- dt-icon-position- dt-sub-icon-position- dt-sub-icon-align-\"><ul class=\"dt-nav-menu\"><li class=\"menu-item menu-item-type-post_type menu-item-object-page menu-item-37392 first depth-0\"><a href='https:\/\/ipmcmed.com\/cardiology\/' class=' mega-menu-img' data-level='1'><span class=\"item-content\"><svg xmlns=\"http:\/\/www.w3.org\/2000\/svg\" width=\"56\" height=\"56\" fill=\"#000000\" viewBox=\"0 0 256 256\"><path d=\"M224.49,136.49l-72,72a12,12,0,0,1-17-17L187,140H40a12,12,0,0,1,0-24H187L135.51,64.48a12,12,0,0,1,17-17l72,72A12,12,0,0,1,224.49,136.49Z\"><\/path><\/svg><span class=\"menu-item-text\"><span class=\"menu-text\">Cardiolog\u00eda<\/span><\/span><\/span><span class=\"\" data-icon = \"\"> <\/span><\/a><\/li> <li class=\"menu-item menu-item-type-post_type menu-item-object-page menu-item-37399 depth-0\"><a href='https:\/\/ipmcmed.com\/cardiology\/stress-test\/' class=' mega-menu-img' data-level='1'><span class=\"item-content\"><svg xmlns=\"http:\/\/www.w3.org\/2000\/svg\" width=\"56\" height=\"56\" fill=\"#000000\" viewBox=\"0 0 256 256\"><path d=\"M224.49,136.49l-72,72a12,12,0,0,1-17-17L187,140H40a12,12,0,0,1,0-24H187L135.51,64.48a12,12,0,0,1,17-17l72,72A12,12,0,0,1,224.49,136.49Z\"><\/path><\/svg><span class=\"menu-item-text\"><span class=\"menu-text\">Prueba de esfuerzo nuclear<\/span><\/span><\/span><span class=\"\" data-icon = \"\"> <\/span><\/a><\/li> <li class=\"menu-item menu-item-type-post_type menu-item-object-page menu-item-37400 depth-0\"><a href='https:\/\/ipmcmed.com\/cardiology\/stress-echo\/' class=' mega-menu-img' data-level='1'><span class=\"item-content\"><svg xmlns=\"http:\/\/www.w3.org\/2000\/svg\" width=\"56\" height=\"56\" fill=\"#000000\" viewBox=\"0 0 256 256\"><path d=\"M224.49,136.49l-72,72a12,12,0,0,1-17-17L187,140H40a12,12,0,0,1,0-24H187L135.51,64.48a12,12,0,0,1,17-17l72,72A12,12,0,0,1,224.49,136.49Z\"><\/path><\/svg><span class=\"menu-item-text\"><span class=\"menu-text\">Ecocardiograma de esfuerzo<\/span><\/span><\/span><span class=\"\" data-icon = \"\"> <\/span><\/a><\/li> <li class=\"menu-item menu-item-type-post_type menu-item-object-page menu-item-37395 depth-0\"><a href='https:\/\/ipmcmed.com\/cardiology\/echocardiography\/' class=' mega-menu-img' data-level='1'><span class=\"item-content\"><svg xmlns=\"http:\/\/www.w3.org\/2000\/svg\" width=\"56\" height=\"56\" fill=\"#000000\" viewBox=\"0 0 256 256\"><path d=\"M224.49,136.49l-72,72a12,12,0,0,1-17-17L187,140H40a12,12,0,0,1,0-24H187L135.51,64.48a12,12,0,0,1,17-17l72,72A12,12,0,0,1,224.49,136.49Z\"><\/path><\/svg><span class=\"menu-item-text\"><span class=\"menu-text\">Ecocardiograf\u00eda<\/span><\/span><\/span><span class=\"\" data-icon = \"\"> <\/span><\/a><\/li> <li class=\"menu-item menu-item-type-post_type menu-item-object-page menu-item-37393 depth-0\"><a href='https:\/\/ipmcmed.com\/cardiology\/cardiologists\/' class=' mega-menu-img' data-level='1'><span class=\"item-content\"><svg xmlns=\"http:\/\/www.w3.org\/2000\/svg\" width=\"56\" height=\"56\" fill=\"#000000\" viewBox=\"0 0 256 256\"><path d=\"M224.49,136.49l-72,72a12,12,0,0,1-17-17L187,140H40a12,12,0,0,1,0-24H187L135.51,64.48a12,12,0,0,1,17-17l72,72A12,12,0,0,1,224.49,136.49Z\"><\/path><\/svg><span class=\"menu-item-text\"><span class=\"menu-text\">Cardi\u00f3logos<\/span><\/span><\/span><span class=\"\" data-icon = \"\"> <\/span><\/a><\/li> <li class=\"menu-item menu-item-type-post_type menu-item-object-page menu-item-37397 depth-0\"><a href='https:\/\/ipmcmed.com\/cardiology\/stress-test-preparation\/' class=' mega-menu-img' data-level='1'><span class=\"item-content\"><svg xmlns=\"http:\/\/www.w3.org\/2000\/svg\" width=\"56\" height=\"56\" fill=\"#000000\" viewBox=\"0 0 256 256\"><path d=\"M224.49,136.49l-72,72a12,12,0,0,1-17-17L187,140H40a12,12,0,0,1,0-24H187L135.51,64.48a12,12,0,0,1,17-17l72,72A12,12,0,0,1,224.49,136.49Z\"><\/path><\/svg><span class=\"menu-item-text\"><span class=\"menu-text\">C\u00f3mo prepararse para prueba de estr\u00e9s nuclear<\/span><\/span><\/span><span class=\"\" data-icon = \"\"> <\/span><\/a><\/li> <li class=\"menu-item menu-item-type-post_type menu-item-object-page menu-item-37398 last depth-0\"><a href='https:\/\/ipmcmed.com\/cardiology\/stress-echo-preparation\/' class=' mega-menu-img' data-level='1'><span class=\"item-content\"><svg xmlns=\"http:\/\/www.w3.org\/2000\/svg\" width=\"56\" height=\"56\" fill=\"#000000\" viewBox=\"0 0 256 256\"><path d=\"M224.49,136.49l-72,72a12,12,0,0,1-17-17L187,140H40a12,12,0,0,1,0-24H187L135.51,64.48a12,12,0,0,1,17-17l72,72A12,12,0,0,1,224.49,136.49Z\"><\/path><\/svg><span class=\"menu-item-text\"><span class=\"menu-text\">C\u00f3mo prepararse para ecocardiograf\u00eda de esfuerzo<\/span><\/span><\/span><span class=\"\" data-icon = \"\"> <\/span><\/a><\/li> <\/ul><\/nav>\t\t\t\t<\/div>\n\t\t\t\t<\/div>\n\t\t\t\t<\/div>\n\t\t<div class=\"elementor-element elementor-element-ade6fd2 e-con-full e-flex e-con e-child\" data-id=\"ade6fd2\" data-element_type=\"container\">\n\t\t\t\t<div class=\"elementor-element elementor-element-224f6d2 elementor-widget-tablet__width-inherit elementor-widget elementor-widget-text-editor\" data-id=\"224f6d2\" data-element_type=\"widget\" data-widget_type=\"text-editor.default\">\n\t\t\t\t<div class=\"elementor-widget-container\">\n\t\t\t\t\t\t\t\t\tEs muy importante seguir estas instrucciones para que la prueba se realice de forma segura, adecuada y con resultados precisos.\t\t\t\t\t\t\t\t<\/div>\n\t\t\t\t<\/div>\n\t\t\t\t<div class=\"elementor-element elementor-element-c605116 elementor-widget-divider--view-line elementor-widget elementor-widget-divider\" data-id=\"c605116\" data-element_type=\"widget\" data-widget_type=\"divider.default\">\n\t\t\t\t<div class=\"elementor-widget-container\">\n\t\t\t\t\t\t\t<div class=\"elementor-divider\">\n\t\t\t<span class=\"elementor-divider-separator\">\n\t\t\t\t\t\t<\/span>\n\t\t<\/div>\n\t\t\t\t\t\t<\/div>\n\t\t\t\t<\/div>\n\t\t\t\t<div class=\"elementor-element elementor-element-9ba340e elementor-widget-tablet__width-inherit elementor-widget elementor-widget-text-editor\" data-id=\"9ba340e\" data-element_type=\"widget\" data-widget_type=\"text-editor.default\">\n\t\t\t\t<div class=\"elementor-widget-container\">\n\t\t\t\t\t\t\t\t\t<h4>\u00a1Sin cafe\u00edna!<\/h4><p>Evite cualquier producto que contenga cafe\u00edna, incluyendo refrescos, chocolate, bebidas energ\u00e9ticas, t\u00e9 y caf\u00e9 (incluso descafeinado), al menos 24 horas antes del examen.<\/p><h4>No tome medicamentos etabloqueadores durante las 24 horas previas a la prueba (consulte la lista de betabloqueadores m\u00e1s abajo).<\/h4><p>Lleve su medicamento betabloqueador con usted.<br \/>Si no est\u00e1 seguro de si est\u00e1 tomando un medicamento que debe evitarse, consulte la lista a continuaci\u00f3n y hable con su m\u00e9dico.<\/p><p><strong>Algunos medicamentos betabloqueadores incluyen:<\/strong><\/p><ul><li>Acebutolol, Atenolol, Betagan, Betapace, Betaxolol, Betimol, Betoptic, Bisoprolol, Blocadren, Brevibloc, Bystolic, Carteolol, Cardizem, Cartrol, Carvedilol, Coreg, Corgard, Esmolol, Inderal, Inderal-LA, InnoPran XL, Istalol, Kerlone, Labetalol, Levatol, Levobunolol, Lopressor, Metoprolol, Nadolol, Nebivolol, Normodyne, Ocupress, OptiPranolol, Penbutolol, Pindolol, Propranolol, Sectral, Sotalol, Tenormin, Timolol, Timoptic, Toprol-XL, Trandate, Verapamil, Visken, Zebeta, etc.<\/li><\/ul><hr class=\"the7-p-gap\" style=\"padding-bottom: 30px;\" \/><h4>Mant\u00e9ngase bien hidratado.<\/h4><p>Beba mucha agua, pero evite todas las dem\u00e1s bebidas.<\/p><p>Puede comer una comida ligera antes del examen, pero no coma en exceso.<\/p><hr class=\"the7-p-gap\" style=\"padding-bottom: 30px;\" \/><h4>Use ropa y calzado c\u00f3modos.<\/h4><p>Se le pedir\u00e1 que camine en una cinta de correr durante la prueba.<\/p><hr class=\"the7-p-gap\" style=\"padding-bottom: 30px;\" \/><h4>Si est\u00e1 embarazada.<\/h4><p>Si est\u00e1 embarazada, debe informar siempre a su m\u00e9dico antes de realizarse cualquier prueba.<\/p>\t\t\t\t\t\t\t\t<\/div>\n\t\t\t\t<\/div>\n\t\t\t\t<\/div>\n\t\t\t\t\t<\/div>\n\t\t\t\t<\/div>\n\t\t\t\t<\/div>\n\t\t<div class=\"elementor-element elementor-element-f501138 e-con-full e-flex e-con e-child\" data-id=\"f501138\" data-element_type=\"container\" data-settings=\"{&quot;background_background&quot;:&quot;classic&quot;}\">\n\t\t<div class=\"elementor-element elementor-element-510ef1d e-flex e-con-boxed e-con e-child\" data-id=\"510ef1d\" data-element_type=\"container\" data-settings=\"{&quot;background_background&quot;:&quot;gradient&quot;}\">\n\t\t\t\t\t<div class=\"e-con-inner\">\n\t\t<div class=\"elementor-element elementor-element-af09c09 e-flex e-con-boxed e-con e-child\" data-id=\"af09c09\" data-element_type=\"container\">\n\t\t\t\t\t<div class=\"e-con-inner\">\n\t\t\t\t<div class=\"elementor-element elementor-element-ef64662 elementor-widget-tablet__width-inherit elementor-widget__width-initial elementor-widget elementor-widget-the7-heading\" data-id=\"ef64662\" data-element_type=\"widget\" data-widget_type=\"the7-heading.default\">\n\t\t\t\t<div class=\"elementor-widget-container\">\n\t\t\t\t\t<div class=\"the7-heading-title elementor-size-default\">Easily schedule your visit. <\/div>\t\t\t\t<\/div>\n\t\t\t\t<\/div>\n\t\t\t\t<div class=\"elementor-element elementor-element-4be2455 elementor-widget-tablet__width-inherit elementor-widget elementor-widget-text-editor\" data-id=\"4be2455\" data-element_type=\"widget\" data-widget_type=\"text-editor.default\">\n\t\t\t\t<div class=\"elementor-widget-container\">\n\t\t\t\t\t\t\t\t\t<h2>Simply fill out the form, and our team will contact you to confirm your appointment.<\/h2>\t\t\t\t\t\t\t\t<\/div>\n\t\t\t\t<\/div>\n\t\t\t\t\t<\/div>\n\t\t\t\t<\/div>\n\t\t<div class=\"elementor-element elementor-element-bad4a18 e-con-fit e-flex e-con e-child\" data-id=\"bad4a18\" data-element_type=\"container\">\n\t\t\t\t<div class=\"elementor-element elementor-element-86d67d5 elementor-tablet-align-left elementor-widget elementor-widget-the7_button_widget\" data-id=\"86d67d5\" data-element_type=\"widget\" data-widget_type=\"the7_button_widget.default\">\n\t\t\t\t<div class=\"elementor-widget-container\">\n\t\t\t\t\t<div class=\"elementor-button-wrapper\"><a href=\"#elementor-action%3Aaction%3Dpopup%3Aopen%26settings%3DeyJpZCI6IjE3MDM5IiwidG9nZ2xlIjpmYWxzZX0%3D\" class=\"box-button elementor-button elementor-size-xl\">Request Appointment<\/a><\/div>\t\t\t\t<\/div>\n\t\t\t\t<\/div>\n\t\t\t\t<\/div>\n\t\t\t\t\t<\/div>\n\t\t\t\t<\/div>\n\t\t\t\t<\/div>\n\t\t\t\t<\/div>\n\t\t","protected":false},"excerpt":{"rendered":"<p>Es muy importante seguir estas instrucciones para que la prueba se realice de forma segura, adecuada y con resultados precisos. \u00a1Sin cafe\u00edna! Evite cualquier producto que contenga cafe\u00edna, incluyendo refrescos, chocolate, bebidas energ\u00e9ticas, t\u00e9 y caf\u00e9 (incluso descafeinado), al menos 24 horas antes del examen. No tome medicamentos etabloqueadores durante las 24 horas previas a&hellip;<\/p>\n","protected":false},"author":2,"featured_media":0,"parent":38894,"menu_order":3,"comment_status":"closed","ping_status":"closed","template":"","meta":{"footnotes":""},"class_list":["post-38786","page","type-page","status-publish","hentry"],"yoast_head":"<!-- This site is optimized with the Yoast SEO plugin v25.4 - https:\/\/yoast.com\/wordpress\/plugins\/seo\/ -->\n<title>C\u00f3mo prepararse para ecocardiograf\u00eda de esfuerzo - IPMC - Independent Physicians Medical Center<\/title>\n<meta name=\"robots\" content=\"index, follow, max-snippet:-1, max-image-preview:large, max-video-preview:-1\" \/>\n<link rel=\"canonical\" href=\"https:\/\/ipmcmed.com\/es\/cardiology\/stress-echo-preparation\/\" \/>\n<meta property=\"og:locale\" content=\"es_ES\" \/>\n<meta property=\"og:type\" content=\"article\" \/>\n<meta property=\"og:title\" content=\"C\u00f3mo prepararse para ecocardiograf\u00eda de esfuerzo - IPMC - Independent Physicians Medical Center\" \/>\n<meta property=\"og:description\" content=\"Es muy importante seguir estas instrucciones para que la prueba se realice de forma segura, adecuada y con resultados precisos. \u00a1Sin cafe\u00edna! Evite cualquier producto que contenga cafe\u00edna, incluyendo refrescos, chocolate, bebidas energ\u00e9ticas, t\u00e9 y caf\u00e9 (incluso descafeinado), al menos 24 horas antes del examen. No tome medicamentos etabloqueadores durante las 24 horas previas a&hellip;\" \/>\n<meta property=\"og:url\" content=\"https:\/\/ipmcmed.com\/es\/cardiology\/stress-echo-preparation\/\" \/>\n<meta property=\"og:site_name\" content=\"IPMC - Independent Physicians Medical Center\" \/>\n<meta property=\"article:modified_time\" content=\"2025-05-01T21:47:17+00:00\" \/>\n<meta name=\"twitter:card\" content=\"summary_large_image\" \/>\n<meta name=\"twitter:label1\" content=\"Tiempo de lectura\" \/>\n\t<meta name=\"twitter:data1\" content=\"2 minutos\" \/>\n<script type=\"application\/ld+json\" class=\"yoast-schema-graph\">{\"@context\":\"https:\/\/schema.org\",\"@graph\":[{\"@type\":\"WebPage\",\"@id\":\"https:\/\/ipmcmed.com\/es\/cardiology\/stress-echo-preparation\/\",\"url\":\"https:\/\/ipmcmed.com\/es\/cardiology\/stress-echo-preparation\/\",\"name\":\"C\u00f3mo prepararse para ecocardiograf\u00eda de esfuerzo - IPMC - Independent Physicians Medical Center\",\"isPartOf\":{\"@id\":\"https:\/\/ipmcmed.com\/es\/#website\"},\"datePublished\":\"2025-04-09T21:27:41+00:00\",\"dateModified\":\"2025-05-01T21:47:17+00:00\",\"breadcrumb\":{\"@id\":\"https:\/\/ipmcmed.com\/es\/cardiology\/stress-echo-preparation\/#breadcrumb\"},\"inLanguage\":\"es\",\"potentialAction\":[{\"@type\":\"ReadAction\",\"target\":[\"https:\/\/ipmcmed.com\/es\/cardiology\/stress-echo-preparation\/\"]}]},{\"@type\":\"BreadcrumbList\",\"@id\":\"https:\/\/ipmcmed.com\/es\/cardiology\/stress-echo-preparation\/#breadcrumb\",\"itemListElement\":[{\"@type\":\"ListItem\",\"position\":1,\"name\":\"Home\",\"item\":\"https:\/\/ipmcmed.com\/es\/\"},{\"@type\":\"ListItem\",\"position\":2,\"name\":\"Cardiolog\u00eda\",\"item\":\"https:\/\/ipmcmed.com\/es\/cardiology\/\"},{\"@type\":\"ListItem\",\"position\":3,\"name\":\"C\u00f3mo prepararse para ecocardiograf\u00eda de esfuerzo\"}]},{\"@type\":\"WebSite\",\"@id\":\"https:\/\/ipmcmed.com\/es\/#website\",\"url\":\"https:\/\/ipmcmed.com\/es\/\",\"name\":\"IPMC - Independent Physicians Medical Center\",\"description\":\"MRI, CT Scan, X-Ray, Ultrasound, Nuclear Medicine, Mammography, Dexa Scan, Cardiology, Health Clinic\",\"publisher\":{\"@id\":\"https:\/\/ipmcmed.com\/es\/#organization\"},\"potentialAction\":[{\"@type\":\"SearchAction\",\"target\":{\"@type\":\"EntryPoint\",\"urlTemplate\":\"https:\/\/ipmcmed.com\/es\/?s={search_term_string}\"},\"query-input\":{\"@type\":\"PropertyValueSpecification\",\"valueRequired\":true,\"valueName\":\"search_term_string\"}}],\"inLanguage\":\"es\"},{\"@type\":\"Organization\",\"@id\":\"https:\/\/ipmcmed.com\/es\/#organization\",\"name\":\"IPMC - Independent Physicians Medical Center\",\"url\":\"https:\/\/ipmcmed.com\/es\/\",\"logo\":{\"@type\":\"ImageObject\",\"inLanguage\":\"es\",\"@id\":\"https:\/\/ipmcmed.com\/es\/#\/schema\/logo\/image\/\",\"url\":\"https:\/\/ipmcmed.com\/wp-content\/uploads\/2025\/02\/ipmc-logo.png\",\"contentUrl\":\"https:\/\/ipmcmed.com\/wp-content\/uploads\/2025\/02\/ipmc-logo.png\",\"width\":600,\"height\":100,\"caption\":\"IPMC - Independent Physicians Medical Center\"},\"image\":{\"@id\":\"https:\/\/ipmcmed.com\/es\/#\/schema\/logo\/image\/\"}}]}<\/script>\n<!-- \/ Yoast SEO plugin. -->","yoast_head_json":{"title":"C\u00f3mo prepararse para ecocardiograf\u00eda de esfuerzo - IPMC - Independent Physicians Medical Center","robots":{"index":"index","follow":"follow","max-snippet":"max-snippet:-1","max-image-preview":"max-image-preview:large","max-video-preview":"max-video-preview:-1"},"canonical":"https:\/\/ipmcmed.com\/es\/cardiology\/stress-echo-preparation\/","og_locale":"es_ES","og_type":"article","og_title":"C\u00f3mo prepararse para ecocardiograf\u00eda de esfuerzo - IPMC - Independent Physicians Medical Center","og_description":"Es muy importante seguir estas instrucciones para que la prueba se realice de forma segura, adecuada y con resultados precisos. \u00a1Sin cafe\u00edna! Evite cualquier producto que contenga cafe\u00edna, incluyendo refrescos, chocolate, bebidas energ\u00e9ticas, t\u00e9 y caf\u00e9 (incluso descafeinado), al menos 24 horas antes del examen. No tome medicamentos etabloqueadores durante las 24 horas previas a&hellip;","og_url":"https:\/\/ipmcmed.com\/es\/cardiology\/stress-echo-preparation\/","og_site_name":"IPMC - Independent Physicians Medical Center","article_modified_time":"2025-05-01T21:47:17+00:00","twitter_card":"summary_large_image","twitter_misc":{"Tiempo de lectura":"2 minutos"},"schema":{"@context":"https:\/\/schema.org","@graph":[{"@type":"WebPage","@id":"https:\/\/ipmcmed.com\/es\/cardiology\/stress-echo-preparation\/","url":"https:\/\/ipmcmed.com\/es\/cardiology\/stress-echo-preparation\/","name":"C\u00f3mo prepararse para ecocardiograf\u00eda de esfuerzo - IPMC - Independent Physicians Medical Center","isPartOf":{"@id":"https:\/\/ipmcmed.com\/es\/#website"},"datePublished":"2025-04-09T21:27:41+00:00","dateModified":"2025-05-01T21:47:17+00:00","breadcrumb":{"@id":"https:\/\/ipmcmed.com\/es\/cardiology\/stress-echo-preparation\/#breadcrumb"},"inLanguage":"es","potentialAction":[{"@type":"ReadAction","target":["https:\/\/ipmcmed.com\/es\/cardiology\/stress-echo-preparation\/"]}]},{"@type":"BreadcrumbList","@id":"https:\/\/ipmcmed.com\/es\/cardiology\/stress-echo-preparation\/#breadcrumb","itemListElement":[{"@type":"ListItem","position":1,"name":"Home","item":"https:\/\/ipmcmed.com\/es\/"},{"@type":"ListItem","position":2,"name":"Cardiolog\u00eda","item":"https:\/\/ipmcmed.com\/es\/cardiology\/"},{"@type":"ListItem","position":3,"name":"C\u00f3mo prepararse para ecocardiograf\u00eda de esfuerzo"}]},{"@type":"WebSite","@id":"https:\/\/ipmcmed.com\/es\/#website","url":"https:\/\/ipmcmed.com\/es\/","name":"IPMC - Independent Physicians Medical Center","description":"MRI, CT Scan, X-Ray, Ultrasound, Nuclear Medicine, Mammography, Dexa Scan, Cardiology, Health Clinic","publisher":{"@id":"https:\/\/ipmcmed.com\/es\/#organization"},"potentialAction":[{"@type":"SearchAction","target":{"@type":"EntryPoint","urlTemplate":"https:\/\/ipmcmed.com\/es\/?s={search_term_string}"},"query-input":{"@type":"PropertyValueSpecification","valueRequired":true,"valueName":"search_term_string"}}],"inLanguage":"es"},{"@type":"Organization","@id":"https:\/\/ipmcmed.com\/es\/#organization","name":"IPMC - Independent Physicians Medical Center","url":"https:\/\/ipmcmed.com\/es\/","logo":{"@type":"ImageObject","inLanguage":"es","@id":"https:\/\/ipmcmed.com\/es\/#\/schema\/logo\/image\/","url":"https:\/\/ipmcmed.com\/wp-content\/uploads\/2025\/02\/ipmc-logo.png","contentUrl":"https:\/\/ipmcmed.com\/wp-content\/uploads\/2025\/02\/ipmc-logo.png","width":600,"height":100,"caption":"IPMC - Independent Physicians Medical Center"},"image":{"@id":"https:\/\/ipmcmed.com\/es\/#\/schema\/logo\/image\/"}}]}},"_links":{"self":[{"href":"https:\/\/ipmcmed.com\/es\/wp-json\/wp\/v2\/pages\/38786","targetHints":{"allow":["GET"]}}],"collection":[{"href":"https:\/\/ipmcmed.com\/es\/wp-json\/wp\/v2\/pages"}],"about":[{"href":"https:\/\/ipmcmed.com\/es\/wp-json\/wp\/v2\/types\/page"}],"author":[{"embeddable":true,"href":"https:\/\/ipmcmed.com\/es\/wp-json\/wp\/v2\/users\/2"}],"replies":[{"embeddable":true,"href":"https:\/\/ipmcmed.com\/es\/wp-json\/wp\/v2\/comments?post=38786"}],"version-history":[{"count":5,"href":"https:\/\/ipmcmed.com\/es\/wp-json\/wp\/v2\/pages\/38786\/revisions"}],"predecessor-version":[{"id":40843,"href":"https:\/\/ipmcmed.com\/es\/wp-json\/wp\/v2\/pages\/38786\/revisions\/40843"}],"up":[{"embeddable":true,"href":"https:\/\/ipmcmed.com\/es\/wp-json\/wp\/v2\/pages\/38894"}],"wp:attachment":[{"href":"https:\/\/ipmcmed.com\/es\/wp-json\/wp\/v2\/media?parent=38786"}],"curies":[{"name":"wp","href":"https:\/\/api.w.org\/{rel}","templated":true}]}}